{"id":8210,"date":"2025-06-29T10:18:16","date_gmt":"2025-06-29T08:18:16","guid":{"rendered":"https:\/\/uj.adatbank.ro\/lexikon\/termek\/foldvari-istvan\/"},"modified":"2025-06-29T10:18:16","modified_gmt":"2025-06-29T08:18:16","slug":"foldvari-istvan","status":"publish","type":"product","link":"https:\/\/uj.adatbank.ro\/lexikon\/termek\/foldvari-istvan\/","title":{"rendered":"F\u00d6LDV\u00c1RI Istv\u00e1n"},"content":{"rendered":"<p>? \u2020\u00a0? : tan\u00edt\u00f3. \u2013 Mv.-en subscrib\u00e1lt (1728), H\u00e9derf\u00e1j\u00e1n tan\u00edtott (1733). <br \/><strong>Irod.:<\/strong> K\u00fck\u00fcll\u0151i Ref. Egyh\u00e1zm. 2.<\/br><\/p>\n","protected":false},"excerpt":{"rendered":"<p>? \u2020\u00a0? : tan\u00edt\u00f3. \u2013 Mv.-en subscrib\u00e1lt (1728), H\u00e9derf\u00e1j\u00e1n tan\u00edtott (1733). Irod.: K\u00fck\u00fcll\u0151i Ref. Egyh\u00e1zm. 2.<\/p>\n","protected":false},"featured_media":0,"comment_status":"open","ping_status":"closed","template":"","meta":[],"product_brand":[],"product_cat":[137],"product_tag":[],"class_list":{"0":"post-8210","1":"product","2":"type-product","3":"status-publish","5":"product_cat-maros-megyei-eletrajzi-lexikon","7":"first","8":"instock","9":"shipping-taxable","10":"product-type-simple"},"_links":{"self":[{"href":"https:\/\/uj.adatbank.ro\/lexikon\/wp-json\/wp\/v2\/product\/8210","targetHints":{"allow":["GET"]}}],"collection":[{"href":"https:\/\/uj.adatbank.ro\/lexikon\/wp-json\/wp\/v2\/product"}],"about":[{"href":"https:\/\/uj.adatbank.ro\/lexikon\/wp-json\/wp\/v2\/types\/product"}],"replies":[{"embeddable":true,"href":"https:\/\/uj.adatbank.ro\/lexikon\/wp-json\/wp\/v2\/comments?post=8210"}],"wp:attachment":[{"href":"https:\/\/uj.adatbank.ro\/lexikon\/wp-json\/wp\/v2\/media?parent=8210"}],"wp:term":[{"taxonomy":"product_brand","embeddable":true,"href":"https:\/\/uj.adatbank.ro\/lexikon\/wp-json\/wp\/v2\/product_brand?post=8210"},{"taxonomy":"product_cat","embeddable":true,"href":"https:\/\/uj.adatbank.ro\/lexikon\/wp-json\/wp\/v2\/product_cat?post=8210"},{"taxonomy":"product_tag","embeddable":true,"href":"https:\/\/uj.adatbank.ro\/lexikon\/wp-json\/wp\/v2\/product_tag?post=8210"}],"curies":[{"name":"wp","href":"https:\/\/api.w.org\/{rel}","templated":true}]}}