{"id":8212,"date":"2025-06-29T10:18:19","date_gmt":"2025-06-29T08:18:19","guid":{"rendered":"https:\/\/uj.adatbank.ro\/lexikon\/termek\/foldvari-josef-tancsi-foldvary-jozsef\/"},"modified":"2025-06-29T10:18:19","modified_gmt":"2025-06-29T08:18:19","slug":"foldvari-josef-tancsi-foldvary-jozsef","status":"publish","type":"product","link":"https:\/\/uj.adatbank.ro\/lexikon\/termek\/foldvari-josef-tancsi-foldvary-jozsef\/","title":{"rendered":"F\u00d6LDV\u00c1RI J\u00f3sef, tancsi, F\u00f6ldv\u00e1ry J\u00f3zsef"},"content":{"rendered":"<p>1815.? \u2020\u00a0Sz\u00e1szn\u00e1das, 1882. j\u00fal. 14. Magyarnemegy\u00e9n a csal\u00e1di s\u00edrkertbe temett\u00e9k: f\u0151kapit\u00e1ny. \u2013 Feles\u00e9ge: hallerk\u0151i gr. Haller Kl\u00e1ra, Haller J\u00e1nos \u00e9s Kleist v. Kleisch Zsuzsa le\u00e1nya. Gyermekeik: F. J\u00e1nos; lrma, bethleni gr. Bethlen Aur\u00e9ln\u00e9. \u2013 A M. Ogy. Fels\u0151 h\u00e1za tagja, k\u0151v\u00e1rvid\u00e9k volt f\u0151kapit\u00e1nya, a sz\u00e9ki ref. egyh\u00e1zmegye f\u0151gondnoka. <br \/><strong>Irod.:<\/strong> Gy\u00e1szjelent\u0151; Haller J\u00f3zsef: C\u00e1folat \u00f6zv. F\u00f6ldv\u00e1ti J\u00f3zsefn\u00e9 gr. Haller M\u00e1ria \u00e1ltal Magyarnemegy\u00e9n 1887. m\u00e1rc. hav\u00e1ban kiadott L\u00e1z\u00e1r \u00c1d\u00e1m hites \u00fcgyv\u00e9d \u00e9s ogy.-i k\u00e9pvisel\u0151 \u00fcgyv\u00e9di \u00fczrelmeir\u0151l c. r\u00f6piratra (Sz\u00e9kelyudvarhely, 1887)<\/br><\/p>\n","protected":false},"excerpt":{"rendered":"<p>1815.? \u2020\u00a0Sz\u00e1szn\u00e1das, 1882. j\u00fal. 14. Magyarnemegy\u00e9n a csal\u00e1di s\u00edrkertbe temett\u00e9k: f\u0151kapit\u00e1ny. \u2013 Feles\u00e9ge: hallerk\u0151i gr. Haller Kl\u00e1ra, Haller J\u00e1nos \u00e9s Kleist v. Kleisch Zsuzsa le\u00e1nya. Gyermekeik: F. J\u00e1nos; lrma, bethleni gr. Bethlen Aur\u00e9ln\u00e9. \u2013 A M. Ogy. Fels\u0151 h\u00e1za tagja, k\u0151v\u00e1rvid\u00e9k volt f\u0151kapit\u00e1nya, a sz\u00e9ki ref. egyh\u00e1zmegye f\u0151gondnoka. Irod.: Gy\u00e1szjelent\u0151; Haller J\u00f3zsef: C\u00e1folat \u00f6zv. F\u00f6ldv\u00e1ti [&hellip;]<\/p>\n","protected":false},"featured_media":0,"comment_status":"open","ping_status":"closed","template":"","meta":[],"product_brand":[],"product_cat":[137],"product_tag":[],"class_list":{"0":"post-8212","1":"product","2":"type-product","3":"status-publish","5":"product_cat-maros-megyei-eletrajzi-lexikon","7":"first","8":"instock","9":"shipping-taxable","10":"product-type-simple"},"_links":{"self":[{"href":"https:\/\/uj.adatbank.ro\/lexikon\/wp-json\/wp\/v2\/product\/8212","targetHints":{"allow":["GET"]}}],"collection":[{"href":"https:\/\/uj.adatbank.ro\/lexikon\/wp-json\/wp\/v2\/product"}],"about":[{"href":"https:\/\/uj.adatbank.ro\/lexikon\/wp-json\/wp\/v2\/types\/product"}],"replies":[{"embeddable":true,"href":"https:\/\/uj.adatbank.ro\/lexikon\/wp-json\/wp\/v2\/comments?post=8212"}],"wp:attachment":[{"href":"https:\/\/uj.adatbank.ro\/lexikon\/wp-json\/wp\/v2\/media?parent=8212"}],"wp:term":[{"taxonomy":"product_brand","embeddable":true,"href":"https:\/\/uj.adatbank.ro\/lexikon\/wp-json\/wp\/v2\/product_brand?post=8212"},{"taxonomy":"product_cat","embeddable":true,"href":"https:\/\/uj.adatbank.ro\/lexikon\/wp-json\/wp\/v2\/product_cat?post=8212"},{"taxonomy":"product_tag","embeddable":true,"href":"https:\/\/uj.adatbank.ro\/lexikon\/wp-json\/wp\/v2\/product_tag?post=8212"}],"curies":[{"name":"wp","href":"https:\/\/api.w.org\/{rel}","templated":true}]}}