{"id":8213,"date":"2025-06-29T10:18:21","date_gmt":"2025-06-29T08:18:21","guid":{"rendered":"https:\/\/uj.adatbank.ro\/lexikon\/termek\/foldvari-pal\/"},"modified":"2025-06-29T10:18:21","modified_gmt":"2025-06-29T08:18:21","slug":"foldvari-pal","status":"publish","type":"product","link":"https:\/\/uj.adatbank.ro\/lexikon\/termek\/foldvari-pal\/","title":{"rendered":"F\u00d6LDV\u00c1RI P\u00e1l"},"content":{"rendered":"<p>? \u2020\u00a0? : nemes. \u2013 Tancsi unit. nemes, gyermekei nevel\u0151je B\u00e1gyoni P\u00e9ter volt (1671. okt. 8. \u2013). <br \/><strong>Irod.:<\/strong> K\u00e9nosi-Uzoni 2.<\/br><\/p>\n","protected":false},"excerpt":{"rendered":"<p>? \u2020\u00a0? : nemes. \u2013 Tancsi unit. nemes, gyermekei nevel\u0151je B\u00e1gyoni P\u00e9ter volt (1671. okt. 8. \u2013). Irod.: K\u00e9nosi-Uzoni 2.<\/p>\n","protected":false},"featured_media":0,"comment_status":"open","ping_status":"closed","template":"","meta":[],"product_brand":[],"product_cat":[137],"product_tag":[],"class_list":{"0":"post-8213","1":"product","2":"type-product","3":"status-publish","5":"product_cat-maros-megyei-eletrajzi-lexikon","7":"first","8":"instock","9":"shipping-taxable","10":"product-type-simple"},"_links":{"self":[{"href":"https:\/\/uj.adatbank.ro\/lexikon\/wp-json\/wp\/v2\/product\/8213","targetHints":{"allow":["GET"]}}],"collection":[{"href":"https:\/\/uj.adatbank.ro\/lexikon\/wp-json\/wp\/v2\/product"}],"about":[{"href":"https:\/\/uj.adatbank.ro\/lexikon\/wp-json\/wp\/v2\/types\/product"}],"replies":[{"embeddable":true,"href":"https:\/\/uj.adatbank.ro\/lexikon\/wp-json\/wp\/v2\/comments?post=8213"}],"wp:attachment":[{"href":"https:\/\/uj.adatbank.ro\/lexikon\/wp-json\/wp\/v2\/media?parent=8213"}],"wp:term":[{"taxonomy":"product_brand","embeddable":true,"href":"https:\/\/uj.adatbank.ro\/lexikon\/wp-json\/wp\/v2\/product_brand?post=8213"},{"taxonomy":"product_cat","embeddable":true,"href":"https:\/\/uj.adatbank.ro\/lexikon\/wp-json\/wp\/v2\/product_cat?post=8213"},{"taxonomy":"product_tag","embeddable":true,"href":"https:\/\/uj.adatbank.ro\/lexikon\/wp-json\/wp\/v2\/product_tag?post=8213"}],"curies":[{"name":"wp","href":"https:\/\/api.w.org\/{rel}","templated":true}]}}