{"id":8214,"date":"2025-06-29T10:18:23","date_gmt":"2025-06-29T08:18:23","guid":{"rendered":"https:\/\/uj.adatbank.ro\/lexikon\/termek\/foldvary-druzsina-gr-foldvari-druzsina-teleki-mihalyne\/"},"modified":"2025-06-29T10:18:23","modified_gmt":"2025-06-29T08:18:23","slug":"foldvary-druzsina-gr-foldvari-druzsina-teleki-mihalyne","status":"publish","type":"product","link":"https:\/\/uj.adatbank.ro\/lexikon\/termek\/foldvary-druzsina-gr-foldvari-druzsina-teleki-mihalyne\/","title":{"rendered":"F\u00d6LDV\u00c1RY Druzsina, gr., F\u00f6ldv\u00e1ri Druzsina; Teleki Mih\u00e1lyn\u00e9"},"content":{"rendered":"<p>? \u2020\u00a0?: birtokos f\u0151nemes. \u2013 Teleki Mih\u00e1ly (1756\u20131826) feles\u00e9ge. Apja F. Ferenc gr. \u2013 A mv.-i ref. Koll. beteg tanul\u00f3i sz\u00e1m\u00e1ra a ny\u00falasi \u00e9s s\u00e1rdi \u00faj fog\u00e1s d\u00e9zsm\u00e1it aj\u00e1nd\u00e9kozta (1810. \u00e1pr. 7.), amelyb\u0151l 60 frt. jutott a rendelt c\u00e9lra (1812). <br \/><strong>Irod.:<\/strong> Keresztes Gyula: \u00d6r\u00f6ks\u00e9g\u00fcnk 62.: A Mez\u0151s\u00e9g udvarh\u00e1zai (N\u00fa., 1994. aug. 12.); Koncz<\/br><\/p>\n","protected":false},"excerpt":{"rendered":"<p>? \u2020\u00a0?: birtokos f\u0151nemes. \u2013 Teleki Mih\u00e1ly (1756\u20131826) feles\u00e9ge. Apja F. Ferenc gr. \u2013 A mv.-i ref. Koll. beteg tanul\u00f3i sz\u00e1m\u00e1ra a ny\u00falasi \u00e9s s\u00e1rdi \u00faj fog\u00e1s d\u00e9zsm\u00e1it aj\u00e1nd\u00e9kozta (1810. \u00e1pr. 7.), amelyb\u0151l 60 frt. jutott a rendelt c\u00e9lra (1812). Irod.: Keresztes Gyula: \u00d6r\u00f6ks\u00e9g\u00fcnk 62.: A Mez\u0151s\u00e9g udvarh\u00e1zai (N\u00fa., 1994. aug. 12.); Koncz<\/p>\n","protected":false},"featured_media":0,"comment_status":"open","ping_status":"closed","template":"","meta":[],"product_brand":[],"product_cat":[137],"product_tag":[],"class_list":{"0":"post-8214","1":"product","2":"type-product","3":"status-publish","5":"product_cat-maros-megyei-eletrajzi-lexikon","7":"first","8":"instock","9":"shipping-taxable","10":"product-type-simple"},"_links":{"self":[{"href":"https:\/\/uj.adatbank.ro\/lexikon\/wp-json\/wp\/v2\/product\/8214","targetHints":{"allow":["GET"]}}],"collection":[{"href":"https:\/\/uj.adatbank.ro\/lexikon\/wp-json\/wp\/v2\/product"}],"about":[{"href":"https:\/\/uj.adatbank.ro\/lexikon\/wp-json\/wp\/v2\/types\/product"}],"replies":[{"embeddable":true,"href":"https:\/\/uj.adatbank.ro\/lexikon\/wp-json\/wp\/v2\/comments?post=8214"}],"wp:attachment":[{"href":"https:\/\/uj.adatbank.ro\/lexikon\/wp-json\/wp\/v2\/media?parent=8214"}],"wp:term":[{"taxonomy":"product_brand","embeddable":true,"href":"https:\/\/uj.adatbank.ro\/lexikon\/wp-json\/wp\/v2\/product_brand?post=8214"},{"taxonomy":"product_cat","embeddable":true,"href":"https:\/\/uj.adatbank.ro\/lexikon\/wp-json\/wp\/v2\/product_cat?post=8214"},{"taxonomy":"product_tag","embeddable":true,"href":"https:\/\/uj.adatbank.ro\/lexikon\/wp-json\/wp\/v2\/product_tag?post=8214"}],"curies":[{"name":"wp","href":"https:\/\/api.w.org\/{rel}","templated":true}]}}