{"id":8215,"date":"2025-06-29T10:18:26","date_gmt":"2025-06-29T08:18:26","guid":{"rendered":"https:\/\/uj.adatbank.ro\/lexikon\/termek\/foldvary-erzsebet-tancsi-foldvari-gr-toldalagi-mihalyne\/"},"modified":"2025-06-29T10:18:26","modified_gmt":"2025-06-29T08:18:26","slug":"foldvary-erzsebet-tancsi-foldvari-gr-toldalagi-mihalyne","status":"publish","type":"product","link":"https:\/\/uj.adatbank.ro\/lexikon\/termek\/foldvary-erzsebet-tancsi-foldvari-gr-toldalagi-mihalyne\/","title":{"rendered":"F\u00d6LDV\u00c1RY Erzs\u00e9bet, tancsi; F\u00f6ldv\u00e1ri; gr. Toldalagi Mih\u00e1lyn\u00e9"},"content":{"rendered":"<p>1697., \u2020 Koronka, 1748\u00a0: birtokos. \u2013 : Gr. nagyertsei Tholdalagi Mih\u00e1ly (1680., \u2020 1744 k.) m\u00e1sodik feles\u00e9ge, \u00f6zvegye. \u2013 <strong>F. m.:<\/strong> Aranyas vagy kereszt\u00e9ny \u00e1b\u00e9c\u00e9 (Kv., 1747). <br \/><strong>Irod.:<\/strong> R\u00f3th: Sz\u00fcletett nyelv\u00fcnk\u00f6n; Verest\u00f3i Gy\u00f6rgy: Holtakkal val\u00f3 bar\u00e1ts\u00e1g. (Kv., 1783)<\/br><\/p>\n","protected":false},"excerpt":{"rendered":"<p>1697., \u2020 Koronka, 1748\u00a0: birtokos. \u2013 : Gr. nagyertsei Tholdalagi Mih\u00e1ly (1680., \u2020 1744 k.) m\u00e1sodik feles\u00e9ge, \u00f6zvegye. \u2013 F. m.: Aranyas vagy kereszt\u00e9ny \u00e1b\u00e9c\u00e9 (Kv., 1747). Irod.: R\u00f3th: Sz\u00fcletett nyelv\u00fcnk\u00f6n; Verest\u00f3i Gy\u00f6rgy: Holtakkal val\u00f3 bar\u00e1ts\u00e1g. (Kv., 1783)<\/p>\n","protected":false},"featured_media":0,"comment_status":"open","ping_status":"closed","template":"","meta":[],"product_brand":[],"product_cat":[137],"product_tag":[],"class_list":{"0":"post-8215","1":"product","2":"type-product","3":"status-publish","5":"product_cat-maros-megyei-eletrajzi-lexikon","7":"first","8":"instock","9":"shipping-taxable","10":"product-type-simple"},"_links":{"self":[{"href":"https:\/\/uj.adatbank.ro\/lexikon\/wp-json\/wp\/v2\/product\/8215","targetHints":{"allow":["GET"]}}],"collection":[{"href":"https:\/\/uj.adatbank.ro\/lexikon\/wp-json\/wp\/v2\/product"}],"about":[{"href":"https:\/\/uj.adatbank.ro\/lexikon\/wp-json\/wp\/v2\/types\/product"}],"replies":[{"embeddable":true,"href":"https:\/\/uj.adatbank.ro\/lexikon\/wp-json\/wp\/v2\/comments?post=8215"}],"wp:attachment":[{"href":"https:\/\/uj.adatbank.ro\/lexikon\/wp-json\/wp\/v2\/media?parent=8215"}],"wp:term":[{"taxonomy":"product_brand","embeddable":true,"href":"https:\/\/uj.adatbank.ro\/lexikon\/wp-json\/wp\/v2\/product_brand?post=8215"},{"taxonomy":"product_cat","embeddable":true,"href":"https:\/\/uj.adatbank.ro\/lexikon\/wp-json\/wp\/v2\/product_cat?post=8215"},{"taxonomy":"product_tag","embeddable":true,"href":"https:\/\/uj.adatbank.ro\/lexikon\/wp-json\/wp\/v2\/product_tag?post=8215"}],"curies":[{"name":"wp","href":"https:\/\/api.w.org\/{rel}","templated":true}]}}