{"id":8217,"date":"2025-06-29T10:18:29","date_gmt":"2025-06-29T08:18:29","guid":{"rendered":"https:\/\/uj.adatbank.ro\/lexikon\/termek\/foldvary-ferenc-tancsi-gr-foldvari-ferenc\/"},"modified":"2025-06-29T10:18:29","modified_gmt":"2025-06-29T08:18:29","slug":"foldvary-ferenc-tancsi-gr-foldvari-ferenc","status":"publish","type":"product","link":"https:\/\/uj.adatbank.ro\/lexikon\/termek\/foldvary-ferenc-tancsi-gr-foldvari-ferenc\/","title":{"rendered":"F\u00d6LDV\u00c1RY Ferenc, tancsi gr., F\u00f6ldv\u00e1ri Ferenc"},"content":{"rendered":"<p>1700. febr. 13., \u2020 Nagyida, 1770. dec. 15.: f\u00f6ldbirtokos. \u2013 A tancsi templomban l\u00e9v\u0151 csal\u00e1di s\u00edrboltba temett\u00e9k (1771. febr. 10.). Halotti c\u00edmere a kv.-i Farkas utcai templomban tal\u00e1lhat\u00f3. \u2013 F. P\u00e1l \u00e9s harinai Farkas S\u00e1ra (\u20201783) fia. Feles\u00e9ge: gr. k\u00e1li Kun Erzs\u00e9bet (1727\u20131770). Le\u00e1nyuk gr. F. Drusina, Teleki Mih\u00e1lyn\u00e9. \u2013 A mv.-i Kir. T\u00e1bla tagja (1754\u201361). Gr\u00f3fi rangot kapott (1755), vele ki is halt a gr\u00f3fi \u00e1g. Ny\u00e1r\u00e1dg\u00e1lfalv\u00e1n volt birtoka. A tancsi ref. templomnak sz\u00f3sz\u00e9ket adom\u00e1nyozott (1758). Kv.-on volt f\u0151b\u00edr\u00f3, a M. Nyelvm\u00edvel\u0151 T\u00e1rsas\u00e1g t\u00e1mogat\u00f3ja. Farag\u00f3 faluban volt nagy birtoka, bels\u0151s\u00e9ge \u00e9s udvarh\u00e1za. Az 1732-es lelt\u00e1r szerint az udvarh\u00e1z mellett k\u00fcl\u00f6n\u00e1ll\u00f3an csel\u00e9dlak\u00e1s, gabon\u00e1s \u00e9s ist\u00e1l\u00f3 is \u00e9p\u00fclt. Le\u00e1nyuk h\u00e1zass\u00e1ga r\u00e9v\u00e9n a birtok a Telekiek tulajdon\u00e1ba ker\u00fclt, Teleki Mikl\u00f3s \u00e9s Guszt\u00e1v \u00f6r\u00f6k\u00f6lt\u00e9k a farag\u00f3i udvarh\u00e1zat. H\u00e1zat \u00e9p\u00edtetett Mv.-en a Poklos u. (1764\u2013), amit Seblauer P\u00e1l k\u00e9p\u00edr\u00f3val csinos\u00edtatott (1768). <br \/><strong>Irod.:<\/strong> B\u00e1lint Zsigmond 2010; Entz\u2013Kov\u00e1cs; Keresztes Gyula: \u00d6r\u00f6ks\u00e9g\u00fcnk 62.: A Mez\u0151s\u00e9g udvarh\u00e1zai (N\u00fa., 1994. aug. 12.); Kov\u00e1sznai; Lev\u00e9lt\u00e1ri gy\u00e1szj.; Orb\u00e1n J\u00e1nos: T\u00e1blab\u00edr\u00e1k, f\u0151nemesek, pall\u00e9rok \u00e9s h\u00e1zak: V\u00e1rosk\u00e9p \u00e9s t\u00e1rsadalom v\u00e1ltoz\u00e1sai Mv.-en a Kir\u00e1lyi T\u00e1bla bek\u00f6lt\u00f6z\u00e9se ut\u00e1n [1754] =  K\u00f6nyvek \u00e1ltal.<\/br><\/p>\n","protected":false},"excerpt":{"rendered":"<p>1700. febr. 13., \u2020 Nagyida, 1770. dec. 15.: f\u00f6ldbirtokos. \u2013 A tancsi templomban l\u00e9v\u0151 csal\u00e1di s\u00edrboltba temett\u00e9k (1771. febr. 10.). Halotti c\u00edmere a kv.-i Farkas utcai templomban tal\u00e1lhat\u00f3. \u2013 F. P\u00e1l \u00e9s harinai Farkas S\u00e1ra (\u20201783) fia. Feles\u00e9ge: gr. k\u00e1li Kun Erzs\u00e9bet (1727\u20131770). Le\u00e1nyuk gr. F. Drusina, Teleki Mih\u00e1lyn\u00e9. \u2013 A mv.-i Kir. T\u00e1bla tagja [&hellip;]<\/p>\n","protected":false},"featured_media":0,"comment_status":"open","ping_status":"closed","template":"","meta":[],"product_brand":[],"product_cat":[137],"product_tag":[],"class_list":{"0":"post-8217","1":"product","2":"type-product","3":"status-publish","5":"product_cat-maros-megyei-eletrajzi-lexikon","7":"first","8":"instock","9":"shipping-taxable","10":"product-type-simple"},"_links":{"self":[{"href":"https:\/\/uj.adatbank.ro\/lexikon\/wp-json\/wp\/v2\/product\/8217","targetHints":{"allow":["GET"]}}],"collection":[{"href":"https:\/\/uj.adatbank.ro\/lexikon\/wp-json\/wp\/v2\/product"}],"about":[{"href":"https:\/\/uj.adatbank.ro\/lexikon\/wp-json\/wp\/v2\/types\/product"}],"replies":[{"embeddable":true,"href":"https:\/\/uj.adatbank.ro\/lexikon\/wp-json\/wp\/v2\/comments?post=8217"}],"wp:attachment":[{"href":"https:\/\/uj.adatbank.ro\/lexikon\/wp-json\/wp\/v2\/media?parent=8217"}],"wp:term":[{"taxonomy":"product_brand","embeddable":true,"href":"https:\/\/uj.adatbank.ro\/lexikon\/wp-json\/wp\/v2\/product_brand?post=8217"},{"taxonomy":"product_cat","embeddable":true,"href":"https:\/\/uj.adatbank.ro\/lexikon\/wp-json\/wp\/v2\/product_cat?post=8217"},{"taxonomy":"product_tag","embeddable":true,"href":"https:\/\/uj.adatbank.ro\/lexikon\/wp-json\/wp\/v2\/product_tag?post=8217"}],"curies":[{"name":"wp","href":"https:\/\/api.w.org\/{rel}","templated":true}]}}