{"id":8218,"date":"2025-06-29T10:18:30","date_gmt":"2025-06-29T08:18:30","guid":{"rendered":"https:\/\/uj.adatbank.ro\/lexikon\/termek\/foldvary-gyorgy\/"},"modified":"2025-06-29T10:18:30","modified_gmt":"2025-06-29T08:18:30","slug":"foldvary-gyorgy","status":"publish","type":"product","link":"https:\/\/uj.adatbank.ro\/lexikon\/termek\/foldvary-gyorgy\/","title":{"rendered":"F\u00d6LDV\u00c1RY Gy\u00f6rgy"},"content":{"rendered":"<p>? \u2020\u00a0? : tancsi k\u00f6vet, \u00fcln\u00f6k. \u2013 Feles\u00e9ge: Kleist v. Kleisch Zsuzsa. \u2013 Kir. t\u00e1blai \u00fcln\u00f6k (1847\u201348). Kir. hivatalos az erd\u00e9lyi 1848. \u00e9vi utols\u00f3 rendi ogy.-en (Kv., 1848. m\u00e1j. 29. -j\u00fal. 18.). <br \/><strong>Irod.:<\/strong> Egyed \u00c1.: Erd\u00e9ly 1848. ogy.; Az Erd\u00e9lyi Nagyfejedelems\u00e9g Kv. v\u00e1ros\u00e1ba 1846. szept. 9. k\u00f6z\u00f6ns\u00e9ges gy\u0171l\u00e9sre \u00f6sszeh\u00edvott tek. nemes rendeinek n\u00e9vsora \u00e9s kirendelt sz\u00e1ll\u00e1saiknak kimutat\u00e1sa (Kv., 1848); UIL<\/br><\/p>\n","protected":false},"excerpt":{"rendered":"<p>? \u2020\u00a0? : tancsi k\u00f6vet, \u00fcln\u00f6k. \u2013 Feles\u00e9ge: Kleist v. Kleisch Zsuzsa. \u2013 Kir. t\u00e1blai \u00fcln\u00f6k (1847\u201348). Kir. hivatalos az erd\u00e9lyi 1848. \u00e9vi utols\u00f3 rendi ogy.-en (Kv., 1848. m\u00e1j. 29. -j\u00fal. 18.). Irod.: Egyed \u00c1.: Erd\u00e9ly 1848. ogy.; Az Erd\u00e9lyi Nagyfejedelems\u00e9g Kv. v\u00e1ros\u00e1ba 1846. szept. 9. k\u00f6z\u00f6ns\u00e9ges gy\u0171l\u00e9sre \u00f6sszeh\u00edvott tek. nemes rendeinek n\u00e9vsora \u00e9s kirendelt [&hellip;]<\/p>\n","protected":false},"featured_media":0,"comment_status":"open","ping_status":"closed","template":"","meta":[],"product_brand":[],"product_cat":[137],"product_tag":[],"class_list":{"0":"post-8218","1":"product","2":"type-product","3":"status-publish","5":"product_cat-maros-megyei-eletrajzi-lexikon","7":"first","8":"instock","9":"shipping-taxable","10":"product-type-simple"},"_links":{"self":[{"href":"https:\/\/uj.adatbank.ro\/lexikon\/wp-json\/wp\/v2\/product\/8218","targetHints":{"allow":["GET"]}}],"collection":[{"href":"https:\/\/uj.adatbank.ro\/lexikon\/wp-json\/wp\/v2\/product"}],"about":[{"href":"https:\/\/uj.adatbank.ro\/lexikon\/wp-json\/wp\/v2\/types\/product"}],"replies":[{"embeddable":true,"href":"https:\/\/uj.adatbank.ro\/lexikon\/wp-json\/wp\/v2\/comments?post=8218"}],"wp:attachment":[{"href":"https:\/\/uj.adatbank.ro\/lexikon\/wp-json\/wp\/v2\/media?parent=8218"}],"wp:term":[{"taxonomy":"product_brand","embeddable":true,"href":"https:\/\/uj.adatbank.ro\/lexikon\/wp-json\/wp\/v2\/product_brand?post=8218"},{"taxonomy":"product_cat","embeddable":true,"href":"https:\/\/uj.adatbank.ro\/lexikon\/wp-json\/wp\/v2\/product_cat?post=8218"},{"taxonomy":"product_tag","embeddable":true,"href":"https:\/\/uj.adatbank.ro\/lexikon\/wp-json\/wp\/v2\/product_tag?post=8218"}],"curies":[{"name":"wp","href":"https:\/\/api.w.org\/{rel}","templated":true}]}}