{"id":8219,"date":"2025-06-29T10:18:31","date_gmt":"2025-06-29T08:18:31","guid":{"rendered":"https:\/\/uj.adatbank.ro\/lexikon\/termek\/foldvary-karoly\/"},"modified":"2025-06-29T10:18:31","modified_gmt":"2025-06-29T08:18:31","slug":"foldvary-karoly","status":"publish","type":"product","link":"https:\/\/uj.adatbank.ro\/lexikon\/termek\/foldvary-karoly\/","title":{"rendered":"F\u00d6LDV\u00c1RY K\u00e1roly"},"content":{"rendered":"<p>? \u2020\u00a0? : honv\u00e9dezredes. \u2013 Feles\u00e9ge: Turi Borb\u00e1la. \u2013 Mv.-en \u00e1llom\u00e1sozott mint z\u00e1szl\u00f3tart\u00f3 (1830 k.). Vit\u00e9z\u00fcl k\u00fczd\u00f6tt (1848\u201349). <br \/><strong>Irod.:<\/strong> P\u00e1lffy<\/br><\/p>\n","protected":false},"excerpt":{"rendered":"<p>? \u2020\u00a0? : honv\u00e9dezredes. \u2013 Feles\u00e9ge: Turi Borb\u00e1la. \u2013 Mv.-en \u00e1llom\u00e1sozott mint z\u00e1szl\u00f3tart\u00f3 (1830 k.). Vit\u00e9z\u00fcl k\u00fczd\u00f6tt (1848\u201349). Irod.: P\u00e1lffy<\/p>\n","protected":false},"featured_media":0,"comment_status":"open","ping_status":"closed","template":"","meta":[],"product_brand":[],"product_cat":[137],"product_tag":[],"class_list":{"0":"post-8219","1":"product","2":"type-product","3":"status-publish","5":"product_cat-maros-megyei-eletrajzi-lexikon","7":"first","8":"instock","9":"shipping-taxable","10":"product-type-simple"},"_links":{"self":[{"href":"https:\/\/uj.adatbank.ro\/lexikon\/wp-json\/wp\/v2\/product\/8219","targetHints":{"allow":["GET"]}}],"collection":[{"href":"https:\/\/uj.adatbank.ro\/lexikon\/wp-json\/wp\/v2\/product"}],"about":[{"href":"https:\/\/uj.adatbank.ro\/lexikon\/wp-json\/wp\/v2\/types\/product"}],"replies":[{"embeddable":true,"href":"https:\/\/uj.adatbank.ro\/lexikon\/wp-json\/wp\/v2\/comments?post=8219"}],"wp:attachment":[{"href":"https:\/\/uj.adatbank.ro\/lexikon\/wp-json\/wp\/v2\/media?parent=8219"}],"wp:term":[{"taxonomy":"product_brand","embeddable":true,"href":"https:\/\/uj.adatbank.ro\/lexikon\/wp-json\/wp\/v2\/product_brand?post=8219"},{"taxonomy":"product_cat","embeddable":true,"href":"https:\/\/uj.adatbank.ro\/lexikon\/wp-json\/wp\/v2\/product_cat?post=8219"},{"taxonomy":"product_tag","embeddable":true,"href":"https:\/\/uj.adatbank.ro\/lexikon\/wp-json\/wp\/v2\/product_tag?post=8219"}],"curies":[{"name":"wp","href":"https:\/\/api.w.org\/{rel}","templated":true}]}}