{"id":8220,"date":"2025-06-29T10:18:35","date_gmt":"2025-06-29T08:18:35","guid":{"rendered":"https:\/\/uj.adatbank.ro\/lexikon\/termek\/foldvary-mihaly-tancsi-foldvari-mihaly\/"},"modified":"2025-06-29T10:18:35","modified_gmt":"2025-06-29T08:18:35","slug":"foldvary-mihaly-tancsi-foldvari-mihaly","status":"publish","type":"product","link":"https:\/\/uj.adatbank.ro\/lexikon\/termek\/foldvary-mihaly-tancsi-foldvari-mihaly\/","title":{"rendered":"F\u00d6LDV\u00c1RY Mih\u00e1ly, tancsi, F\u00f6ldv\u00e1ri Mih\u00e1ly"},"content":{"rendered":"<p>1763.? \u2020\u00a0Bal\u00e1stelke, 1831. okt. 17.: b\u00edr\u00f3. \u2013 Feles\u00e9ge: Miske Zsuzs\u00e1nna. Fi\u00fak: Farkas \u00edt\u00e9l\u0151mester (1841), a f\u0151korm\u00e1nysz\u00e9ki tan\u00e1csos (1842), majd mag\u00e1n\u00e9letet \u00e9lt. \u2013 K\u00fck\u00fcll\u0151 v\u00e1rmegye f\u0151jegyz\u0151je (1794). Az erd\u00e9lyi kir. t\u00e1blab\u00edr\u00e1ja (14 \u00e9vig). C\u00ederpecs\u00e9tje (1764 \u00e9s 1788 b\u00f3l) a gr. Teleki-lev\u00e9lt\u00e1rban volt Mv.-en. A K\u00fck\u00fcll\u0151i ref. ekl\u00e9zsia egyik f\u0151 felvigy\u00e1z\u00f3ja. <br \/><strong>Irod.:<\/strong> Kempelen; Lev\u00e9lt\u00e1ri gy\u00e1szj.; Nagy Iv\u00e1n<\/br><\/p>\n","protected":false},"excerpt":{"rendered":"<p>1763.? \u2020\u00a0Bal\u00e1stelke, 1831. okt. 17.: b\u00edr\u00f3. \u2013 Feles\u00e9ge: Miske Zsuzs\u00e1nna. Fi\u00fak: Farkas \u00edt\u00e9l\u0151mester (1841), a f\u0151korm\u00e1nysz\u00e9ki tan\u00e1csos (1842), majd mag\u00e1n\u00e9letet \u00e9lt. \u2013 K\u00fck\u00fcll\u0151 v\u00e1rmegye f\u0151jegyz\u0151je (1794). Az erd\u00e9lyi kir. t\u00e1blab\u00edr\u00e1ja (14 \u00e9vig). C\u00ederpecs\u00e9tje (1764 \u00e9s 1788 b\u00f3l) a gr. Teleki-lev\u00e9lt\u00e1rban volt Mv.-en. A K\u00fck\u00fcll\u0151i ref. ekl\u00e9zsia egyik f\u0151 felvigy\u00e1z\u00f3ja. Irod.: Kempelen; Lev\u00e9lt\u00e1ri gy\u00e1szj.; Nagy Iv\u00e1n<\/p>\n","protected":false},"featured_media":0,"comment_status":"open","ping_status":"closed","template":"","meta":[],"product_brand":[],"product_cat":[137],"product_tag":[],"class_list":{"0":"post-8220","1":"product","2":"type-product","3":"status-publish","5":"product_cat-maros-megyei-eletrajzi-lexikon","7":"first","8":"instock","9":"shipping-taxable","10":"product-type-simple"},"_links":{"self":[{"href":"https:\/\/uj.adatbank.ro\/lexikon\/wp-json\/wp\/v2\/product\/8220","targetHints":{"allow":["GET"]}}],"collection":[{"href":"https:\/\/uj.adatbank.ro\/lexikon\/wp-json\/wp\/v2\/product"}],"about":[{"href":"https:\/\/uj.adatbank.ro\/lexikon\/wp-json\/wp\/v2\/types\/product"}],"replies":[{"embeddable":true,"href":"https:\/\/uj.adatbank.ro\/lexikon\/wp-json\/wp\/v2\/comments?post=8220"}],"wp:attachment":[{"href":"https:\/\/uj.adatbank.ro\/lexikon\/wp-json\/wp\/v2\/media?parent=8220"}],"wp:term":[{"taxonomy":"product_brand","embeddable":true,"href":"https:\/\/uj.adatbank.ro\/lexikon\/wp-json\/wp\/v2\/product_brand?post=8220"},{"taxonomy":"product_cat","embeddable":true,"href":"https:\/\/uj.adatbank.ro\/lexikon\/wp-json\/wp\/v2\/product_cat?post=8220"},{"taxonomy":"product_tag","embeddable":true,"href":"https:\/\/uj.adatbank.ro\/lexikon\/wp-json\/wp\/v2\/product_tag?post=8220"}],"curies":[{"name":"wp","href":"https:\/\/api.w.org\/{rel}","templated":true}]}}