{"id":8221,"date":"2025-06-29T10:18:39","date_gmt":"2025-06-29T08:18:39","guid":{"rendered":"https:\/\/uj.adatbank.ro\/lexikon\/termek\/foldvary-miklos-foldvari-miklos\/"},"modified":"2025-06-29T10:18:39","modified_gmt":"2025-06-29T08:18:39","slug":"foldvary-miklos-foldvari-miklos","status":"publish","type":"product","link":"https:\/\/uj.adatbank.ro\/lexikon\/termek\/foldvary-miklos-foldvari-miklos\/","title":{"rendered":"F\u00d6LDV\u00c1RY Mikl\u00f3s, F\u00f6ldv\u00e1ri Mikl\u00f3s"},"content":{"rendered":"<p>? \u2020\u00a0? : t\u00e1bornok. \u2013 A F. csal\u00e1d \u0151se, M\u00e1ty\u00e1s kir\u00e1ly t\u00e1bornoka volt (1490). <br \/><strong>Irod.:<\/strong> Keresztes Gyula: \u00d6r\u00f6ks\u00e9g\u00fcnk 62.: A Mez\u0151s\u00e9g udvarh\u00e1zai (N\u00fa., 1994. aug. 12.)<\/br><\/p>\n","protected":false},"excerpt":{"rendered":"<p>? \u2020\u00a0? : t\u00e1bornok. \u2013 A F. csal\u00e1d \u0151se, M\u00e1ty\u00e1s kir\u00e1ly t\u00e1bornoka volt (1490). Irod.: Keresztes Gyula: \u00d6r\u00f6ks\u00e9g\u00fcnk 62.: A Mez\u0151s\u00e9g udvarh\u00e1zai (N\u00fa., 1994. aug. 12.)<\/p>\n","protected":false},"featured_media":0,"comment_status":"open","ping_status":"closed","template":"","meta":[],"product_brand":[],"product_cat":[137],"product_tag":[],"class_list":{"0":"post-8221","1":"product","2":"type-product","3":"status-publish","5":"product_cat-maros-megyei-eletrajzi-lexikon","7":"first","8":"instock","9":"shipping-taxable","10":"product-type-simple"},"_links":{"self":[{"href":"https:\/\/uj.adatbank.ro\/lexikon\/wp-json\/wp\/v2\/product\/8221","targetHints":{"allow":["GET"]}}],"collection":[{"href":"https:\/\/uj.adatbank.ro\/lexikon\/wp-json\/wp\/v2\/product"}],"about":[{"href":"https:\/\/uj.adatbank.ro\/lexikon\/wp-json\/wp\/v2\/types\/product"}],"replies":[{"embeddable":true,"href":"https:\/\/uj.adatbank.ro\/lexikon\/wp-json\/wp\/v2\/comments?post=8221"}],"wp:attachment":[{"href":"https:\/\/uj.adatbank.ro\/lexikon\/wp-json\/wp\/v2\/media?parent=8221"}],"wp:term":[{"taxonomy":"product_brand","embeddable":true,"href":"https:\/\/uj.adatbank.ro\/lexikon\/wp-json\/wp\/v2\/product_brand?post=8221"},{"taxonomy":"product_cat","embeddable":true,"href":"https:\/\/uj.adatbank.ro\/lexikon\/wp-json\/wp\/v2\/product_cat?post=8221"},{"taxonomy":"product_tag","embeddable":true,"href":"https:\/\/uj.adatbank.ro\/lexikon\/wp-json\/wp\/v2\/product_tag?post=8221"}],"curies":[{"name":"wp","href":"https:\/\/api.w.org\/{rel}","templated":true}]}}