{"id":8224,"date":"2025-06-29T10:18:46","date_gmt":"2025-06-29T08:18:46","guid":{"rendered":"https:\/\/uj.adatbank.ro\/lexikon\/termek\/folea-basilu\/"},"modified":"2025-06-29T10:18:46","modified_gmt":"2025-06-29T08:18:46","slug":"folea-basilu","status":"publish","type":"product","link":"https:\/\/uj.adatbank.ro\/lexikon\/termek\/folea-basilu\/","title":{"rendered":"FOLEA Basilu"},"content":{"rendered":"<p>? \u2020\u00a0? : g\u00f6r. kat. pap. \u2013 Gyul\u00e1son szolg\u00e1lt (1893\u20131927). Szolg\u00e1lata idej\u00e9ben \u00e9p\u00fclt a g\u00f6r. kat. k\u0151templom, amelyet a szent arkangyaloknak aj\u00e1lottak. A falub\u00f3l elsz\u00e1rmazott, \u00e9s id\u0151k\u00f6zben a havasalf\u00f6ldi Negru\u0163 boj\u00e1rhoz feles\u00e9g\u00fcl ment, Maria Nefta Negru\u0163 asszony, anyagi t\u00e1mogat\u00e1s\u00e1val tudt\u00e1k befejezni (1894\u201396). <br \/><strong>Irod.:<\/strong> Giulu\u015f; Ogra<\/br><\/p>\n","protected":false},"excerpt":{"rendered":"<p>? \u2020\u00a0? : g\u00f6r. kat. pap. \u2013 Gyul\u00e1son szolg\u00e1lt (1893\u20131927). Szolg\u00e1lata idej\u00e9ben \u00e9p\u00fclt a g\u00f6r. kat. k\u0151templom, amelyet a szent arkangyaloknak aj\u00e1lottak. A falub\u00f3l elsz\u00e1rmazott, \u00e9s id\u0151k\u00f6zben a havasalf\u00f6ldi Negru\u0163 boj\u00e1rhoz feles\u00e9g\u00fcl ment, Maria Nefta Negru\u0163 asszony, anyagi t\u00e1mogat\u00e1s\u00e1val tudt\u00e1k befejezni (1894\u201396). Irod.: Giulu\u015f; Ogra<\/p>\n","protected":false},"featured_media":0,"comment_status":"open","ping_status":"closed","template":"","meta":[],"product_brand":[],"product_cat":[137],"product_tag":[],"class_list":{"0":"post-8224","1":"product","2":"type-product","3":"status-publish","5":"product_cat-maros-megyei-eletrajzi-lexikon","7":"first","8":"instock","9":"shipping-taxable","10":"product-type-simple"},"_links":{"self":[{"href":"https:\/\/uj.adatbank.ro\/lexikon\/wp-json\/wp\/v2\/product\/8224","targetHints":{"allow":["GET"]}}],"collection":[{"href":"https:\/\/uj.adatbank.ro\/lexikon\/wp-json\/wp\/v2\/product"}],"about":[{"href":"https:\/\/uj.adatbank.ro\/lexikon\/wp-json\/wp\/v2\/types\/product"}],"replies":[{"embeddable":true,"href":"https:\/\/uj.adatbank.ro\/lexikon\/wp-json\/wp\/v2\/comments?post=8224"}],"wp:attachment":[{"href":"https:\/\/uj.adatbank.ro\/lexikon\/wp-json\/wp\/v2\/media?parent=8224"}],"wp:term":[{"taxonomy":"product_brand","embeddable":true,"href":"https:\/\/uj.adatbank.ro\/lexikon\/wp-json\/wp\/v2\/product_brand?post=8224"},{"taxonomy":"product_cat","embeddable":true,"href":"https:\/\/uj.adatbank.ro\/lexikon\/wp-json\/wp\/v2\/product_cat?post=8224"},{"taxonomy":"product_tag","embeddable":true,"href":"https:\/\/uj.adatbank.ro\/lexikon\/wp-json\/wp\/v2\/product_tag?post=8224"}],"curies":[{"name":"wp","href":"https:\/\/api.w.org\/{rel}","templated":true}]}}