{"id":8225,"date":"2025-06-29T10:18:48","date_gmt":"2025-06-29T08:18:48","guid":{"rendered":"https:\/\/uj.adatbank.ro\/lexikon\/termek\/folea-emil-%c2%a7-follea-emil\/"},"modified":"2025-06-29T10:18:48","modified_gmt":"2025-06-29T08:18:48","slug":"folea-emil-%c2%a7-follea-emil","status":"publish","type":"product","link":"https:\/\/uj.adatbank.ro\/lexikon\/termek\/folea-emil-%c2%a7-follea-emil\/","title":{"rendered":"FOLEA Emil, \u00a7 Follea Emil"},"content":{"rendered":"<p>Magyars\u00fcllye, 1887. jan. 30., \u2020\u00a0Dics\u0151szentm\u00e1rton, 1943. m\u00e1j. 21.: \u00fcgyv\u00e9d, politikus, f\u0151isp\u00e1n, lapszerkeszt\u0151. \u2013 A bal\u00e1zsfalvi g. kat gimn\u00e1ziumban \u00e9retts\u00e9gizett. A Fiatalok Olvas\u00f3k\u00f6ri T\u00e1rsas\u00e1g\u00e1nak eln\u00f6ke (1905). A Vancea Alap\u00edtv\u00e1ny \u00e9s a Transilvania T\u00e1rsas\u00e1g \u00f6szt\u00f6nd\u00edjasa. A \u015eulu\u0163ean Alap\u00edtv\u00e1ny t\u00e1mogat\u00e1s\u00e1val Kv.-on jogot v\u00e9gzett (1906\u201310). Doktor\u00e1lt (1912). \u00dcgyv\u00e9di irod\u00e1t nyitott Dics\u0151szentm\u00e1rtonban (1913). Az ASTRA tagja (1913\u2013). A rom\u00e1n nemzetis\u00e9gi t\u00f6rekv\u00e9sek \u00e9lharcosa, tagja a Rom\u00e1n Nemzeti Tan\u00e1cs megyei vezet\u0151s\u00e9g\u00e9nek, a nemzeti mozgalom ir\u00e1ny\u00edt\u00f3ja. R\u00e9szt vett a gyulafeh\u00e9rv\u00e1ri n\u00e9pgy\u0171l\u00e9sen (1918. dec 1.). Az egyes\u00fcl\u00e9s ut\u00e1n megalak\u00edtotta a Nemzeti Liber\u00e1lis P\u00e1rt megyei szervezet\u00e9t, annak eln\u00f6ke (1921\u201328), f\u0151titk\u00e1ra (1929\u201333), aleln\u00f6ke (1933\u201337). Kisk\u00fck\u00fcll\u0151megye prefektusa (1920- k\u00e9t h\u00e9tig, 1922\u201326), parlamenti k\u00e9pvisel\u0151 (1927\u201328; 1934\u201337). Dics\u0151szentm\u00e1rton polg\u00e1rmestere (1939). \u0150 vezette be a rom\u00e1n k\u00f6zigazgat\u00e1st a megy\u00e9ben: tev\u00e9kenykedett a f\u00f6ldreform, iskola\u00fcgy, egyh\u00e1z\u00fcgy, kult\u00fara, gazdas\u00e1gi- p\u00e9nz\u00fcgyi- ipari l\u00e9tes\u00edtm\u00e9nyek ir\u00e1ny\u00edt\u00e1s\u00e1ban. Szerepe volt az els\u0151 helyi rom\u00e1n lap kiad\u00e1s\u00e1ban Rom\u00e2nul T\u00e2rn\u0103vean c. (1910), a T\u00e2rnava \u00e9s a Foaie politic\u0103, social\u0103 \u015fi na\u0163. din T\u00e2rn\u0103veni c lap felel\u0151s szerkeszt\u0151je (1936\u201338). <strong>Kit\u00fcntet\u00e9sei:<\/strong> A Rom\u00e1n Korona Rendje parancsnok \u00e9s tiszti \u00e9rem, Ipari \u00e9s Kereskedelmi \u00e9rdem I. o. \u2013 <strong>F. m.:<\/strong> <strong>t\u00e1rssz.:<\/strong> Biserica noastr\u0103 \u015fi cultele minoritare (Buc., s. a.). <br \/><strong>Irod.:<\/strong> Figuri pol.; T\u00e2rn\u0103veni, cult. &#8211; ist.; Popt\u0103ma\u015f\u2013M\u00f3zes; Todea 2013<\/br><\/p>\n","protected":false},"excerpt":{"rendered":"<p>Magyars\u00fcllye, 1887. jan. 30., \u2020\u00a0Dics\u0151szentm\u00e1rton, 1943. m\u00e1j. 21.: \u00fcgyv\u00e9d, politikus, f\u0151isp\u00e1n, lapszerkeszt\u0151. \u2013 A bal\u00e1zsfalvi g. kat gimn\u00e1ziumban \u00e9retts\u00e9gizett. A Fiatalok Olvas\u00f3k\u00f6ri T\u00e1rsas\u00e1g\u00e1nak eln\u00f6ke (1905). A Vancea Alap\u00edtv\u00e1ny \u00e9s a Transilvania T\u00e1rsas\u00e1g \u00f6szt\u00f6nd\u00edjasa. A \u015eulu\u0163ean Alap\u00edtv\u00e1ny t\u00e1mogat\u00e1s\u00e1val Kv.-on jogot v\u00e9gzett (1906\u201310). Doktor\u00e1lt (1912). \u00dcgyv\u00e9di irod\u00e1t nyitott Dics\u0151szentm\u00e1rtonban (1913). Az ASTRA tagja (1913\u2013). A rom\u00e1n nemzetis\u00e9gi [&hellip;]<\/p>\n","protected":false},"featured_media":0,"comment_status":"open","ping_status":"closed","template":"","meta":[],"product_brand":[],"product_cat":[137],"product_tag":[],"class_list":{"0":"post-8225","1":"product","2":"type-product","3":"status-publish","5":"product_cat-maros-megyei-eletrajzi-lexikon","7":"first","8":"instock","9":"shipping-taxable","10":"product-type-simple"},"_links":{"self":[{"href":"https:\/\/uj.adatbank.ro\/lexikon\/wp-json\/wp\/v2\/product\/8225","targetHints":{"allow":["GET"]}}],"collection":[{"href":"https:\/\/uj.adatbank.ro\/lexikon\/wp-json\/wp\/v2\/product"}],"about":[{"href":"https:\/\/uj.adatbank.ro\/lexikon\/wp-json\/wp\/v2\/types\/product"}],"replies":[{"embeddable":true,"href":"https:\/\/uj.adatbank.ro\/lexikon\/wp-json\/wp\/v2\/comments?post=8225"}],"wp:attachment":[{"href":"https:\/\/uj.adatbank.ro\/lexikon\/wp-json\/wp\/v2\/media?parent=8225"}],"wp:term":[{"taxonomy":"product_brand","embeddable":true,"href":"https:\/\/uj.adatbank.ro\/lexikon\/wp-json\/wp\/v2\/product_brand?post=8225"},{"taxonomy":"product_cat","embeddable":true,"href":"https:\/\/uj.adatbank.ro\/lexikon\/wp-json\/wp\/v2\/product_cat?post=8225"},{"taxonomy":"product_tag","embeddable":true,"href":"https:\/\/uj.adatbank.ro\/lexikon\/wp-json\/wp\/v2\/product_tag?post=8225"}],"curies":[{"name":"wp","href":"https:\/\/api.w.org\/{rel}","templated":true}]}}