{"id":8227,"date":"2025-06-29T10:18:51","date_gmt":"2025-06-29T08:18:51","guid":{"rendered":"https:\/\/uj.adatbank.ro\/lexikon\/termek\/fonagy-janos-%c2%a7\/"},"modified":"2025-06-29T10:18:51","modified_gmt":"2025-06-29T08:18:51","slug":"fonagy-janos-%c2%a7","status":"publish","type":"product","link":"https:\/\/uj.adatbank.ro\/lexikon\/termek\/fonagy-janos-%c2%a7\/","title":{"rendered":"F\u00d3NAGY J\u00e1nos, \u00a7"},"content":{"rendered":"<p>Margita, 1900. szept. 17., \u2020 C\u00eempina, 1929. \u00e1pr. 1.: illeg\u00e1lista, kommunista harcos. \u2013 Nagyv\u00e1radon \u00e9s Bp.-en v\u00e9gezte a k\u00f6z\u00e9piskol\u00e1t, m\u00e9rn\u00f6k szeretett volna lenni. \u2013 R\u00e9szt vett a tan\u00e1csk\u00f6zt\u00e1rsas\u00e1g alatt a prolet\u00e1r hatalom v\u00e9delm\u00e9ben ind\u00edtott harcokban, r\u00f6vid pr\u00e1gai \u00e9s b\u00e9csi emigr\u00e1ci\u00f3 ut\u00e1n t\u00e9rt haza. A KISZ, Rom\u00e1n Kommunista Ifj\u00famunk\u00e1s Sz\u00f6vets\u00e9g l\u00e9trehoz\u00e1s\u00e1ban j\u00e1tszott szerepet, majd a RKP tagja (1823\u2013). Aradon, Temesv\u00e1ron, Nagyv\u00e1radon, Szatm\u00e1ron, Nagyb\u00e1ny\u00e1n, Brass\u00f3ban, Buk.-ben, Bv.-en szervezett, agit\u00e1lt, dolgozott. Alapos, sokoldal\u00fa m\u0171velts\u00e9ggel, ismeretekkel rendelkezett. A kommunista sajt\u00f3 \u00fatt\u00f6r\u0151i k\u00f6z\u00e9 tartozozott. Cikkei jelentek meg a brass\u00f3i Vil\u00e1goss\u00e1g, a buk.-i Munk\u00e1s-ban, amelynek szerkeszt\u0151s\u00e9gi tagja is lett. Szerk. -tette m\u00e9g Buk.-ben az \u00daj Harcos c. ifj\u00famunk\u00e1s lapot., a nagyv\u00e1radi Periszk\u00f3p munkat\u00e1rsa. Mv.-en egyike az KISZ szervez\u0151inek (1924\u2013), itt szerk. -tette \u00e9s kiadta a RKP KB Bolsevizmus c. lapj\u00e1t (1926). A titkos nyomd\u00e1t a Naphegysz\u0151l\u0151 egyik pr\u00e9sh\u00e1z\u00e1ban helyezt\u00e9k el. A rejtekhelyet felfedezt\u00e9k \u00e9s \u0151t letart\u00f3ztatt\u00e1k. \u00d6t\u00e9ves b\u00f6rt\u00f6nb\u0171ntet\u00e9s\u00e9t Doft\u00e1n\u00e1ban t\u00f6lt\u00f6tte. Ott bontakoztak ki elm\u00e9leti k\u00e9pess\u00e9gei, \u00edr\u00e1sainak nagyr\u00e9sze megsemmis\u00fclt. A b\u00f6rt\u00f6nben halt meg, holttest\u00e9t kiadt\u00e1k, feles\u00e9ge Temesv\u00e1rra sz\u00e1ll\u00edtotta, ahol \u00e9ppen \u00fcl\u00e9sezett a Rom\u00e1niai Egys\u00e9ges Szakszervezetek kongresszusa. A Munk\u00e1sotthon nagyterm\u00e9ben ravatalozt\u00e1k fel. A hat\u00f3s\u00e1g ezt \u00fcr\u00fcgyk\u00e9nt haszn\u00e1lta a Munk\u00e1sotthon ostrom\u00e1ra \u00e9s az Egys\u00e9ges Szakszervezetek feloszlat\u00e1s\u00e1ra. A temet\u00e9sen r\u00e9sztvev\u0151k nagy r\u00e9sz\u00e9t perbe fogt\u00e1k, letart\u00f3ztatt\u00e1k, kopors\u00f3j\u00e1t elvitt\u00e9k, titokban, rend\u0151ri fel\u00fcgyelet mellett temett\u00e9k el. <br \/><strong>Irod.:<\/strong> Adler M\u00f3r: F. J. (1900\u20131929) (V. Z., 1969. \u00e1pr. 1.); Fuchs Simon: F. J. (\u00daj \u00c9let. 1969. 7. sz.); Ga\u00e1l Korn\u00e9lia: Eml\u00e9kez\u00e9s F. J.-ra (\u00daj \u00c9let, 20. sz., 1975.); Popt\u0103ma\u015f\u2013M\u00f3zes<\/br><\/p>\n","protected":false},"excerpt":{"rendered":"<p>Margita, 1900. szept. 17., \u2020 C\u00eempina, 1929. \u00e1pr. 1.: illeg\u00e1lista, kommunista harcos. \u2013 Nagyv\u00e1radon \u00e9s Bp.-en v\u00e9gezte a k\u00f6z\u00e9piskol\u00e1t, m\u00e9rn\u00f6k szeretett volna lenni. \u2013 R\u00e9szt vett a tan\u00e1csk\u00f6zt\u00e1rsas\u00e1g alatt a prolet\u00e1r hatalom v\u00e9delm\u00e9ben ind\u00edtott harcokban, r\u00f6vid pr\u00e1gai \u00e9s b\u00e9csi emigr\u00e1ci\u00f3 ut\u00e1n t\u00e9rt haza. A KISZ, Rom\u00e1n Kommunista Ifj\u00famunk\u00e1s Sz\u00f6vets\u00e9g l\u00e9trehoz\u00e1s\u00e1ban j\u00e1tszott szerepet, majd a RKP [&hellip;]<\/p>\n","protected":false},"featured_media":0,"comment_status":"open","ping_status":"closed","template":"","meta":[],"product_brand":[],"product_cat":[137],"product_tag":[],"class_list":{"0":"post-8227","1":"product","2":"type-product","3":"status-publish","5":"product_cat-maros-megyei-eletrajzi-lexikon","7":"first","8":"instock","9":"shipping-taxable","10":"product-type-simple"},"_links":{"self":[{"href":"https:\/\/uj.adatbank.ro\/lexikon\/wp-json\/wp\/v2\/product\/8227","targetHints":{"allow":["GET"]}}],"collection":[{"href":"https:\/\/uj.adatbank.ro\/lexikon\/wp-json\/wp\/v2\/product"}],"about":[{"href":"https:\/\/uj.adatbank.ro\/lexikon\/wp-json\/wp\/v2\/types\/product"}],"replies":[{"embeddable":true,"href":"https:\/\/uj.adatbank.ro\/lexikon\/wp-json\/wp\/v2\/comments?post=8227"}],"wp:attachment":[{"href":"https:\/\/uj.adatbank.ro\/lexikon\/wp-json\/wp\/v2\/media?parent=8227"}],"wp:term":[{"taxonomy":"product_brand","embeddable":true,"href":"https:\/\/uj.adatbank.ro\/lexikon\/wp-json\/wp\/v2\/product_brand?post=8227"},{"taxonomy":"product_cat","embeddable":true,"href":"https:\/\/uj.adatbank.ro\/lexikon\/wp-json\/wp\/v2\/product_cat?post=8227"},{"taxonomy":"product_tag","embeddable":true,"href":"https:\/\/uj.adatbank.ro\/lexikon\/wp-json\/wp\/v2\/product_tag?post=8227"}],"curies":[{"name":"wp","href":"https:\/\/api.w.org\/{rel}","templated":true}]}}