{"id":8229,"date":"2025-06-29T10:18:54","date_gmt":"2025-06-29T08:18:54","guid":{"rendered":"https:\/\/uj.adatbank.ro\/lexikon\/termek\/fonyi-laszlo-fonyi-szabo-laszlo-ifj\/"},"modified":"2025-06-29T10:18:54","modified_gmt":"2025-06-29T08:18:54","slug":"fonyi-laszlo-fonyi-szabo-laszlo-ifj","status":"publish","type":"product","link":"https:\/\/uj.adatbank.ro\/lexikon\/termek\/fonyi-laszlo-fonyi-szabo-laszlo-ifj\/","title":{"rendered":"F\u00d3NYI L\u00e1szl\u00f3, F\u00f3nyi Szab\u00f3 L\u00e1szl\u00f3, ifj."},"content":{"rendered":"<p>? \u2020 ? : ref. lelk\u00e9sz. \u2013 Mv.-en subscrib\u00e1lt (1767). Papp\u00e1 szentelt\u00e9k az \u00fajtordai zsinaton (1776). A g\u00f6rg\u00e9nyi egyh\u00e1zmegy\u00e9be ker\u00fclt (1776. m\u00e1rc. 20.). Tek\u00e9ben k\u00e1pl\u00e1n apja mellett (1776), lelk\u00e9sz uo. (1777\u201392), majd Sz\u00e1sz\u00fajsz\u0151l\u0151sben (1784\u20131816). <br \/><strong>Irod.:<\/strong> \u0150sz<\/br><\/p>\n","protected":false},"excerpt":{"rendered":"<p>? \u2020 ? : ref. lelk\u00e9sz. \u2013 Mv.-en subscrib\u00e1lt (1767). Papp\u00e1 szentelt\u00e9k az \u00fajtordai zsinaton (1776). A g\u00f6rg\u00e9nyi egyh\u00e1zmegy\u00e9be ker\u00fclt (1776. m\u00e1rc. 20.). Tek\u00e9ben k\u00e1pl\u00e1n apja mellett (1776), lelk\u00e9sz uo. (1777\u201392), majd Sz\u00e1sz\u00fajsz\u0151l\u0151sben (1784\u20131816). Irod.: \u0150sz<\/p>\n","protected":false},"featured_media":0,"comment_status":"open","ping_status":"closed","template":"","meta":[],"product_brand":[],"product_cat":[137],"product_tag":[],"class_list":{"0":"post-8229","1":"product","2":"type-product","3":"status-publish","5":"product_cat-maros-megyei-eletrajzi-lexikon","7":"first","8":"instock","9":"shipping-taxable","10":"product-type-simple"},"_links":{"self":[{"href":"https:\/\/uj.adatbank.ro\/lexikon\/wp-json\/wp\/v2\/product\/8229","targetHints":{"allow":["GET"]}}],"collection":[{"href":"https:\/\/uj.adatbank.ro\/lexikon\/wp-json\/wp\/v2\/product"}],"about":[{"href":"https:\/\/uj.adatbank.ro\/lexikon\/wp-json\/wp\/v2\/types\/product"}],"replies":[{"embeddable":true,"href":"https:\/\/uj.adatbank.ro\/lexikon\/wp-json\/wp\/v2\/comments?post=8229"}],"wp:attachment":[{"href":"https:\/\/uj.adatbank.ro\/lexikon\/wp-json\/wp\/v2\/media?parent=8229"}],"wp:term":[{"taxonomy":"product_brand","embeddable":true,"href":"https:\/\/uj.adatbank.ro\/lexikon\/wp-json\/wp\/v2\/product_brand?post=8229"},{"taxonomy":"product_cat","embeddable":true,"href":"https:\/\/uj.adatbank.ro\/lexikon\/wp-json\/wp\/v2\/product_cat?post=8229"},{"taxonomy":"product_tag","embeddable":true,"href":"https:\/\/uj.adatbank.ro\/lexikon\/wp-json\/wp\/v2\/product_tag?post=8229"}],"curies":[{"name":"wp","href":"https:\/\/api.w.org\/{rel}","templated":true}]}}