{"id":8230,"date":"2025-06-29T10:18:58","date_gmt":"2025-06-29T08:18:58","guid":{"rendered":"https:\/\/uj.adatbank.ro\/lexikon\/termek\/fonyi-laszlo-id\/"},"modified":"2025-06-29T10:18:58","modified_gmt":"2025-06-29T08:18:58","slug":"fonyi-laszlo-id","status":"publish","type":"product","link":"https:\/\/uj.adatbank.ro\/lexikon\/termek\/fonyi-laszlo-id\/","title":{"rendered":"F\u00d3NYI L\u00e1szl\u00f3, id"},"content":{"rendered":"<p>1705 \u2020 Teke, 1776. szept. 21: ref. lelk\u00e9sz. \u2013 Feles\u00e9ge T\u00e9csi Anna, T. Gy\u00f6rgy le\u00e1nya. \u2013 Mv.-en subscrib\u00e1lt (1728). A Bethlen csal\u00e1dn\u00e1l volt nevel\u0151. A g\u00f6rg\u00e9nyi ref. egyh\u00e1zmegy\u00e9be ker\u00fclt (1739), els\u0151nek szerepel az egyh\u00e1z anyak\u00f6nyv\u00e9ben. Nagy\u00f6lyvesen (1741\u201348), Marosfelfaluban (1748\u201368) \u00e9s Tek\u00e9ben (1769\u20131776. szept. 21) lelk\u00e9sz. Tekei szolg\u00e1lata alatt Sz\u00e1szp\u00e9nteken lakott. <br \/><strong>Irod.:<\/strong> Bodolai Gy\u00f6ngyi: Megfogyva b\u00e1r. (N\u00fa., 1995. aug. 18.); \u0150sz<\/br><\/p>\n","protected":false},"excerpt":{"rendered":"<p>1705 \u2020 Teke, 1776. szept. 21: ref. lelk\u00e9sz. \u2013 Feles\u00e9ge T\u00e9csi Anna, T. Gy\u00f6rgy le\u00e1nya. \u2013 Mv.-en subscrib\u00e1lt (1728). A Bethlen csal\u00e1dn\u00e1l volt nevel\u0151. A g\u00f6rg\u00e9nyi ref. egyh\u00e1zmegy\u00e9be ker\u00fclt (1739), els\u0151nek szerepel az egyh\u00e1z anyak\u00f6nyv\u00e9ben. Nagy\u00f6lyvesen (1741\u201348), Marosfelfaluban (1748\u201368) \u00e9s Tek\u00e9ben (1769\u20131776. szept. 21) lelk\u00e9sz. Tekei szolg\u00e1lata alatt Sz\u00e1szp\u00e9nteken lakott. Irod.: Bodolai Gy\u00f6ngyi: Megfogyva b\u00e1r. [&hellip;]<\/p>\n","protected":false},"featured_media":0,"comment_status":"open","ping_status":"closed","template":"","meta":[],"product_brand":[],"product_cat":[137],"product_tag":[],"class_list":{"0":"post-8230","1":"product","2":"type-product","3":"status-publish","5":"product_cat-maros-megyei-eletrajzi-lexikon","7":"first","8":"instock","9":"shipping-taxable","10":"product-type-simple"},"_links":{"self":[{"href":"https:\/\/uj.adatbank.ro\/lexikon\/wp-json\/wp\/v2\/product\/8230","targetHints":{"allow":["GET"]}}],"collection":[{"href":"https:\/\/uj.adatbank.ro\/lexikon\/wp-json\/wp\/v2\/product"}],"about":[{"href":"https:\/\/uj.adatbank.ro\/lexikon\/wp-json\/wp\/v2\/types\/product"}],"replies":[{"embeddable":true,"href":"https:\/\/uj.adatbank.ro\/lexikon\/wp-json\/wp\/v2\/comments?post=8230"}],"wp:attachment":[{"href":"https:\/\/uj.adatbank.ro\/lexikon\/wp-json\/wp\/v2\/media?parent=8230"}],"wp:term":[{"taxonomy":"product_brand","embeddable":true,"href":"https:\/\/uj.adatbank.ro\/lexikon\/wp-json\/wp\/v2\/product_brand?post=8230"},{"taxonomy":"product_cat","embeddable":true,"href":"https:\/\/uj.adatbank.ro\/lexikon\/wp-json\/wp\/v2\/product_cat?post=8230"},{"taxonomy":"product_tag","embeddable":true,"href":"https:\/\/uj.adatbank.ro\/lexikon\/wp-json\/wp\/v2\/product_tag?post=8230"}],"curies":[{"name":"wp","href":"https:\/\/api.w.org\/{rel}","templated":true}]}}