{"id":8232,"date":"2025-06-29T10:19:01","date_gmt":"2025-06-29T08:19:01","guid":{"rendered":"https:\/\/uj.adatbank.ro\/lexikon\/termek\/forbath-imre-fischer-imre\/"},"modified":"2025-06-29T10:19:01","modified_gmt":"2025-06-29T08:19:01","slug":"forbath-imre-fischer-imre","status":"publish","type":"product","link":"https:\/\/uj.adatbank.ro\/lexikon\/termek\/forbath-imre-fischer-imre\/","title":{"rendered":"FORB\u00c1TH Imre, Fischer Imre"},"content":{"rendered":"<p>\u00c9rsek\u00fajv\u00e1r, 1875. \u00e1pr. 14., \u2020\u00a0? : m\u00e9rn\u00f6k, m\u0171egyetemi mag\u00e1ntan\u00e1r. \u2013 A m\u0171egyetemet B\u00e9csben, Z\u00fcrichben \u00e9s Berlinben v\u00e9gezte, doktor\u00e1lt Darmstadtban (1904). A bp.-i m\u0171egyetemen mag\u00e1ntan\u00e1ri k\u00e9pes\u00edt\u00e9st szerzett (1906). Dolgozott Gotha, Magdeburg, Frankfurt-ban (1898-04), r\u00e9szt vett az els\u0151 vh.-ban, mint sz\u00e1zados szerelt le. Mv. v\u00e1ros csatornah\u00e1l\u00f3zata \u00e9p\u00fclt (1907\u201311), ennek munk\u00e1lataiban vett r\u00e9szt. \u00d6ssze\u00e1ll\u00edtotta a v\u00e1ros bels\u0151s\u00e9geihez csatolt f\u00f6ldter\u00fcletek jegyz\u00e9k\u00e9t (1909). A dics\u0151szentm\u00e1rtoni nitrog\u00e9ngy\u00e1r vez\u00e9rigazgat\u00f3ja (1921\u201343). Bp.-en \u00e9lt (1943\u2013). T\u00f6bb v\u00e1ros v\u00e1ros v\u00edzvezet\u00e9k\u00e9t \u00e9s csatorn\u00e1z\u00e1s\u00e1t \u0151 k\u00e9sz\u00edtette: Brasso, Mv., Nagyszeben, Resicab\u00e1nya, Sz\u00e9kesfeh\u00e9rv\u00e1r, \u00dajvid\u00e9k. T\u00f6bb nemzetk\u00f6zi v\u00e1rosrendez\u00e9si v. csatorn\u00e1z\u00e1si p\u00e1ly\u00e1zaton I. d\u00edjat nyert: Antwerpen, Belgr\u00e1d, Bergen, V\u00e1rna. \u2013 <strong>F. m.:<\/strong> Die Kanalisation v. Mailand (Leipzig, 1902); D. Bau d St\u00e4dte an F\u00fcssen (Frankfurt am Main, 1904); \u00d6nt\u00f6z\u00e9s v\u00e1rosi szennyes vizekkel (Bp., 1905); V\u00e1rosok \u00e9p\u00edt\u00e9se, k\u00fcl\u00f6n\u00f6s tekintettel a szoci\u00e1lis \u00e9s gazdas\u00e1gi szempontokra (Bp., 1906); Kleinwohnungsf\u00fchrsorge in englischen St\u00e4dten (Leipzig, 1906); K\u00e9t el\u0151ad\u00e1s a bp.-i g\u00e1zk\u00e9rd\u00e9sr\u0151l (Bp., 1908); Mv. kanaliz\u00e1l\u00e1sa (Bp., 1913); Die Kanalisation der Stadt Mv. in Ungarn (M\u00fcnchen, 1913). <br \/><strong>Irod.:<\/strong> Guly\u00e1s; Id\u0151t\u00e1r 2; Kelemen \u00c1rp\u00e1d: A csatorn\u00e1z\u00e1si munk\u00e1latok m\u00e1rv\u00e1nyt\u00e1bl\u00e1i (N\u00fa. \u00e9vk., 2009); \u00daIL<\/br><\/p>\n","protected":false},"excerpt":{"rendered":"<p>\u00c9rsek\u00fajv\u00e1r, 1875. \u00e1pr. 14., \u2020\u00a0? : m\u00e9rn\u00f6k, m\u0171egyetemi mag\u00e1ntan\u00e1r. \u2013 A m\u0171egyetemet B\u00e9csben, Z\u00fcrichben \u00e9s Berlinben v\u00e9gezte, doktor\u00e1lt Darmstadtban (1904). A bp.-i m\u0171egyetemen mag\u00e1ntan\u00e1ri k\u00e9pes\u00edt\u00e9st szerzett (1906). Dolgozott Gotha, Magdeburg, Frankfurt-ban (1898-04), r\u00e9szt vett az els\u0151 vh.-ban, mint sz\u00e1zados szerelt le. Mv. v\u00e1ros csatornah\u00e1l\u00f3zata \u00e9p\u00fclt (1907\u201311), ennek munk\u00e1lataiban vett r\u00e9szt. \u00d6ssze\u00e1ll\u00edtotta a v\u00e1ros bels\u0151s\u00e9geihez csatolt [&hellip;]<\/p>\n","protected":false},"featured_media":0,"comment_status":"open","ping_status":"closed","template":"","meta":[],"product_brand":[],"product_cat":[137],"product_tag":[],"class_list":{"0":"post-8232","1":"product","2":"type-product","3":"status-publish","5":"product_cat-maros-megyei-eletrajzi-lexikon","7":"first","8":"instock","9":"shipping-taxable","10":"product-type-simple"},"_links":{"self":[{"href":"https:\/\/uj.adatbank.ro\/lexikon\/wp-json\/wp\/v2\/product\/8232","targetHints":{"allow":["GET"]}}],"collection":[{"href":"https:\/\/uj.adatbank.ro\/lexikon\/wp-json\/wp\/v2\/product"}],"about":[{"href":"https:\/\/uj.adatbank.ro\/lexikon\/wp-json\/wp\/v2\/types\/product"}],"replies":[{"embeddable":true,"href":"https:\/\/uj.adatbank.ro\/lexikon\/wp-json\/wp\/v2\/comments?post=8232"}],"wp:attachment":[{"href":"https:\/\/uj.adatbank.ro\/lexikon\/wp-json\/wp\/v2\/media?parent=8232"}],"wp:term":[{"taxonomy":"product_brand","embeddable":true,"href":"https:\/\/uj.adatbank.ro\/lexikon\/wp-json\/wp\/v2\/product_brand?post=8232"},{"taxonomy":"product_cat","embeddable":true,"href":"https:\/\/uj.adatbank.ro\/lexikon\/wp-json\/wp\/v2\/product_cat?post=8232"},{"taxonomy":"product_tag","embeddable":true,"href":"https:\/\/uj.adatbank.ro\/lexikon\/wp-json\/wp\/v2\/product_tag?post=8232"}],"curies":[{"name":"wp","href":"https:\/\/api.w.org\/{rel}","templated":true}]}}