{"id":8234,"date":"2025-06-29T10:19:04","date_gmt":"2025-06-29T08:19:04","guid":{"rendered":"https:\/\/uj.adatbank.ro\/lexikon\/termek\/fori-mihaly-%c2%a7\/"},"modified":"2025-06-29T10:19:04","modified_gmt":"2025-06-29T08:19:04","slug":"fori-mihaly-%c2%a7","status":"publish","type":"product","link":"https:\/\/uj.adatbank.ro\/lexikon\/termek\/fori-mihaly-%c2%a7\/","title":{"rendered":"F\u00d3RI Mih\u00e1ly, \u00a7"},"content":{"rendered":"<p>Olth\u00e9v\u00edz, 1928. okt. 19., \u2020 Mv., 1995. okt. 2.: \u00fajs\u00e1g\u00edr\u00f3. \u2013 A hatgyermekes munk\u00e1scsal\u00e1d Szebenbe (1932\u2013), Kv.-ra, majd Mv. -re k\u00f6lt\u00f6z\u00f6tt. Feles\u00e9ge: Farkas Anna (h\u00e1zass\u00e1g 1953). Gyermekeik: Ir\u00e9n, Ildik\u00f3, Anna. \u2013 A kv.-i Unit. Koll.-ban \u00e9retts\u00e9gizett (1948). A mv.-i OGYI orvosi kar\u00e1n volt hallgat\u00f3 egy \u00e9vet (1948\u201349), beiratkozott \u00e9s v\u00e9gzett a Zsdanov politikai f\u0151iskol\u00e1n (1949\u201351). A \u015etefan Gheorghiu Akad. -\u00e1n v\u00e9gzett \u00e9s kapott diplom\u00e1t (1972\u201376). A temev\u00e1ri Szabad Sz\u00f3 napilaphoz helyezt\u00e9k, f\u0151szerkeszt\u0151 helyettes. Menesztett\u00e9k a sajt\u00f3b\u00f3l az 1956-os esem\u00e9nyekben val\u00f3 r\u00e9szv\u00e9tele miatt. Temesv\u00e1ron a Nemzet Sz\u00ednh\u00e1z m. tagozat\u00e1nak irodalmi titk\u00e1ra (1959-ig). Mv. -re k\u00f6lt\u00f6z\u00f6tt a csal\u00e1dj\u00e1val. A Maros Megyei Fogyaszt\u00e1si Sz\u00f6vetkezet k\u00f6nyvterjeszt\u0151 r\u00e9szleg\u00e9nek vezet\u0151je. Rehabilit\u00e1lt\u00e1k (1967). A mv.-i V. Z. szerkeszt\u0151s\u00e9gi titk\u00e1ra volt nyugd\u00edjaz\u00e1s\u00e1ig (1964\u201387). <br \/><strong>Irod.:<\/strong> csal\u00e1di inf.; [Nekrol\u00f3g] (N\u00fa., 1995. okt. 4.)<\/br><\/p>\n","protected":false},"excerpt":{"rendered":"<p>Olth\u00e9v\u00edz, 1928. okt. 19., \u2020 Mv., 1995. okt. 2.: \u00fajs\u00e1g\u00edr\u00f3. \u2013 A hatgyermekes munk\u00e1scsal\u00e1d Szebenbe (1932\u2013), Kv.-ra, majd Mv. -re k\u00f6lt\u00f6z\u00f6tt. Feles\u00e9ge: Farkas Anna (h\u00e1zass\u00e1g 1953). Gyermekeik: Ir\u00e9n, Ildik\u00f3, Anna. \u2013 A kv.-i Unit. Koll.-ban \u00e9retts\u00e9gizett (1948). A mv.-i OGYI orvosi kar\u00e1n volt hallgat\u00f3 egy \u00e9vet (1948\u201349), beiratkozott \u00e9s v\u00e9gzett a Zsdanov politikai f\u0151iskol\u00e1n (1949\u201351). [&hellip;]<\/p>\n","protected":false},"featured_media":0,"comment_status":"open","ping_status":"closed","template":"","meta":[],"product_brand":[],"product_cat":[137],"product_tag":[],"class_list":{"0":"post-8234","1":"product","2":"type-product","3":"status-publish","5":"product_cat-maros-megyei-eletrajzi-lexikon","7":"first","8":"instock","9":"shipping-taxable","10":"product-type-simple"},"_links":{"self":[{"href":"https:\/\/uj.adatbank.ro\/lexikon\/wp-json\/wp\/v2\/product\/8234","targetHints":{"allow":["GET"]}}],"collection":[{"href":"https:\/\/uj.adatbank.ro\/lexikon\/wp-json\/wp\/v2\/product"}],"about":[{"href":"https:\/\/uj.adatbank.ro\/lexikon\/wp-json\/wp\/v2\/types\/product"}],"replies":[{"embeddable":true,"href":"https:\/\/uj.adatbank.ro\/lexikon\/wp-json\/wp\/v2\/comments?post=8234"}],"wp:attachment":[{"href":"https:\/\/uj.adatbank.ro\/lexikon\/wp-json\/wp\/v2\/media?parent=8234"}],"wp:term":[{"taxonomy":"product_brand","embeddable":true,"href":"https:\/\/uj.adatbank.ro\/lexikon\/wp-json\/wp\/v2\/product_brand?post=8234"},{"taxonomy":"product_cat","embeddable":true,"href":"https:\/\/uj.adatbank.ro\/lexikon\/wp-json\/wp\/v2\/product_cat?post=8234"},{"taxonomy":"product_tag","embeddable":true,"href":"https:\/\/uj.adatbank.ro\/lexikon\/wp-json\/wp\/v2\/product_tag?post=8234"}],"curies":[{"name":"wp","href":"https:\/\/api.w.org\/{rel}","templated":true}]}}