{"id":8235,"date":"2025-06-29T10:19:06","date_gmt":"2025-06-29T08:19:06","guid":{"rendered":"https:\/\/uj.adatbank.ro\/lexikon\/termek\/forika-adorjan-p\/"},"modified":"2025-06-29T10:19:06","modified_gmt":"2025-06-29T08:19:06","slug":"forika-adorjan-p","status":"publish","type":"product","link":"https:\/\/uj.adatbank.ro\/lexikon\/termek\/forika-adorjan-p\/","title":{"rendered":"F\u00d3RIKA Adorj\u00e1n, P."},"content":{"rendered":"<p>? \u2020\u00a0? : r. k. pap. \u2013 Marosszentgy\u00f6rgyi pl\u00e9b\u00e1nos, adminisztr\u00e1tor parochi\u00e1lis (1908). <br \/><strong>Irod.:<\/strong> Baricz<\/br><\/p>\n","protected":false},"excerpt":{"rendered":"<p>? \u2020\u00a0? : r. k. pap. \u2013 Marosszentgy\u00f6rgyi pl\u00e9b\u00e1nos, adminisztr\u00e1tor parochi\u00e1lis (1908). Irod.: Baricz<\/p>\n","protected":false},"featured_media":0,"comment_status":"open","ping_status":"closed","template":"","meta":[],"product_brand":[],"product_cat":[137],"product_tag":[],"class_list":{"0":"post-8235","1":"product","2":"type-product","3":"status-publish","5":"product_cat-maros-megyei-eletrajzi-lexikon","7":"first","8":"instock","9":"shipping-taxable","10":"product-type-simple"},"_links":{"self":[{"href":"https:\/\/uj.adatbank.ro\/lexikon\/wp-json\/wp\/v2\/product\/8235","targetHints":{"allow":["GET"]}}],"collection":[{"href":"https:\/\/uj.adatbank.ro\/lexikon\/wp-json\/wp\/v2\/product"}],"about":[{"href":"https:\/\/uj.adatbank.ro\/lexikon\/wp-json\/wp\/v2\/types\/product"}],"replies":[{"embeddable":true,"href":"https:\/\/uj.adatbank.ro\/lexikon\/wp-json\/wp\/v2\/comments?post=8235"}],"wp:attachment":[{"href":"https:\/\/uj.adatbank.ro\/lexikon\/wp-json\/wp\/v2\/media?parent=8235"}],"wp:term":[{"taxonomy":"product_brand","embeddable":true,"href":"https:\/\/uj.adatbank.ro\/lexikon\/wp-json\/wp\/v2\/product_brand?post=8235"},{"taxonomy":"product_cat","embeddable":true,"href":"https:\/\/uj.adatbank.ro\/lexikon\/wp-json\/wp\/v2\/product_cat?post=8235"},{"taxonomy":"product_tag","embeddable":true,"href":"https:\/\/uj.adatbank.ro\/lexikon\/wp-json\/wp\/v2\/product_tag?post=8235"}],"curies":[{"name":"wp","href":"https:\/\/api.w.org\/{rel}","templated":true}]}}