{"id":8236,"date":"2025-06-29T10:19:09","date_gmt":"2025-06-29T08:19:09","guid":{"rendered":"https:\/\/uj.adatbank.ro\/lexikon\/termek\/forika-gyorgy-dr\/"},"modified":"2025-06-29T10:19:09","modified_gmt":"2025-06-29T08:19:09","slug":"forika-gyorgy-dr","status":"publish","type":"product","link":"https:\/\/uj.adatbank.ro\/lexikon\/termek\/forika-gyorgy-dr\/","title":{"rendered":"F\u00d3RIKA Gy\u00f6rgy, dr."},"content":{"rendered":"<p>Teker\u0151patak, 1933. \u00e1pr. 24., \u2020 Mv., 2016: orvos, dr. \u2013 Feles\u00e9ge: Musulin Margit (1934\u20132003. aug. 11). \u2013 Gyergy\u00f3szentmikl\u00f3i Salamon Ern\u0151 lic.-ban v\u00e9gzett. A MOGYE orvoskar\u00e1n v\u00e9gzett (1958). A MOGYE tan\u00e1rseg\u00e9de. K\u00f3r\u00e9lettani (Fizi\u00f3patol\u00f3giai) Tansz\u00e9ken M\u00f3zes Magda vezet\u00e9s\u00e9vel a mell\u00e9kvesek \u00e9s a pajzsmirigy anyagcsere \u00f6sszef\u00fcgg\u00e9seit, a mikroelemek anyagcsere g\u00e1tl\u00f3 hat\u00e1s\u00e1t tanulm\u00e1nyozta. Kor\u00e9lettani int\u00e9zet, a II. Belgy\u00f3gy\u00e1szati klinik\u00e1n lab\u00f3rat\u00f3riumi f\u0151orvos (1974\u2013). Az orvostudom\u00e1nyok doktora (1973). Dr. Horv\u00e1th \u00c9va vezet\u00e9s\u00e9vel a g\u00e1z\u00f6ml\u00e9sek hat\u00e1s\u00e1t tanulm\u00e1nyozta \u00e9rsz\u0171k\u00fcletes betegekn\u00e9l. <br \/><strong>Irod.:<\/strong> Kiss Cs. M 4.; MOGYE; Sz\u00f6ll\u0151si 2009<\/br><\/p>\n","protected":false},"excerpt":{"rendered":"<p>Teker\u0151patak, 1933. \u00e1pr. 24., \u2020 Mv., 2016: orvos, dr. \u2013 Feles\u00e9ge: Musulin Margit (1934\u20132003. aug. 11). \u2013 Gyergy\u00f3szentmikl\u00f3i Salamon Ern\u0151 lic.-ban v\u00e9gzett. A MOGYE orvoskar\u00e1n v\u00e9gzett (1958). A MOGYE tan\u00e1rseg\u00e9de. K\u00f3r\u00e9lettani (Fizi\u00f3patol\u00f3giai) Tansz\u00e9ken M\u00f3zes Magda vezet\u00e9s\u00e9vel a mell\u00e9kvesek \u00e9s a pajzsmirigy anyagcsere \u00f6sszef\u00fcgg\u00e9seit, a mikroelemek anyagcsere g\u00e1tl\u00f3 hat\u00e1s\u00e1t tanulm\u00e1nyozta. Kor\u00e9lettani int\u00e9zet, a II. Belgy\u00f3gy\u00e1szati klinik\u00e1n [&hellip;]<\/p>\n","protected":false},"featured_media":0,"comment_status":"open","ping_status":"closed","template":"","meta":[],"product_brand":[],"product_cat":[137],"product_tag":[],"class_list":{"0":"post-8236","1":"product","2":"type-product","3":"status-publish","5":"product_cat-maros-megyei-eletrajzi-lexikon","7":"first","8":"instock","9":"shipping-taxable","10":"product-type-simple"},"_links":{"self":[{"href":"https:\/\/uj.adatbank.ro\/lexikon\/wp-json\/wp\/v2\/product\/8236","targetHints":{"allow":["GET"]}}],"collection":[{"href":"https:\/\/uj.adatbank.ro\/lexikon\/wp-json\/wp\/v2\/product"}],"about":[{"href":"https:\/\/uj.adatbank.ro\/lexikon\/wp-json\/wp\/v2\/types\/product"}],"replies":[{"embeddable":true,"href":"https:\/\/uj.adatbank.ro\/lexikon\/wp-json\/wp\/v2\/comments?post=8236"}],"wp:attachment":[{"href":"https:\/\/uj.adatbank.ro\/lexikon\/wp-json\/wp\/v2\/media?parent=8236"}],"wp:term":[{"taxonomy":"product_brand","embeddable":true,"href":"https:\/\/uj.adatbank.ro\/lexikon\/wp-json\/wp\/v2\/product_brand?post=8236"},{"taxonomy":"product_cat","embeddable":true,"href":"https:\/\/uj.adatbank.ro\/lexikon\/wp-json\/wp\/v2\/product_cat?post=8236"},{"taxonomy":"product_tag","embeddable":true,"href":"https:\/\/uj.adatbank.ro\/lexikon\/wp-json\/wp\/v2\/product_tag?post=8236"}],"curies":[{"name":"wp","href":"https:\/\/api.w.org\/{rel}","templated":true}]}}