{"id":8237,"date":"2025-06-29T10:19:10","date_gmt":"2025-06-29T08:19:10","guid":{"rendered":"https:\/\/uj.adatbank.ro\/lexikon\/termek\/forika-margit-dr-forika-gyorgyne-sz-musulin-margit\/"},"modified":"2025-06-29T10:19:10","modified_gmt":"2025-06-29T08:19:10","slug":"forika-margit-dr-forika-gyorgyne-sz-musulin-margit","status":"publish","type":"product","link":"https:\/\/uj.adatbank.ro\/lexikon\/termek\/forika-margit-dr-forika-gyorgyne-sz-musulin-margit\/","title":{"rendered":"F\u00d3RIKA Margit, dr., F\u00f3rika Gy\u00f6rgyn\u00e9, sz. Musulin Margit"},"content":{"rendered":"<p>B\u00e9lbor, 1934. jan. 23., \u2020 Mv., 2003. aug. 11.: orvos, tan\u00e1rseg\u00e9d. \u2013 A mv.-i OGYI-n szerzett orvosi oklevelet (1958). Az orvostudom\u00e1nyok doktora (1979). Az EME tagja volt. Gyerekorvos Berecken (1958\u201360), gyakornok a mv.-i orvosi egyetem anat\u00f3mia int\u00e9zet\u00e9ben (1960\u201363), tan\u00e1rseg\u00e9d az egyetem gy\u00f3gyszertani katedr\u00e1j\u00e1n (1963\u201385), majd nyugd\u00edjaz\u00e1s\u00e1ig a mv.-i sportklinika szakorvosa (1985\u201389). Tanulm\u00e1nyai rom\u00e1n \u00e9s francia nyelven jelentek meg hazai \u00e9s k\u00fclf\u00f6ldi szaklapokban. Kutat\u00e1si ter\u00fclete pszichofarmakonok \u00e9s antineopl\u00e1zi\u00e1s szerek sz\u00edvre gyakorolt hat\u00e1sa. \u2013 <strong>F. m.:<\/strong> \u00cendrum\u0103tor de lucr\u0103ri practice de farmacologie (Tg. M., 1988). <br \/><strong>Irod.:<\/strong> EMKK 2000; Kiss Cs. M 4.; [Nekrol\u00f3g] (N\u00fa., 2003. aug. 11.)<\/br><\/p>\n","protected":false},"excerpt":{"rendered":"<p>B\u00e9lbor, 1934. jan. 23., \u2020 Mv., 2003. aug. 11.: orvos, tan\u00e1rseg\u00e9d. \u2013 A mv.-i OGYI-n szerzett orvosi oklevelet (1958). Az orvostudom\u00e1nyok doktora (1979). Az EME tagja volt. Gyerekorvos Berecken (1958\u201360), gyakornok a mv.-i orvosi egyetem anat\u00f3mia int\u00e9zet\u00e9ben (1960\u201363), tan\u00e1rseg\u00e9d az egyetem gy\u00f3gyszertani katedr\u00e1j\u00e1n (1963\u201385), majd nyugd\u00edjaz\u00e1s\u00e1ig a mv.-i sportklinika szakorvosa (1985\u201389). Tanulm\u00e1nyai rom\u00e1n \u00e9s francia [&hellip;]<\/p>\n","protected":false},"featured_media":0,"comment_status":"open","ping_status":"closed","template":"","meta":[],"product_brand":[],"product_cat":[137],"product_tag":[],"class_list":{"0":"post-8237","1":"product","2":"type-product","3":"status-publish","5":"product_cat-maros-megyei-eletrajzi-lexikon","7":"first","8":"instock","9":"shipping-taxable","10":"product-type-simple"},"_links":{"self":[{"href":"https:\/\/uj.adatbank.ro\/lexikon\/wp-json\/wp\/v2\/product\/8237","targetHints":{"allow":["GET"]}}],"collection":[{"href":"https:\/\/uj.adatbank.ro\/lexikon\/wp-json\/wp\/v2\/product"}],"about":[{"href":"https:\/\/uj.adatbank.ro\/lexikon\/wp-json\/wp\/v2\/types\/product"}],"replies":[{"embeddable":true,"href":"https:\/\/uj.adatbank.ro\/lexikon\/wp-json\/wp\/v2\/comments?post=8237"}],"wp:attachment":[{"href":"https:\/\/uj.adatbank.ro\/lexikon\/wp-json\/wp\/v2\/media?parent=8237"}],"wp:term":[{"taxonomy":"product_brand","embeddable":true,"href":"https:\/\/uj.adatbank.ro\/lexikon\/wp-json\/wp\/v2\/product_brand?post=8237"},{"taxonomy":"product_cat","embeddable":true,"href":"https:\/\/uj.adatbank.ro\/lexikon\/wp-json\/wp\/v2\/product_cat?post=8237"},{"taxonomy":"product_tag","embeddable":true,"href":"https:\/\/uj.adatbank.ro\/lexikon\/wp-json\/wp\/v2\/product_tag?post=8237"}],"curies":[{"name":"wp","href":"https:\/\/api.w.org\/{rel}","templated":true}]}}