{"id":8238,"date":"2025-06-29T10:19:12","date_gmt":"2025-06-29T08:19:12","guid":{"rendered":"https:\/\/uj.adatbank.ro\/lexikon\/termek\/forika-venczel\/"},"modified":"2025-06-29T10:19:12","modified_gmt":"2025-06-29T08:19:12","slug":"forika-venczel","status":"publish","type":"product","link":"https:\/\/uj.adatbank.ro\/lexikon\/termek\/forika-venczel\/","title":{"rendered":"F\u00d3RIKA Venczel"},"content":{"rendered":"<p>? \u2020 Mv, 2009.: edz\u0151. \u2013 A Mv.-i Iskol\u00e1s Sportklub tornakatedr\u00e1j\u00e1n mint edz\u0151 m\u0171k\u00f6d\u00f6tt. <br \/><strong>Irod.:<\/strong> [Nekrol\u00f3g] (N\u00fa., 2009.? 9.)<\/br><\/p>\n","protected":false},"excerpt":{"rendered":"<p>? \u2020 Mv, 2009.: edz\u0151. \u2013 A Mv.-i Iskol\u00e1s Sportklub tornakatedr\u00e1j\u00e1n mint edz\u0151 m\u0171k\u00f6d\u00f6tt. Irod.: [Nekrol\u00f3g] (N\u00fa., 2009.? 9.)<\/p>\n","protected":false},"featured_media":0,"comment_status":"open","ping_status":"closed","template":"","meta":[],"product_brand":[],"product_cat":[137],"product_tag":[],"class_list":{"0":"post-8238","1":"product","2":"type-product","3":"status-publish","5":"product_cat-maros-megyei-eletrajzi-lexikon","7":"first","8":"instock","9":"shipping-taxable","10":"product-type-simple"},"_links":{"self":[{"href":"https:\/\/uj.adatbank.ro\/lexikon\/wp-json\/wp\/v2\/product\/8238","targetHints":{"allow":["GET"]}}],"collection":[{"href":"https:\/\/uj.adatbank.ro\/lexikon\/wp-json\/wp\/v2\/product"}],"about":[{"href":"https:\/\/uj.adatbank.ro\/lexikon\/wp-json\/wp\/v2\/types\/product"}],"replies":[{"embeddable":true,"href":"https:\/\/uj.adatbank.ro\/lexikon\/wp-json\/wp\/v2\/comments?post=8238"}],"wp:attachment":[{"href":"https:\/\/uj.adatbank.ro\/lexikon\/wp-json\/wp\/v2\/media?parent=8238"}],"wp:term":[{"taxonomy":"product_brand","embeddable":true,"href":"https:\/\/uj.adatbank.ro\/lexikon\/wp-json\/wp\/v2\/product_brand?post=8238"},{"taxonomy":"product_cat","embeddable":true,"href":"https:\/\/uj.adatbank.ro\/lexikon\/wp-json\/wp\/v2\/product_cat?post=8238"},{"taxonomy":"product_tag","embeddable":true,"href":"https:\/\/uj.adatbank.ro\/lexikon\/wp-json\/wp\/v2\/product_tag?post=8238"}],"curies":[{"name":"wp","href":"https:\/\/api.w.org\/{rel}","templated":true}]}}