{"id":8240,"date":"2025-06-29T10:19:14","date_gmt":"2025-06-29T08:19:14","guid":{"rendered":"https:\/\/uj.adatbank.ro\/lexikon\/termek\/foris-gergely\/"},"modified":"2025-06-29T10:19:14","modified_gmt":"2025-06-29T08:19:14","slug":"foris-gergely","status":"publish","type":"product","link":"https:\/\/uj.adatbank.ro\/lexikon\/termek\/foris-gergely\/","title":{"rendered":"FORIS Gergely"},"content":{"rendered":"<p>? \u2020 ? : birtokos. \u2013 A sz\u00e9kelyk\u00f6vesdi zsell\u00e9rei a ref. egyh\u00e1zk\u00f6zs\u00e9ghez tartoztak (1580). <br \/><strong>Irod.:<\/strong> L\u00e9sty\u00e1n \u2013 templomok 1.<\/br><\/p>\n","protected":false},"excerpt":{"rendered":"<p>? \u2020 ? : birtokos. \u2013 A sz\u00e9kelyk\u00f6vesdi zsell\u00e9rei a ref. egyh\u00e1zk\u00f6zs\u00e9ghez tartoztak (1580). Irod.: L\u00e9sty\u00e1n \u2013 templomok 1.<\/p>\n","protected":false},"featured_media":0,"comment_status":"open","ping_status":"closed","template":"","meta":[],"product_brand":[],"product_cat":[137],"product_tag":[],"class_list":{"0":"post-8240","1":"product","2":"type-product","3":"status-publish","5":"product_cat-maros-megyei-eletrajzi-lexikon","7":"first","8":"instock","9":"shipping-taxable","10":"product-type-simple"},"_links":{"self":[{"href":"https:\/\/uj.adatbank.ro\/lexikon\/wp-json\/wp\/v2\/product\/8240","targetHints":{"allow":["GET"]}}],"collection":[{"href":"https:\/\/uj.adatbank.ro\/lexikon\/wp-json\/wp\/v2\/product"}],"about":[{"href":"https:\/\/uj.adatbank.ro\/lexikon\/wp-json\/wp\/v2\/types\/product"}],"replies":[{"embeddable":true,"href":"https:\/\/uj.adatbank.ro\/lexikon\/wp-json\/wp\/v2\/comments?post=8240"}],"wp:attachment":[{"href":"https:\/\/uj.adatbank.ro\/lexikon\/wp-json\/wp\/v2\/media?parent=8240"}],"wp:term":[{"taxonomy":"product_brand","embeddable":true,"href":"https:\/\/uj.adatbank.ro\/lexikon\/wp-json\/wp\/v2\/product_brand?post=8240"},{"taxonomy":"product_cat","embeddable":true,"href":"https:\/\/uj.adatbank.ro\/lexikon\/wp-json\/wp\/v2\/product_cat?post=8240"},{"taxonomy":"product_tag","embeddable":true,"href":"https:\/\/uj.adatbank.ro\/lexikon\/wp-json\/wp\/v2\/product_tag?post=8240"}],"curies":[{"name":"wp","href":"https:\/\/api.w.org\/{rel}","templated":true}]}}