{"id":8244,"date":"2025-06-29T10:19:26","date_gmt":"2025-06-29T08:19:26","guid":{"rendered":"https:\/\/uj.adatbank.ro\/lexikon\/termek\/foris-peter\/"},"modified":"2025-07-16T14:11:37","modified_gmt":"2025-07-16T12:11:37","slug":"foris-peter","status":"publish","type":"product","link":"https:\/\/uj.adatbank.ro\/lexikon\/termek\/foris-peter\/","title":{"rendered":"F\u00d3RIS P\u00e9ter"},"content":{"rendered":"<p>? \u2020\u00a0? : sz\u00f6vetkezeti eln\u00f6k. \u2013 Ny\u00e1r\u00e1dszered\u00e1ban a Ny\u00e1r\u00e1d Sz\u00f6vetkezet eln\u00f6ke (1983\u201395). A rendszerv\u00e1lt\u00e1s (1989. dec.) ut\u00e1n siker\u00fclt a sz\u00f6vetkezetet megtartania, alkalmazkodni a piacgazdas\u00e1g k\u00f6vetelm\u00e9nyeihez \u00e9s fellend\u00edteni a termel\u00e9st. A kisiparosok a megl\u00e9v\u0151 vagyonnak egy r\u00e9sz\u00e9vel \u00e9letk\u00e9pes r\u00e9szv\u00e9ny t\u00e1rsas\u00e1got hoztak l\u00e9tre (1992\u2013).<br \/>\n<strong>Irod.:<\/strong> Ny\u00e1r\u00e1dszereda<\/p>\n","protected":false},"excerpt":{"rendered":"<p>? \u2020\u00a0? : sz\u00f6vetkezeti eln\u00f6k. \u2013 Ny\u00e1r\u00e1dszered\u00e1ban a Ny\u00e1r\u00e1d Sz\u00f6vetkezet eln\u00f6ke (1983\u201395). A rendszerv\u00e1lt\u00e1s (1989. dec.) ut\u00e1n siker\u00fclt a sz\u00f6vetkezetet megtartania, alkalmazkodni a piacgazdas\u00e1g k\u00f6vetelm\u00e9nyeihez \u00e9s fellend\u00edteni a termel\u00e9st. A kisiparosok a megl\u00e9v\u0151 vagyonnak egy r\u00e9sz\u00e9vel \u00e9letk\u00e9pes r\u00e9szv\u00e9ny t\u00e1rsas\u00e1got hoztak l\u00e9tre (1992\u2013). Irod.: Ny\u00e1r\u00e1dszereda<\/p>\n","protected":false},"featured_media":0,"comment_status":"open","ping_status":"closed","template":"","meta":[],"product_brand":[],"product_cat":[137],"product_tag":[],"class_list":{"0":"post-8244","1":"product","2":"type-product","3":"status-publish","5":"product_cat-maros-megyei-eletrajzi-lexikon","7":"first","8":"instock","9":"shipping-taxable","10":"product-type-simple"},"_links":{"self":[{"href":"https:\/\/uj.adatbank.ro\/lexikon\/wp-json\/wp\/v2\/product\/8244","targetHints":{"allow":["GET"]}}],"collection":[{"href":"https:\/\/uj.adatbank.ro\/lexikon\/wp-json\/wp\/v2\/product"}],"about":[{"href":"https:\/\/uj.adatbank.ro\/lexikon\/wp-json\/wp\/v2\/types\/product"}],"replies":[{"embeddable":true,"href":"https:\/\/uj.adatbank.ro\/lexikon\/wp-json\/wp\/v2\/comments?post=8244"}],"wp:attachment":[{"href":"https:\/\/uj.adatbank.ro\/lexikon\/wp-json\/wp\/v2\/media?parent=8244"}],"wp:term":[{"taxonomy":"product_brand","embeddable":true,"href":"https:\/\/uj.adatbank.ro\/lexikon\/wp-json\/wp\/v2\/product_brand?post=8244"},{"taxonomy":"product_cat","embeddable":true,"href":"https:\/\/uj.adatbank.ro\/lexikon\/wp-json\/wp\/v2\/product_cat?post=8244"},{"taxonomy":"product_tag","embeddable":true,"href":"https:\/\/uj.adatbank.ro\/lexikon\/wp-json\/wp\/v2\/product_tag?post=8244"}],"curies":[{"name":"wp","href":"https:\/\/api.w.org\/{rel}","templated":true}]}}