{"id":8250,"date":"2025-06-29T10:19:37","date_gmt":"2025-06-29T08:19:37","guid":{"rendered":"https:\/\/uj.adatbank.ro\/lexikon\/termek\/forro-laszlo-%c2%a7\/"},"modified":"2025-06-29T10:19:37","modified_gmt":"2025-06-29T08:19:37","slug":"forro-laszlo-%c2%a7","status":"publish","type":"product","link":"https:\/\/uj.adatbank.ro\/lexikon\/termek\/forro-laszlo-%c2%a7\/","title":{"rendered":"FORR\u00d3 L\u00e1szl\u00f3, \u00a7"},"content":{"rendered":"<p>1932.? \u2020\u00a0Mv., ? : zenetan\u00e1r. \u2013 <strong>F. m.:<\/strong> Karvezet\u0151k k\u00f6nyve (Szalman Lor\u00e1nd-, Zolt\u00e1n Alad\u00e1rral; Mv., 1968) meg kell keress\u00fck az \u00e9letrajzi adatait\u00a0!!!<\/br><\/p>\n","protected":false},"excerpt":{"rendered":"<p>1932.? \u2020\u00a0Mv., ? : zenetan\u00e1r. \u2013 F. m.: Karvezet\u0151k k\u00f6nyve (Szalman Lor\u00e1nd-, Zolt\u00e1n Alad\u00e1rral; Mv., 1968) meg kell keress\u00fck az \u00e9letrajzi adatait\u00a0!!!<\/p>\n","protected":false},"featured_media":0,"comment_status":"open","ping_status":"closed","template":"","meta":[],"product_brand":[],"product_cat":[137],"product_tag":[],"class_list":{"0":"post-8250","1":"product","2":"type-product","3":"status-publish","5":"product_cat-maros-megyei-eletrajzi-lexikon","7":"first","8":"instock","9":"shipping-taxable","10":"product-type-simple"},"_links":{"self":[{"href":"https:\/\/uj.adatbank.ro\/lexikon\/wp-json\/wp\/v2\/product\/8250","targetHints":{"allow":["GET"]}}],"collection":[{"href":"https:\/\/uj.adatbank.ro\/lexikon\/wp-json\/wp\/v2\/product"}],"about":[{"href":"https:\/\/uj.adatbank.ro\/lexikon\/wp-json\/wp\/v2\/types\/product"}],"replies":[{"embeddable":true,"href":"https:\/\/uj.adatbank.ro\/lexikon\/wp-json\/wp\/v2\/comments?post=8250"}],"wp:attachment":[{"href":"https:\/\/uj.adatbank.ro\/lexikon\/wp-json\/wp\/v2\/media?parent=8250"}],"wp:term":[{"taxonomy":"product_brand","embeddable":true,"href":"https:\/\/uj.adatbank.ro\/lexikon\/wp-json\/wp\/v2\/product_brand?post=8250"},{"taxonomy":"product_cat","embeddable":true,"href":"https:\/\/uj.adatbank.ro\/lexikon\/wp-json\/wp\/v2\/product_cat?post=8250"},{"taxonomy":"product_tag","embeddable":true,"href":"https:\/\/uj.adatbank.ro\/lexikon\/wp-json\/wp\/v2\/product_tag?post=8250"}],"curies":[{"name":"wp","href":"https:\/\/api.w.org\/{rel}","templated":true}]}}