{"id":8254,"date":"2025-06-29T10:19:46","date_gmt":"2025-06-29T08:19:46","guid":{"rendered":"https:\/\/uj.adatbank.ro\/lexikon\/termek\/foszto-juliska\/"},"modified":"2025-06-29T10:19:46","modified_gmt":"2025-06-29T08:19:46","slug":"foszto-juliska","status":"publish","type":"product","link":"https:\/\/uj.adatbank.ro\/lexikon\/termek\/foszto-juliska\/","title":{"rendered":"FOSZT\u00d3 J\u00faliska"},"content":{"rendered":"<p>? \u2020\u00a0? : f\u00e9nyk\u00e9p\u00e9sz. \u2013 Mv.-en Weitraub f\u00e9nyk\u00e9p\u00e9sszel m\u0171k\u00f6dtettek f\u00e9nyk\u00e9p\u00e9szeti m\u0171helyt, majd saj\u00e1t m\u0171helye volt a F\u0151t\u00e9r 31. sz. alatt (1920. k., m\u00e9g hirdette m\u0171term\u00e9t, 1926). <br \/><strong>Irod.:<\/strong> T\u00f6r\u00f6k G\u00e1sp\u00e1r: Visszapillant\u00e1s a fot\u00f3m\u0171v\u00e9szet v\u00e1s\u00e1rhelyi el\u0151zm\u00e9nyeire (N\u00fa., M\u00fazsa, 302. sz., 1997. j\u00fal. 11.)<\/br><\/p>\n","protected":false},"excerpt":{"rendered":"<p>? \u2020\u00a0? : f\u00e9nyk\u00e9p\u00e9sz. \u2013 Mv.-en Weitraub f\u00e9nyk\u00e9p\u00e9sszel m\u0171k\u00f6dtettek f\u00e9nyk\u00e9p\u00e9szeti m\u0171helyt, majd saj\u00e1t m\u0171helye volt a F\u0151t\u00e9r 31. sz. alatt (1920. k., m\u00e9g hirdette m\u0171term\u00e9t, 1926). Irod.: T\u00f6r\u00f6k G\u00e1sp\u00e1r: Visszapillant\u00e1s a fot\u00f3m\u0171v\u00e9szet v\u00e1s\u00e1rhelyi el\u0151zm\u00e9nyeire (N\u00fa., M\u00fazsa, 302. sz., 1997. j\u00fal. 11.)<\/p>\n","protected":false},"featured_media":0,"comment_status":"open","ping_status":"closed","template":"","meta":[],"product_brand":[],"product_cat":[137],"product_tag":[],"class_list":{"0":"post-8254","1":"product","2":"type-product","3":"status-publish","5":"product_cat-maros-megyei-eletrajzi-lexikon","7":"first","8":"instock","9":"shipping-taxable","10":"product-type-simple"},"_links":{"self":[{"href":"https:\/\/uj.adatbank.ro\/lexikon\/wp-json\/wp\/v2\/product\/8254","targetHints":{"allow":["GET"]}}],"collection":[{"href":"https:\/\/uj.adatbank.ro\/lexikon\/wp-json\/wp\/v2\/product"}],"about":[{"href":"https:\/\/uj.adatbank.ro\/lexikon\/wp-json\/wp\/v2\/types\/product"}],"replies":[{"embeddable":true,"href":"https:\/\/uj.adatbank.ro\/lexikon\/wp-json\/wp\/v2\/comments?post=8254"}],"wp:attachment":[{"href":"https:\/\/uj.adatbank.ro\/lexikon\/wp-json\/wp\/v2\/media?parent=8254"}],"wp:term":[{"taxonomy":"product_brand","embeddable":true,"href":"https:\/\/uj.adatbank.ro\/lexikon\/wp-json\/wp\/v2\/product_brand?post=8254"},{"taxonomy":"product_cat","embeddable":true,"href":"https:\/\/uj.adatbank.ro\/lexikon\/wp-json\/wp\/v2\/product_cat?post=8254"},{"taxonomy":"product_tag","embeddable":true,"href":"https:\/\/uj.adatbank.ro\/lexikon\/wp-json\/wp\/v2\/product_tag?post=8254"}],"curies":[{"name":"wp","href":"https:\/\/api.w.org\/{rel}","templated":true}]}}