{"id":8257,"date":"2025-06-29T10:19:52","date_gmt":"2025-06-29T08:19:52","guid":{"rendered":"https:\/\/uj.adatbank.ro\/lexikon\/termek\/francu-angela\/"},"modified":"2025-06-29T10:19:52","modified_gmt":"2025-06-29T08:19:52","slug":"francu-angela","status":"publish","type":"product","link":"https:\/\/uj.adatbank.ro\/lexikon\/termek\/francu-angela\/","title":{"rendered":"FR\u00c2NCU Angela"},"content":{"rendered":"<p>Somostelke, 1917. szept. 6., \u2020 Dics\u0151szentm\u00e1rton, 1999.: tan\u00edt\u00f3n\u0151. \u2013 Iskol\u00e1it Mv.-en v\u00e9gezte, majd Bal\u00e1zsfalv\u00e1n tan\u00edt\u00f3i okl. -t szerzett. P\u00e1lyafut\u00e1sa sor\u00e1n tan\u00edtott: Somostelk\u00e9n (1936\u201348); K\u00fck\u00fcll\u0151fajszon (1948\u201353); Dics\u0151szentm\u00e1rton Bozias negyed\u00e9ben (1953\u201357); Dics\u0151szentm\u00e1rtonban a mai Traian Gimn.-ban nyugd\u00edjba vonul\u00e1s\u00e1ig (1957\u201372). P\u00e1ly\u00e1ja sor\u00e1n irodalmi k\u00f6r\u00f6ket szervezett, ir\u00e1ny\u00edtotta a Viitorul, Ml\u0103di\u0163e, Visurile noastre c. irodalmi di\u00e1klapokat. Tanul\u00f3ival sikeresen vett r\u00e9szt versenyeken. T\u00f6bb sajt\u00f3term\u00e9knek volt munkat\u00e1rsa, \u00e9s m\u00f3dszertani \u00edr\u00e1sokat is k\u00f6z\u00f6lt a Tribuna, St. R. \u00e9s m\u00e1s lapokban. A taner\u0151k pedag\u00f3giai k\u00f6r\u00e9n sz\u00e1mos el\u0151ad\u00e1st, tanulm\u00e1nyt, m\u00f3dszertani \u00fatmutat\u00f3kat tartott. Vezette a v\u00e1rosi Femina klubot (1979). Szorgalmazta az Elena din Ardeal k\u00f6lt\u0151n\u0151 s\u00edrj\u00e1nak m\u00e9lt\u00f3 rendbet\u00e9tel\u00e9t. Dics\u0151szentm\u00e1rton v\u00e1ros d\u00edszpolg\u00e1ra c\u00edmet post mortem nyerte el (1999). Kit\u0171ntet\u00e9sei: \u00cenv\u0103\u0163\u0103tor eviden\u0163iat, Grada\u0163ia de merit, Frunta\u015f \u00een gospod\u0103rirea ora\u015fului. \u2013 <strong>F. m.:<\/strong> <strong>szerk.:<\/strong> Culegere de materiale pentru dezvoltarea vorbirii la clasa I.; Jocuri exerci\u0163ii \u015fi activit\u0103\u0163i distractive pt. Cl. I. <br \/><strong>Irod.:<\/strong> C. L. (1998. okt. 22.); Omagiu; T\u00e2rn\u0103veni, cult. &#8211; ist.<\/br><\/p>\n","protected":false},"excerpt":{"rendered":"<p>Somostelke, 1917. szept. 6., \u2020 Dics\u0151szentm\u00e1rton, 1999.: tan\u00edt\u00f3n\u0151. \u2013 Iskol\u00e1it Mv.-en v\u00e9gezte, majd Bal\u00e1zsfalv\u00e1n tan\u00edt\u00f3i okl. -t szerzett. P\u00e1lyafut\u00e1sa sor\u00e1n tan\u00edtott: Somostelk\u00e9n (1936\u201348); K\u00fck\u00fcll\u0151fajszon (1948\u201353); Dics\u0151szentm\u00e1rton Bozias negyed\u00e9ben (1953\u201357); Dics\u0151szentm\u00e1rtonban a mai Traian Gimn.-ban nyugd\u00edjba vonul\u00e1s\u00e1ig (1957\u201372). P\u00e1ly\u00e1ja sor\u00e1n irodalmi k\u00f6r\u00f6ket szervezett, ir\u00e1ny\u00edtotta a Viitorul, Ml\u0103di\u0163e, Visurile noastre c. irodalmi di\u00e1klapokat. Tanul\u00f3ival sikeresen vett r\u00e9szt [&hellip;]<\/p>\n","protected":false},"featured_media":0,"comment_status":"open","ping_status":"closed","template":"","meta":[],"product_brand":[],"product_cat":[137],"product_tag":[],"class_list":{"0":"post-8257","1":"product","2":"type-product","3":"status-publish","5":"product_cat-maros-megyei-eletrajzi-lexikon","7":"first","8":"instock","9":"shipping-taxable","10":"product-type-simple"},"_links":{"self":[{"href":"https:\/\/uj.adatbank.ro\/lexikon\/wp-json\/wp\/v2\/product\/8257","targetHints":{"allow":["GET"]}}],"collection":[{"href":"https:\/\/uj.adatbank.ro\/lexikon\/wp-json\/wp\/v2\/product"}],"about":[{"href":"https:\/\/uj.adatbank.ro\/lexikon\/wp-json\/wp\/v2\/types\/product"}],"replies":[{"embeddable":true,"href":"https:\/\/uj.adatbank.ro\/lexikon\/wp-json\/wp\/v2\/comments?post=8257"}],"wp:attachment":[{"href":"https:\/\/uj.adatbank.ro\/lexikon\/wp-json\/wp\/v2\/media?parent=8257"}],"wp:term":[{"taxonomy":"product_brand","embeddable":true,"href":"https:\/\/uj.adatbank.ro\/lexikon\/wp-json\/wp\/v2\/product_brand?post=8257"},{"taxonomy":"product_cat","embeddable":true,"href":"https:\/\/uj.adatbank.ro\/lexikon\/wp-json\/wp\/v2\/product_cat?post=8257"},{"taxonomy":"product_tag","embeddable":true,"href":"https:\/\/uj.adatbank.ro\/lexikon\/wp-json\/wp\/v2\/product_tag?post=8257"}],"curies":[{"name":"wp","href":"https:\/\/api.w.org\/{rel}","templated":true}]}}