{"id":8258,"date":"2025-06-29T10:19:53","date_gmt":"2025-06-29T08:19:53","guid":{"rendered":"https:\/\/uj.adatbank.ro\/lexikon\/termek\/francu-gedeon\/"},"modified":"2025-06-29T10:19:53","modified_gmt":"2025-06-29T08:19:53","slug":"francu-gedeon","status":"publish","type":"product","link":"https:\/\/uj.adatbank.ro\/lexikon\/termek\/francu-gedeon\/","title":{"rendered":"FR\u00c2NCU Gedeon"},"content":{"rendered":"<p>Somostelke, 1894. aug. 2., \u2020 1955. m\u00e1j. 2. : Maros megye k\u00fcld\u00f6tte a gyulafeh\u00e9rv\u00e1ri nagygy\u0171l\u00e9sen (1918. dec. 1.). <br \/><strong>Irod.:<\/strong> Bosoanc\u0103<\/br><\/p>\n","protected":false},"excerpt":{"rendered":"<p>Somostelke, 1894. aug. 2., \u2020 1955. m\u00e1j. 2. : Maros megye k\u00fcld\u00f6tte a gyulafeh\u00e9rv\u00e1ri nagygy\u0171l\u00e9sen (1918. dec. 1.). Irod.: Bosoanc\u0103<\/p>\n","protected":false},"featured_media":0,"comment_status":"open","ping_status":"closed","template":"","meta":[],"product_brand":[],"product_cat":[137],"product_tag":[],"class_list":{"0":"post-8258","1":"product","2":"type-product","3":"status-publish","5":"product_cat-maros-megyei-eletrajzi-lexikon","7":"first","8":"instock","9":"shipping-taxable","10":"product-type-simple"},"_links":{"self":[{"href":"https:\/\/uj.adatbank.ro\/lexikon\/wp-json\/wp\/v2\/product\/8258","targetHints":{"allow":["GET"]}}],"collection":[{"href":"https:\/\/uj.adatbank.ro\/lexikon\/wp-json\/wp\/v2\/product"}],"about":[{"href":"https:\/\/uj.adatbank.ro\/lexikon\/wp-json\/wp\/v2\/types\/product"}],"replies":[{"embeddable":true,"href":"https:\/\/uj.adatbank.ro\/lexikon\/wp-json\/wp\/v2\/comments?post=8258"}],"wp:attachment":[{"href":"https:\/\/uj.adatbank.ro\/lexikon\/wp-json\/wp\/v2\/media?parent=8258"}],"wp:term":[{"taxonomy":"product_brand","embeddable":true,"href":"https:\/\/uj.adatbank.ro\/lexikon\/wp-json\/wp\/v2\/product_brand?post=8258"},{"taxonomy":"product_cat","embeddable":true,"href":"https:\/\/uj.adatbank.ro\/lexikon\/wp-json\/wp\/v2\/product_cat?post=8258"},{"taxonomy":"product_tag","embeddable":true,"href":"https:\/\/uj.adatbank.ro\/lexikon\/wp-json\/wp\/v2\/product_tag?post=8258"}],"curies":[{"name":"wp","href":"https:\/\/api.w.org\/{rel}","templated":true}]}}