{"id":8259,"date":"2025-06-29T10:19:55","date_gmt":"2025-06-29T08:19:55","guid":{"rendered":"https:\/\/uj.adatbank.ro\/lexikon\/termek\/francu-ioan\/"},"modified":"2025-06-29T10:19:55","modified_gmt":"2025-06-29T08:19:55","slug":"francu-ioan","status":"publish","type":"product","link":"https:\/\/uj.adatbank.ro\/lexikon\/termek\/francu-ioan\/","title":{"rendered":"FR\u00c2NCU Ioan"},"content":{"rendered":"<p>1895. \u2020 1976. : g\u00f6r. kat. pap. \u2013 Somostelk\u00e9n szolg\u00e1lt. A Dics\u0151szentm\u00e1rtonban megjelen\u0151 T\u00e2rnava hetilap f\u0151szerk. (1923\u2013). <br \/><strong>Irod.:<\/strong> T\u00e2rn\u0103veni, cult.-ist.<\/br><\/p>\n","protected":false},"excerpt":{"rendered":"<p>1895. \u2020 1976. : g\u00f6r. kat. pap. \u2013 Somostelk\u00e9n szolg\u00e1lt. A Dics\u0151szentm\u00e1rtonban megjelen\u0151 T\u00e2rnava hetilap f\u0151szerk. (1923\u2013). Irod.: T\u00e2rn\u0103veni, cult.-ist.<\/p>\n","protected":false},"featured_media":0,"comment_status":"open","ping_status":"closed","template":"","meta":[],"product_brand":[],"product_cat":[137],"product_tag":[],"class_list":{"0":"post-8259","1":"product","2":"type-product","3":"status-publish","5":"product_cat-maros-megyei-eletrajzi-lexikon","7":"first","8":"instock","9":"shipping-taxable","10":"product-type-simple"},"_links":{"self":[{"href":"https:\/\/uj.adatbank.ro\/lexikon\/wp-json\/wp\/v2\/product\/8259","targetHints":{"allow":["GET"]}}],"collection":[{"href":"https:\/\/uj.adatbank.ro\/lexikon\/wp-json\/wp\/v2\/product"}],"about":[{"href":"https:\/\/uj.adatbank.ro\/lexikon\/wp-json\/wp\/v2\/types\/product"}],"replies":[{"embeddable":true,"href":"https:\/\/uj.adatbank.ro\/lexikon\/wp-json\/wp\/v2\/comments?post=8259"}],"wp:attachment":[{"href":"https:\/\/uj.adatbank.ro\/lexikon\/wp-json\/wp\/v2\/media?parent=8259"}],"wp:term":[{"taxonomy":"product_brand","embeddable":true,"href":"https:\/\/uj.adatbank.ro\/lexikon\/wp-json\/wp\/v2\/product_brand?post=8259"},{"taxonomy":"product_cat","embeddable":true,"href":"https:\/\/uj.adatbank.ro\/lexikon\/wp-json\/wp\/v2\/product_cat?post=8259"},{"taxonomy":"product_tag","embeddable":true,"href":"https:\/\/uj.adatbank.ro\/lexikon\/wp-json\/wp\/v2\/product_tag?post=8259"}],"curies":[{"name":"wp","href":"https:\/\/api.w.org\/{rel}","templated":true}]}}