{"id":8262,"date":"2025-06-29T10:20:03","date_gmt":"2025-06-29T08:20:03","guid":{"rendered":"https:\/\/uj.adatbank.ro\/lexikon\/termek\/francu-mihai\/"},"modified":"2025-06-29T10:20:03","modified_gmt":"2025-06-29T08:20:03","slug":"francu-mihai","status":"publish","type":"product","link":"https:\/\/uj.adatbank.ro\/lexikon\/termek\/francu-mihai\/","title":{"rendered":"FR\u00c2NCU Mihai"},"content":{"rendered":"<p>Marosv\u00e9cs, 1909. nov 12, \u2020\u00a0? : ortodox pap. \u2013 Marosv\u00e9csen ortodox pap, b\u00fcntetett el\u0151\u00e9let\u0171. A Faliboga \u2013f\u00e9le \u00f6sszeesk\u00fcv\u00e9s IV. csoportj\u00e1nak tagja. Letart\u00f3ztatt\u00e1k (1957. m\u00e1j. 10.) El\u00edt\u00e9lt\u00e9k. <br \/><strong>Irod.:<\/strong> \u00c1ldozatok; P\u00e1l-Antal 2013<\/br><\/p>\n","protected":false},"excerpt":{"rendered":"<p>Marosv\u00e9cs, 1909. nov 12, \u2020\u00a0? : ortodox pap. \u2013 Marosv\u00e9csen ortodox pap, b\u00fcntetett el\u0151\u00e9let\u0171. A Faliboga \u2013f\u00e9le \u00f6sszeesk\u00fcv\u00e9s IV. csoportj\u00e1nak tagja. Letart\u00f3ztatt\u00e1k (1957. m\u00e1j. 10.) El\u00edt\u00e9lt\u00e9k. Irod.: \u00c1ldozatok; P\u00e1l-Antal 2013<\/p>\n","protected":false},"featured_media":0,"comment_status":"open","ping_status":"closed","template":"","meta":[],"product_brand":[],"product_cat":[137],"product_tag":[],"class_list":{"0":"post-8262","1":"product","2":"type-product","3":"status-publish","5":"product_cat-maros-megyei-eletrajzi-lexikon","7":"first","8":"instock","9":"shipping-taxable","10":"product-type-simple"},"_links":{"self":[{"href":"https:\/\/uj.adatbank.ro\/lexikon\/wp-json\/wp\/v2\/product\/8262","targetHints":{"allow":["GET"]}}],"collection":[{"href":"https:\/\/uj.adatbank.ro\/lexikon\/wp-json\/wp\/v2\/product"}],"about":[{"href":"https:\/\/uj.adatbank.ro\/lexikon\/wp-json\/wp\/v2\/types\/product"}],"replies":[{"embeddable":true,"href":"https:\/\/uj.adatbank.ro\/lexikon\/wp-json\/wp\/v2\/comments?post=8262"}],"wp:attachment":[{"href":"https:\/\/uj.adatbank.ro\/lexikon\/wp-json\/wp\/v2\/media?parent=8262"}],"wp:term":[{"taxonomy":"product_brand","embeddable":true,"href":"https:\/\/uj.adatbank.ro\/lexikon\/wp-json\/wp\/v2\/product_brand?post=8262"},{"taxonomy":"product_cat","embeddable":true,"href":"https:\/\/uj.adatbank.ro\/lexikon\/wp-json\/wp\/v2\/product_cat?post=8262"},{"taxonomy":"product_tag","embeddable":true,"href":"https:\/\/uj.adatbank.ro\/lexikon\/wp-json\/wp\/v2\/product_tag?post=8262"}],"curies":[{"name":"wp","href":"https:\/\/api.w.org\/{rel}","templated":true}]}}