{"id":8264,"date":"2025-06-29T10:20:06","date_gmt":"2025-06-29T08:20:06","guid":{"rendered":"https:\/\/uj.adatbank.ro\/lexikon\/termek\/frank-emil-%c2%a7\/"},"modified":"2025-06-29T10:20:06","modified_gmt":"2025-06-29T08:20:06","slug":"frank-emil-%c2%a7","status":"publish","type":"product","link":"https:\/\/uj.adatbank.ro\/lexikon\/termek\/frank-emil-%c2%a7\/","title":{"rendered":"FRANK Emil, \u00a7"},"content":{"rendered":"<p>? \u2020\u00a0? : keresked\u0151, igazgat\u00f3, polg\u00e1rmester. \u2013 Sz\u00e1szr\u00e9geni keresked\u0151, az ort. zsid\u00f3 hitk. eln\u00f6ke. \u0150 is \u00e9s csal\u00e1dj\u00e1nak t\u00f6bb tagja is r\u00e9szt vett az I. vh. harcaiban, \u00e9s h\u0151si halottjaik is voltak. A sz\u00e1szr\u00e9geni Foresta Transilv\u0103nean\u0103 fafeldolgoz\u00f3- \u00e9s l\u00e1dagy\u00e1r a CASBI \u00e1ltal kinevezett ellen\u0151rz\u0151 vezet\u0151je, majd a v\u00e1ros alpolg\u00e1rmestere (1948\u2013). <br \/><strong>Irod.:<\/strong> Bartos Zolt\u00e1n; M. hadviselt zsid\u00f3k; Reghin \u2013 Av\u00e2ntul; Reghin, militari<\/br><\/p>\n","protected":false},"excerpt":{"rendered":"<p>? \u2020\u00a0? : keresked\u0151, igazgat\u00f3, polg\u00e1rmester. \u2013 Sz\u00e1szr\u00e9geni keresked\u0151, az ort. zsid\u00f3 hitk. eln\u00f6ke. \u0150 is \u00e9s csal\u00e1dj\u00e1nak t\u00f6bb tagja is r\u00e9szt vett az I. vh. harcaiban, \u00e9s h\u0151si halottjaik is voltak. A sz\u00e1szr\u00e9geni Foresta Transilv\u0103nean\u0103 fafeldolgoz\u00f3- \u00e9s l\u00e1dagy\u00e1r a CASBI \u00e1ltal kinevezett ellen\u0151rz\u0151 vezet\u0151je, majd a v\u00e1ros alpolg\u00e1rmestere (1948\u2013). Irod.: Bartos Zolt\u00e1n; M. hadviselt [&hellip;]<\/p>\n","protected":false},"featured_media":0,"comment_status":"open","ping_status":"closed","template":"","meta":[],"product_brand":[],"product_cat":[137],"product_tag":[],"class_list":{"0":"post-8264","1":"product","2":"type-product","3":"status-publish","5":"product_cat-maros-megyei-eletrajzi-lexikon","7":"first","8":"instock","9":"shipping-taxable","10":"product-type-simple"},"_links":{"self":[{"href":"https:\/\/uj.adatbank.ro\/lexikon\/wp-json\/wp\/v2\/product\/8264","targetHints":{"allow":["GET"]}}],"collection":[{"href":"https:\/\/uj.adatbank.ro\/lexikon\/wp-json\/wp\/v2\/product"}],"about":[{"href":"https:\/\/uj.adatbank.ro\/lexikon\/wp-json\/wp\/v2\/types\/product"}],"replies":[{"embeddable":true,"href":"https:\/\/uj.adatbank.ro\/lexikon\/wp-json\/wp\/v2\/comments?post=8264"}],"wp:attachment":[{"href":"https:\/\/uj.adatbank.ro\/lexikon\/wp-json\/wp\/v2\/media?parent=8264"}],"wp:term":[{"taxonomy":"product_brand","embeddable":true,"href":"https:\/\/uj.adatbank.ro\/lexikon\/wp-json\/wp\/v2\/product_brand?post=8264"},{"taxonomy":"product_cat","embeddable":true,"href":"https:\/\/uj.adatbank.ro\/lexikon\/wp-json\/wp\/v2\/product_cat?post=8264"},{"taxonomy":"product_tag","embeddable":true,"href":"https:\/\/uj.adatbank.ro\/lexikon\/wp-json\/wp\/v2\/product_tag?post=8264"}],"curies":[{"name":"wp","href":"https:\/\/api.w.org\/{rel}","templated":true}]}}