{"id":8266,"date":"2025-06-29T10:20:10","date_gmt":"2025-06-29T08:20:10","guid":{"rendered":"https:\/\/uj.adatbank.ro\/lexikon\/termek\/frank-valentin\/"},"modified":"2025-06-29T10:20:10","modified_gmt":"2025-06-29T08:20:10","slug":"frank-valentin","status":"publish","type":"product","link":"https:\/\/uj.adatbank.ro\/lexikon\/termek\/frank-valentin\/","title":{"rendered":"FRANK Valentin"},"content":{"rendered":"<p>Sz\u00e1szr\u00e9gen, 1590, \u2020 Szeben, 1648. m\u00e1j. 9.: tan\u00e1r, kir\u00e1lyb\u00edr\u00f3. \u2013 Apja Sz\u00e1szr\u00e9gen polg\u00e1rmestere volt. \u2013 Iskol\u00e1it Beszterc\u00e9n, Kv.-on v\u00e9gezte, B\u00e9csben j\u00e1rt egyetemre (1613\u2013), Srassburgban folytatta tanulm\u00e1nyait (1622\u201323). Visszat\u00e9rt sz\u00fcl\u0151v\u00e1ros\u00e1ba (1625), majd ugyanabban az \u00e9vben megv\u00e1lasztott\u00e1k a szebeni gimn. rektor\u00e1v\u00e1. Tartom\u00e1nyi jegyz\u0151 (1626\u2013), Sz\u00e1szr\u00e9gen polg\u00e1rmestere (1639. dec. 29. \u2013), majd Szeben kir\u00e1lyb\u00edr\u00f3ja \u00e9s a sz\u00e1sz nemzet \u00bbcomes\u00ab -\u00e9v\u00e9 v\u00e1lasztott\u00e1k (1645. j\u00fan. 15.), e tiszts\u00e9get hal\u00e1l\u00e1ig bet\u00f6lt\u00f6tte. S\u00edrk\u00f6ve a Bruckenthal M\u00fazeum gy\u0171jtem\u00e9ny\u00e9ben tal\u00e1lhat\u00f3 (Elias Nikolai k\u0151farag\u00f3 munk\u00e1ja). <br \/><strong>Irod.:<\/strong> S\u00e4chsisch-Regen; Todea 2013<\/br><\/p>\n","protected":false},"excerpt":{"rendered":"<p>Sz\u00e1szr\u00e9gen, 1590, \u2020 Szeben, 1648. m\u00e1j. 9.: tan\u00e1r, kir\u00e1lyb\u00edr\u00f3. \u2013 Apja Sz\u00e1szr\u00e9gen polg\u00e1rmestere volt. \u2013 Iskol\u00e1it Beszterc\u00e9n, Kv.-on v\u00e9gezte, B\u00e9csben j\u00e1rt egyetemre (1613\u2013), Srassburgban folytatta tanulm\u00e1nyait (1622\u201323). Visszat\u00e9rt sz\u00fcl\u0151v\u00e1ros\u00e1ba (1625), majd ugyanabban az \u00e9vben megv\u00e1lasztott\u00e1k a szebeni gimn. rektor\u00e1v\u00e1. Tartom\u00e1nyi jegyz\u0151 (1626\u2013), Sz\u00e1szr\u00e9gen polg\u00e1rmestere (1639. dec. 29. \u2013), majd Szeben kir\u00e1lyb\u00edr\u00f3ja \u00e9s a sz\u00e1sz nemzet [&hellip;]<\/p>\n","protected":false},"featured_media":0,"comment_status":"open","ping_status":"closed","template":"","meta":[],"product_brand":[],"product_cat":[137],"product_tag":[],"class_list":{"0":"post-8266","1":"product","2":"type-product","3":"status-publish","5":"product_cat-maros-megyei-eletrajzi-lexikon","7":"first","8":"instock","9":"shipping-taxable","10":"product-type-simple"},"_links":{"self":[{"href":"https:\/\/uj.adatbank.ro\/lexikon\/wp-json\/wp\/v2\/product\/8266","targetHints":{"allow":["GET"]}}],"collection":[{"href":"https:\/\/uj.adatbank.ro\/lexikon\/wp-json\/wp\/v2\/product"}],"about":[{"href":"https:\/\/uj.adatbank.ro\/lexikon\/wp-json\/wp\/v2\/types\/product"}],"replies":[{"embeddable":true,"href":"https:\/\/uj.adatbank.ro\/lexikon\/wp-json\/wp\/v2\/comments?post=8266"}],"wp:attachment":[{"href":"https:\/\/uj.adatbank.ro\/lexikon\/wp-json\/wp\/v2\/media?parent=8266"}],"wp:term":[{"taxonomy":"product_brand","embeddable":true,"href":"https:\/\/uj.adatbank.ro\/lexikon\/wp-json\/wp\/v2\/product_brand?post=8266"},{"taxonomy":"product_cat","embeddable":true,"href":"https:\/\/uj.adatbank.ro\/lexikon\/wp-json\/wp\/v2\/product_cat?post=8266"},{"taxonomy":"product_tag","embeddable":true,"href":"https:\/\/uj.adatbank.ro\/lexikon\/wp-json\/wp\/v2\/product_tag?post=8266"}],"curies":[{"name":"wp","href":"https:\/\/api.w.org\/{rel}","templated":true}]}}