{"id":8269,"date":"2025-06-29T10:20:14","date_gmt":"2025-06-29T08:20:14","guid":{"rendered":"https:\/\/uj.adatbank.ro\/lexikon\/termek\/frankl-mozes-izsak\/"},"modified":"2025-06-29T10:20:14","modified_gmt":"2025-06-29T08:20:14","slug":"frankl-mozes-izsak","status":"publish","type":"product","link":"https:\/\/uj.adatbank.ro\/lexikon\/termek\/frankl-mozes-izsak\/","title":{"rendered":"FRANKL M\u00f3zes Izs\u00e1k"},"content":{"rendered":"<p>? \u2020\u00a0? : rabbi. \u2013 N\u00e1zn\u00e1nfalv\u00e1n szolg\u00e1lt. Megtoldotta a n\u00e1zn\u00e1nfalvi templomot (1785), a hitk\u00f6zs\u00e9g eln\u00f6ke (m\u00e9g 1802.-ben is). <br \/><strong>Irod.:<\/strong> \u00dajv\u00e1ri<\/br><\/p>\n","protected":false},"excerpt":{"rendered":"<p>? \u2020\u00a0? : rabbi. \u2013 N\u00e1zn\u00e1nfalv\u00e1n szolg\u00e1lt. Megtoldotta a n\u00e1zn\u00e1nfalvi templomot (1785), a hitk\u00f6zs\u00e9g eln\u00f6ke (m\u00e9g 1802.-ben is). Irod.: \u00dajv\u00e1ri<\/p>\n","protected":false},"featured_media":0,"comment_status":"open","ping_status":"closed","template":"","meta":[],"product_brand":[],"product_cat":[137],"product_tag":[],"class_list":{"0":"post-8269","1":"product","2":"type-product","3":"status-publish","5":"product_cat-maros-megyei-eletrajzi-lexikon","7":"first","8":"instock","9":"shipping-taxable","10":"product-type-simple"},"_links":{"self":[{"href":"https:\/\/uj.adatbank.ro\/lexikon\/wp-json\/wp\/v2\/product\/8269","targetHints":{"allow":["GET"]}}],"collection":[{"href":"https:\/\/uj.adatbank.ro\/lexikon\/wp-json\/wp\/v2\/product"}],"about":[{"href":"https:\/\/uj.adatbank.ro\/lexikon\/wp-json\/wp\/v2\/types\/product"}],"replies":[{"embeddable":true,"href":"https:\/\/uj.adatbank.ro\/lexikon\/wp-json\/wp\/v2\/comments?post=8269"}],"wp:attachment":[{"href":"https:\/\/uj.adatbank.ro\/lexikon\/wp-json\/wp\/v2\/media?parent=8269"}],"wp:term":[{"taxonomy":"product_brand","embeddable":true,"href":"https:\/\/uj.adatbank.ro\/lexikon\/wp-json\/wp\/v2\/product_brand?post=8269"},{"taxonomy":"product_cat","embeddable":true,"href":"https:\/\/uj.adatbank.ro\/lexikon\/wp-json\/wp\/v2\/product_cat?post=8269"},{"taxonomy":"product_tag","embeddable":true,"href":"https:\/\/uj.adatbank.ro\/lexikon\/wp-json\/wp\/v2\/product_tag?post=8269"}],"curies":[{"name":"wp","href":"https:\/\/api.w.org\/{rel}","templated":true}]}}