{"id":8270,"date":"2025-06-29T10:20:16","date_gmt":"2025-06-29T08:20:16","guid":{"rendered":"https:\/\/uj.adatbank.ro\/lexikon\/termek\/fratai-matyas\/"},"modified":"2025-06-29T10:20:16","modified_gmt":"2025-06-29T08:20:16","slug":"fratai-matyas","status":"publish","type":"product","link":"https:\/\/uj.adatbank.ro\/lexikon\/termek\/fratai-matyas\/","title":{"rendered":"FR\u00c1TAI M\u00e1ty\u00e1s"},"content":{"rendered":"<p>? \u2020\u00a0? : de\u00e1k. \u2013 Al\u00e1rd Ferenc \u00e9s Szarvasdi Mikl\u00f3s elleni perben okm\u00e1nnyal igazolta, hogy a Kakasd hat\u00e1r\u00e1ban fekv\u0151 B\u00facs\u00fapada nev\u0171 f\u00f6lddarabhoz, amely a Kakas Imre birtoka volt, ahhoz a felpereseknek semmi joguk sincs. Szapolyai J\u00e1nos erd. vajda, a sz\u00e9kelyek isp\u00e1nja, s a kir\u00e1lyi hadak f\u0151kapit\u00e1nya megparancsolta Maros sz\u00e9k kapit\u00e1ny\u00e1nak, kir\u00e1ly- \u00e9s sz\u00e9kb\u00edr\u00e1j\u00e1nak, s a sz\u00e9k t\u00f6bbi el\u0151kel\u0151inek, \u00f6regeinek \u00e9s t\u00e1blab\u00edr\u00e1inak, hogy F. M.-t ezen f\u00f6ld birtok\u00e1ba iktass\u00e1k vissza (H\u00e1tszeg, 1515. okt. 9.). Panyiti Al\u00e1rd Ferenc abban a perben marasztaltatott el, melyet F. M. ellen ind\u00edtott patvarkod\u00e1s c\u00edm\u00e9n, ezt h\u00e9derf\u00e1ji Barlab\u00e1si L\u00e9n\u00e1rt, erd\u00e9lyi alvajda \u00e9s sz\u00e9kelyek alisp\u00e1nja bizony\u00edtotta, hogy nem v\u00e9tett (H\u00e9derf\u00e1j\u00e1n, 1524. jan. 13.). <br \/><strong>Irod.:<\/strong> SzOkl 1, 2.<\/br><\/p>\n","protected":false},"excerpt":{"rendered":"<p>? \u2020\u00a0? : de\u00e1k. \u2013 Al\u00e1rd Ferenc \u00e9s Szarvasdi Mikl\u00f3s elleni perben okm\u00e1nnyal igazolta, hogy a Kakasd hat\u00e1r\u00e1ban fekv\u0151 B\u00facs\u00fapada nev\u0171 f\u00f6lddarabhoz, amely a Kakas Imre birtoka volt, ahhoz a felpereseknek semmi joguk sincs. Szapolyai J\u00e1nos erd. vajda, a sz\u00e9kelyek isp\u00e1nja, s a kir\u00e1lyi hadak f\u0151kapit\u00e1nya megparancsolta Maros sz\u00e9k kapit\u00e1ny\u00e1nak, kir\u00e1ly- \u00e9s sz\u00e9kb\u00edr\u00e1j\u00e1nak, s a [&hellip;]<\/p>\n","protected":false},"featured_media":0,"comment_status":"open","ping_status":"closed","template":"","meta":[],"product_brand":[],"product_cat":[137],"product_tag":[],"class_list":{"0":"post-8270","1":"product","2":"type-product","3":"status-publish","5":"product_cat-maros-megyei-eletrajzi-lexikon","7":"first","8":"instock","9":"shipping-taxable","10":"product-type-simple"},"_links":{"self":[{"href":"https:\/\/uj.adatbank.ro\/lexikon\/wp-json\/wp\/v2\/product\/8270","targetHints":{"allow":["GET"]}}],"collection":[{"href":"https:\/\/uj.adatbank.ro\/lexikon\/wp-json\/wp\/v2\/product"}],"about":[{"href":"https:\/\/uj.adatbank.ro\/lexikon\/wp-json\/wp\/v2\/types\/product"}],"replies":[{"embeddable":true,"href":"https:\/\/uj.adatbank.ro\/lexikon\/wp-json\/wp\/v2\/comments?post=8270"}],"wp:attachment":[{"href":"https:\/\/uj.adatbank.ro\/lexikon\/wp-json\/wp\/v2\/media?parent=8270"}],"wp:term":[{"taxonomy":"product_brand","embeddable":true,"href":"https:\/\/uj.adatbank.ro\/lexikon\/wp-json\/wp\/v2\/product_brand?post=8270"},{"taxonomy":"product_cat","embeddable":true,"href":"https:\/\/uj.adatbank.ro\/lexikon\/wp-json\/wp\/v2\/product_cat?post=8270"},{"taxonomy":"product_tag","embeddable":true,"href":"https:\/\/uj.adatbank.ro\/lexikon\/wp-json\/wp\/v2\/product_tag?post=8270"}],"curies":[{"name":"wp","href":"https:\/\/api.w.org\/{rel}","templated":true}]}}