{"id":8271,"date":"2025-06-29T10:20:17","date_gmt":"2025-06-29T08:20:17","guid":{"rendered":"https:\/\/uj.adatbank.ro\/lexikon\/termek\/fratai-osz\/"},"modified":"2025-06-29T10:20:17","modified_gmt":"2025-06-29T08:20:17","slug":"fratai-osz","status":"publish","type":"product","link":"https:\/\/uj.adatbank.ro\/lexikon\/termek\/fratai-osz\/","title":{"rendered":"FR\u00c1TAI \u0150sz"},"content":{"rendered":"<p>? \u2020\u00a0? : comes, birtokos. \u2013 Fiai: P\u00e9ter \u00e9s Mikl\u00f3s. \u2013 Az erd\u00e9lyi k\u00e1ptalan oklevele szerint (1293) a maga \u00e9s fiai \u00f6r\u00f6k\u00f6s nagym\u00e9hesi, mez\u0151velk\u00e9ri f\u00f6ldjeik fel\u00e9t eladt\u00e1k minden hasznukkal \u00e9s tartoz\u00e9kukkal egy\u00fctt, N\u00e1zn\u00e1nfalva birtokosainak \u00e9s a szentkir\u00e1lyi sz\u00e9kely servienseknek. <br \/><strong>Irod.:<\/strong> Sz\u00e9kelys\u00e9g<\/br><\/p>\n","protected":false},"excerpt":{"rendered":"<p>? \u2020\u00a0? : comes, birtokos. \u2013 Fiai: P\u00e9ter \u00e9s Mikl\u00f3s. \u2013 Az erd\u00e9lyi k\u00e1ptalan oklevele szerint (1293) a maga \u00e9s fiai \u00f6r\u00f6k\u00f6s nagym\u00e9hesi, mez\u0151velk\u00e9ri f\u00f6ldjeik fel\u00e9t eladt\u00e1k minden hasznukkal \u00e9s tartoz\u00e9kukkal egy\u00fctt, N\u00e1zn\u00e1nfalva birtokosainak \u00e9s a szentkir\u00e1lyi sz\u00e9kely servienseknek. Irod.: Sz\u00e9kelys\u00e9g<\/p>\n","protected":false},"featured_media":0,"comment_status":"open","ping_status":"closed","template":"","meta":[],"product_brand":[],"product_cat":[137],"product_tag":[],"class_list":{"0":"post-8271","1":"product","2":"type-product","3":"status-publish","5":"product_cat-maros-megyei-eletrajzi-lexikon","7":"first","8":"instock","9":"shipping-taxable","10":"product-type-simple"},"_links":{"self":[{"href":"https:\/\/uj.adatbank.ro\/lexikon\/wp-json\/wp\/v2\/product\/8271","targetHints":{"allow":["GET"]}}],"collection":[{"href":"https:\/\/uj.adatbank.ro\/lexikon\/wp-json\/wp\/v2\/product"}],"about":[{"href":"https:\/\/uj.adatbank.ro\/lexikon\/wp-json\/wp\/v2\/types\/product"}],"replies":[{"embeddable":true,"href":"https:\/\/uj.adatbank.ro\/lexikon\/wp-json\/wp\/v2\/comments?post=8271"}],"wp:attachment":[{"href":"https:\/\/uj.adatbank.ro\/lexikon\/wp-json\/wp\/v2\/media?parent=8271"}],"wp:term":[{"taxonomy":"product_brand","embeddable":true,"href":"https:\/\/uj.adatbank.ro\/lexikon\/wp-json\/wp\/v2\/product_brand?post=8271"},{"taxonomy":"product_cat","embeddable":true,"href":"https:\/\/uj.adatbank.ro\/lexikon\/wp-json\/wp\/v2\/product_cat?post=8271"},{"taxonomy":"product_tag","embeddable":true,"href":"https:\/\/uj.adatbank.ro\/lexikon\/wp-json\/wp\/v2\/product_tag?post=8271"}],"curies":[{"name":"wp","href":"https:\/\/api.w.org\/{rel}","templated":true}]}}