{"id":8272,"date":"2025-06-29T10:20:19","date_gmt":"2025-06-29T08:20:19","guid":{"rendered":"https:\/\/uj.adatbank.ro\/lexikon\/termek\/frater-bela-ippi-es-erkeserui\/"},"modified":"2025-06-29T10:20:19","modified_gmt":"2025-06-29T08:20:19","slug":"frater-bela-ippi-es-erkeserui","status":"publish","type":"product","link":"https:\/\/uj.adatbank.ro\/lexikon\/termek\/frater-bela-ippi-es-erkeserui\/","title":{"rendered":"FR\u00c1TER B\u00e9la, ippi \u00e9s \u00e9rkeser\u0171i"},"content":{"rendered":"<p>\u00c9rsemly\u00e9n, 1870. jan. 27., \u2020 Marosv\u00e9cs, 1935. m\u00e1rc. 5, Disznaj\u00f3n van a s\u00edrja, : \u00fcgyv\u00e9d, dalszerz\u0151. \u2013 F. B\u00e9la \u00e9s Rh\u00e9dey Julianna gr. -n\u0151 (1837\u20131924) fia. Nagyapja gr. Rh\u00e9dey Lajos, Martinuzzi Gy\u00f6rgy k\u00e9sei rokona. \u00d6ccse F. Lor\u00e1nd. Feles\u00e9ge: 1. Mik\u00f3 Ilona, meghalt kisl\u00e1nyuk sz\u00fclet\u00e9se ut\u00e1n; 2. gr. Korizmics Ir\u00e9n. V. Gy\u00f6rgy, angol kir. koron\u00e1z\u00e1sakor a Fr\u00e1ter fi\u00fak is hivatalosakvoltak a koron\u00e1z\u00e1si \u00fcnneps\u00e9gre (1911), mint a kir\u00e1lyn\u00e9 harmadik unokatestv\u00e9rei. \u2013 A debreceni koll.-ban tanult \u00e9s \u00e9retts\u00e9gizett, zene\u00f3r\u00e1kra is j\u00e1rt, zenei oktat\u00e1suk m\u00e1r a csal\u00e1dban anyja ir\u00e1ny\u00edt\u00e1s\u00e1val megkezd\u0151d\u00f6tt. A csell\u00f3 volt a kedves hangszere. Bp.-en szerzett \u00fcgyv\u00e9di diplom\u00e1t, majd doktor\u00e1lt \u00e9s uo. \u00fcgyv\u00e9di irod\u00e1t nyitott (1921-ig). Ekkor jelentek meg els\u0151 dalai. Testv\u00e9r\u00e9vel L\u00f3r\u00e1nddal k\u00f6z\u00f6sen \u00faj dalform\u00e1t teremtettek a m. zen\u00e9ben. Lor\u00e1nd (1872\u20131930) sokszor \u00e9nekelt a B\u00e9la dalaib\u00f3l is. Nemes Lajos zongorist\u00e1val tri\u00f3t alkottak, P\u00e1rizsban is fell\u00e9ptek (1905). Lor\u00e1nd hal\u00e1lakor r\u00e9szv\u00e9tnyilv\u00e1n\u00edt\u00f3 levelet kapott az angol kir\u00e1lyn\u0151t\u0151l. Disznaj\u00f3ra, a G\u00f6d\u00f6rh\u00e1tnak nevezett birtokr\u00e9szre, anyj\u00e1t\u00f3l \u00f6r\u00f6k\u00f6lt birtok\u00e1ra k\u00f6lt\u00f6z\u00f6tt csal\u00e1dj\u00e1val (1908\u2013), ahol erd\u0151t \u00edrtott, teny\u00e9sz\u00e1llatokat tartott, szeszgy\u00e1rat alap\u00edtott (1926 el\u0151tt), kast\u00e9lyt \u00e9p\u00edtetett (1913\u201318 \u0151sz\u00e9re lett k\u00e9sz), amit majd egy rom\u00e1n m\u00e9rn\u00f6k parancs\u00e1ra bontottak le (1947). Nemcsak munk\u00e1t adott a disznaj\u00f3iaknak \u2013 kert\u00e9szek, kocsisok, \u00e1llatgondoz\u00f3k, p\u00e1sztorok, b\u00e9resek, szeszgy\u00e1ri alkalmazottak, g\u00e9p\u00e9szek dolgoztak n\u00e1la, lak\u00e1st is kaptak, megtan\u00edtotta gazd\u00e1lkodni az embereket. Emellett tartalmas szorakoz\u00e1sukr\u00f3l is gondoskodott. Fon\u00f3kal\u00e1k\u00e1kat, m\u0171sorokat, b\u00e1lokat szervezett, a fiatals\u00e1got \u00e9nekeltette. A kast\u00e9lyban minden t\u00e9len rendezett egy fon\u00f3kal\u00e1k\u00e1t. Ferenc K\u00e1roly tan\u00edt\u00f3val k\u00f6z\u00f6sen alap\u00edtott\u00e1k meg a falu els\u0151 gazdak\u00f6r\u00e9t, a tejsz\u00f6vetkezetet. A fogyaszt\u00e1si \u00e9s \u00e9rt\u00e9kes\u00edt\u00f4 sz\u00f6vetkezet j\u00f6vedelm\u00e9b\u00f4l n\u00e9ph\u00e1zat \u00e9p\u00edtettek 23. 000 koron\u00e1\u00e9rt (1912), ez teret biztos\u00edtott a sz\u00f6vetkezetnek \u00e9s a t\u00e9li \u00f6sszej\u00f6veteleknek. Hetente tartott pr\u00f3b\u00e1t a dal\u00e1rd\u00e1val, olyan n\u00e9gysz\u00f3lam\u00fa \u00e9nekeket is tan\u00edtott melyeket temet\u00e9sen \u00e9nekelnek. Saj\u00e1t \u00e9s testv\u00e9re F. L\u00f3r\u00e1nd szerzem\u00e9nyeit is megtan\u00edtotta az \u00e9nekkarnak, ezek k\u00f6zismertt\u00e9 v\u00e1ltak. N\u00f3t\u00e1inak nagyr\u00e9sze Disznaj\u00f3n sz\u00fcletett a g\u00f6d\u00f6rh\u00e1ti kast\u00e9lyban: Disznaj\u00f3i templom k\u00f6r\u00fcl vir\u00e1gzik az orgona; Szerelemr\u0151l zeng a mad\u00e1r; A fon\u00f3ban sz\u00f3l a n\u00f3ta; Meg\u00e1radt a Maros; Ablakomban kiny\u00edlott a musk\u00e1tli; Szomor\u00fa a ny\u00e1rfaerd\u0151; Ami\u00f3ta asszony lett bel\u0151led stb. Ismertebb n\u00f3t\u00e1i : Nem vagyok \u00e9n aki voltam; Szomor\u00fa a ny\u00e1rfalev\u00e9l; Piros r\u00f3zs\u00e1k, feh\u00e9r r\u00f3zs\u00e1k; A vil\u00e1gon az az \u00e1rva; Az asszony, az asszony, jaj, de hamis port\u00e9ka; Volt egyszer egy feh\u00e9r r\u00f3zsa; R\u00f3zsabokor vir\u00e1gzik a kert\u00fcnkben. stb. Sokat tett Disznaj\u00f3 kult\u00far\u00e1j\u00e1nak fejl\u0151d\u00e9s\u00e9\u00e9rt. Tifuszban halt meg. Feles\u00e9g\u00e9t, a gr. -n\u0151t kilakoltatt\u00e1k a kast\u00e9lyb\u00f3l (1945 ut\u00e1n). \u2013 <strong>F. m.:<\/strong> Fr\u00e1ter B\u00e9la n\u00f3t\u00e1i = Cs\u0151sz Irma: Meg\u00e1radt a Maros: Disznaj\u00f3i dalosk\u00f6nyv (Mv., 2008). <br \/><strong>Irod.:<\/strong> B\u00f6l\u00f6ni Domokos: A Fr\u00e1terek \u00e9ve (N\u00fa., 2000. m\u00e1j. 31.); B\u00f6l\u00f6ni Domokos: Cs\u0151sz Irma c\u00edmeres k\u00f6nyve (N\u00fa. M\u00fazsa, 432. sz., 2000. febr. 26.); Cs\u0151sz Irma: Meg\u00e1radt a Maros: Disznaj\u00f3i dalosk\u00f6nyv (Mv., 2008); Mik\u00f3; MNL; Pan\u0103; Rh\u00e9deyek \u00e9s Fr\u00e1terek; R\u00daL; Sz\u00e1szr\u00e9gen \u00e9s vid\u00e9ke<\/br><\/p>\n","protected":false},"excerpt":{"rendered":"<p>\u00c9rsemly\u00e9n, 1870. jan. 27., \u2020 Marosv\u00e9cs, 1935. m\u00e1rc. 5, Disznaj\u00f3n van a s\u00edrja, : \u00fcgyv\u00e9d, dalszerz\u0151. \u2013 F. B\u00e9la \u00e9s Rh\u00e9dey Julianna gr. -n\u0151 (1837\u20131924) fia. Nagyapja gr. Rh\u00e9dey Lajos, Martinuzzi Gy\u00f6rgy k\u00e9sei rokona. \u00d6ccse F. Lor\u00e1nd. Feles\u00e9ge: 1. Mik\u00f3 Ilona, meghalt kisl\u00e1nyuk sz\u00fclet\u00e9se ut\u00e1n; 2. gr. Korizmics Ir\u00e9n. V. Gy\u00f6rgy, angol kir. koron\u00e1z\u00e1sakor a [&hellip;]<\/p>\n","protected":false},"featured_media":0,"comment_status":"open","ping_status":"closed","template":"","meta":[],"product_brand":[],"product_cat":[137],"product_tag":[],"class_list":{"0":"post-8272","1":"product","2":"type-product","3":"status-publish","5":"product_cat-maros-megyei-eletrajzi-lexikon","7":"first","8":"instock","9":"shipping-taxable","10":"product-type-simple"},"_links":{"self":[{"href":"https:\/\/uj.adatbank.ro\/lexikon\/wp-json\/wp\/v2\/product\/8272","targetHints":{"allow":["GET"]}}],"collection":[{"href":"https:\/\/uj.adatbank.ro\/lexikon\/wp-json\/wp\/v2\/product"}],"about":[{"href":"https:\/\/uj.adatbank.ro\/lexikon\/wp-json\/wp\/v2\/types\/product"}],"replies":[{"embeddable":true,"href":"https:\/\/uj.adatbank.ro\/lexikon\/wp-json\/wp\/v2\/comments?post=8272"}],"wp:attachment":[{"href":"https:\/\/uj.adatbank.ro\/lexikon\/wp-json\/wp\/v2\/media?parent=8272"}],"wp:term":[{"taxonomy":"product_brand","embeddable":true,"href":"https:\/\/uj.adatbank.ro\/lexikon\/wp-json\/wp\/v2\/product_brand?post=8272"},{"taxonomy":"product_cat","embeddable":true,"href":"https:\/\/uj.adatbank.ro\/lexikon\/wp-json\/wp\/v2\/product_cat?post=8272"},{"taxonomy":"product_tag","embeddable":true,"href":"https:\/\/uj.adatbank.ro\/lexikon\/wp-json\/wp\/v2\/product_tag?post=8272"}],"curies":[{"name":"wp","href":"https:\/\/api.w.org\/{rel}","templated":true}]}}