{"id":8275,"date":"2025-06-29T10:20:28","date_gmt":"2025-06-29T08:20:28","guid":{"rendered":"https:\/\/uj.adatbank.ro\/lexikon\/termek\/fratila-augustin-%c2%a7\/"},"modified":"2025-06-29T10:20:28","modified_gmt":"2025-06-29T08:20:28","slug":"fratila-augustin-%c2%a7","status":"publish","type":"product","link":"https:\/\/uj.adatbank.ro\/lexikon\/termek\/fratila-augustin-%c2%a7\/","title":{"rendered":"FR\u0102\u0162IL\u0102 Augustin, \u00a7"},"content":{"rendered":"<p>1885., \u2020\u00a0? : f\u0151szolgab\u00edr\u00f3. \u2013 A kolozsv\u00e1ri egyetem elv\u00e9gz\u00e9se (1912) ut\u00e1n Bal\u00e1zsfalv\u00e1n nyitott \u00fcgyv\u00e9di irod\u00e1t. Az els\u0151 vh.-ban kit\u00fcntett\u00e9k, ut\u00e1na szolgab\u00edr\u00f3 lett Bonyh\u00e1don (1926\u2013), Radn\u00f3ton (1930\u2013), Mv.-en vezet\u0151f\u0151szolgab\u00edr\u00f3 (1930\u2013). Az Astra j\u00e1r\u00e1si eln\u00f6ke, a bal\u00e1zsfalvi Sportklub ig. tagja, sz\u00e1mos t\u00e1rsdalmi \u00e9s kultur\u00e1lis egyes\u00fclet m\u0171k\u00f6d\u00e9s\u00e9ben vezet\u0151 szerepet j\u00e1tszott. <br \/><strong>Irod.:<\/strong> Ki kicsoda\u00a0?<\/br><\/p>\n","protected":false},"excerpt":{"rendered":"<p>1885., \u2020\u00a0? : f\u0151szolgab\u00edr\u00f3. \u2013 A kolozsv\u00e1ri egyetem elv\u00e9gz\u00e9se (1912) ut\u00e1n Bal\u00e1zsfalv\u00e1n nyitott \u00fcgyv\u00e9di irod\u00e1t. Az els\u0151 vh.-ban kit\u00fcntett\u00e9k, ut\u00e1na szolgab\u00edr\u00f3 lett Bonyh\u00e1don (1926\u2013), Radn\u00f3ton (1930\u2013), Mv.-en vezet\u0151f\u0151szolgab\u00edr\u00f3 (1930\u2013). Az Astra j\u00e1r\u00e1si eln\u00f6ke, a bal\u00e1zsfalvi Sportklub ig. tagja, sz\u00e1mos t\u00e1rsdalmi \u00e9s kultur\u00e1lis egyes\u00fclet m\u0171k\u00f6d\u00e9s\u00e9ben vezet\u0151 szerepet j\u00e1tszott. Irod.: Ki kicsoda\u00a0?<\/p>\n","protected":false},"featured_media":0,"comment_status":"open","ping_status":"closed","template":"","meta":[],"product_brand":[],"product_cat":[137],"product_tag":[],"class_list":{"0":"post-8275","1":"product","2":"type-product","3":"status-publish","5":"product_cat-maros-megyei-eletrajzi-lexikon","7":"first","8":"instock","9":"shipping-taxable","10":"product-type-simple"},"_links":{"self":[{"href":"https:\/\/uj.adatbank.ro\/lexikon\/wp-json\/wp\/v2\/product\/8275","targetHints":{"allow":["GET"]}}],"collection":[{"href":"https:\/\/uj.adatbank.ro\/lexikon\/wp-json\/wp\/v2\/product"}],"about":[{"href":"https:\/\/uj.adatbank.ro\/lexikon\/wp-json\/wp\/v2\/types\/product"}],"replies":[{"embeddable":true,"href":"https:\/\/uj.adatbank.ro\/lexikon\/wp-json\/wp\/v2\/comments?post=8275"}],"wp:attachment":[{"href":"https:\/\/uj.adatbank.ro\/lexikon\/wp-json\/wp\/v2\/media?parent=8275"}],"wp:term":[{"taxonomy":"product_brand","embeddable":true,"href":"https:\/\/uj.adatbank.ro\/lexikon\/wp-json\/wp\/v2\/product_brand?post=8275"},{"taxonomy":"product_cat","embeddable":true,"href":"https:\/\/uj.adatbank.ro\/lexikon\/wp-json\/wp\/v2\/product_cat?post=8275"},{"taxonomy":"product_tag","embeddable":true,"href":"https:\/\/uj.adatbank.ro\/lexikon\/wp-json\/wp\/v2\/product_tag?post=8275"}],"curies":[{"name":"wp","href":"https:\/\/api.w.org\/{rel}","templated":true}]}}