{"id":8279,"date":"2025-06-29T10:20:35","date_gmt":"2025-06-29T08:20:35","guid":{"rendered":"https:\/\/uj.adatbank.ro\/lexikon\/termek\/freidl-anton-frede-antonius-fraindl-anton\/"},"modified":"2025-06-29T10:20:35","modified_gmt":"2025-06-29T08:20:35","slug":"freidl-anton-frede-antonius-fraindl-anton","status":"publish","type":"product","link":"https:\/\/uj.adatbank.ro\/lexikon\/termek\/freidl-anton-frede-antonius-fraindl-anton\/","title":{"rendered":"FREIDL Anton, Frede Antonius, Fraindl Anton"},"content":{"rendered":"<p>? \u2020\u00a0? : tan\u00edt\u00f3. \u2013 A Mv. -re telep\u00edtett n\u00e9met mesteremberek k\u00e9r\u00e9s\u00e9re n\u00e9met iskol\u00e1t \u00e1ll\u00edtottak fel fi\u00fa- \u00e9s le\u00e1nyoszt\u00e1lyokkal. A fi\u00fa oszt\u00e1ly tan\u00edt\u00f3ja volt (1775). <br \/><strong>Irod.:<\/strong> Id\u0151t\u00e1r 1; P\u00e1l-Antal; 2009; P\u00e1l-Antal 2013<\/br><\/p>\n","protected":false},"excerpt":{"rendered":"<p>? \u2020\u00a0? : tan\u00edt\u00f3. \u2013 A Mv. -re telep\u00edtett n\u00e9met mesteremberek k\u00e9r\u00e9s\u00e9re n\u00e9met iskol\u00e1t \u00e1ll\u00edtottak fel fi\u00fa- \u00e9s le\u00e1nyoszt\u00e1lyokkal. A fi\u00fa oszt\u00e1ly tan\u00edt\u00f3ja volt (1775). Irod.: Id\u0151t\u00e1r 1; P\u00e1l-Antal; 2009; P\u00e1l-Antal 2013<\/p>\n","protected":false},"featured_media":0,"comment_status":"open","ping_status":"closed","template":"","meta":[],"product_brand":[],"product_cat":[137],"product_tag":[],"class_list":{"0":"post-8279","1":"product","2":"type-product","3":"status-publish","5":"product_cat-maros-megyei-eletrajzi-lexikon","7":"first","8":"instock","9":"shipping-taxable","10":"product-type-simple"},"_links":{"self":[{"href":"https:\/\/uj.adatbank.ro\/lexikon\/wp-json\/wp\/v2\/product\/8279","targetHints":{"allow":["GET"]}}],"collection":[{"href":"https:\/\/uj.adatbank.ro\/lexikon\/wp-json\/wp\/v2\/product"}],"about":[{"href":"https:\/\/uj.adatbank.ro\/lexikon\/wp-json\/wp\/v2\/types\/product"}],"replies":[{"embeddable":true,"href":"https:\/\/uj.adatbank.ro\/lexikon\/wp-json\/wp\/v2\/comments?post=8279"}],"wp:attachment":[{"href":"https:\/\/uj.adatbank.ro\/lexikon\/wp-json\/wp\/v2\/media?parent=8279"}],"wp:term":[{"taxonomy":"product_brand","embeddable":true,"href":"https:\/\/uj.adatbank.ro\/lexikon\/wp-json\/wp\/v2\/product_brand?post=8279"},{"taxonomy":"product_cat","embeddable":true,"href":"https:\/\/uj.adatbank.ro\/lexikon\/wp-json\/wp\/v2\/product_cat?post=8279"},{"taxonomy":"product_tag","embeddable":true,"href":"https:\/\/uj.adatbank.ro\/lexikon\/wp-json\/wp\/v2\/product_tag?post=8279"}],"curies":[{"name":"wp","href":"https:\/\/api.w.org\/{rel}","templated":true}]}}