{"id":8281,"date":"2025-06-29T10:20:37","date_gmt":"2025-06-29T08:20:37","guid":{"rendered":"https:\/\/uj.adatbank.ro\/lexikon\/termek\/frencheli-arnold-franckel-abraham\/"},"modified":"2025-06-29T10:20:37","modified_gmt":"2025-06-29T08:20:37","slug":"frencheli-arnold-franckel-abraham","status":"publish","type":"product","link":"https:\/\/uj.adatbank.ro\/lexikon\/termek\/frencheli-arnold-franckel-abraham\/","title":{"rendered":"FRENCHELI Arnold, Franckel \u00c1brah\u00e1m"},"content":{"rendered":"<p>Hajd\u00fab\u00f6sz\u00f6rm\u00e9ny, 1909., \u2020 ?: rabbi. \u2013 Tanulm\u00e1nyait sz\u00fcl\u0151hely\u00e9n v\u00e9gezte, majd Ny\u00e1r\u00e1dszered\u00e1ban hitk\u00f6zs\u00e9gi vezet\u0151 (1931). Mv.-r\u0151l feles\u00e9g\u00e9vel egy\u00fctt deport\u00e1lt\u00e1k (1944. m\u00e1j. 29.). <br \/><strong>Irod.:<\/strong> Mv. zsid\u00f3s\u00e1ga; Sz\u00e9kelyf\u00f6ld \u00ed. k<\/br><\/p>\n","protected":false},"excerpt":{"rendered":"<p>Hajd\u00fab\u00f6sz\u00f6rm\u00e9ny, 1909., \u2020 ?: rabbi. \u2013 Tanulm\u00e1nyait sz\u00fcl\u0151hely\u00e9n v\u00e9gezte, majd Ny\u00e1r\u00e1dszered\u00e1ban hitk\u00f6zs\u00e9gi vezet\u0151 (1931). Mv.-r\u0151l feles\u00e9g\u00e9vel egy\u00fctt deport\u00e1lt\u00e1k (1944. m\u00e1j. 29.). Irod.: Mv. zsid\u00f3s\u00e1ga; Sz\u00e9kelyf\u00f6ld \u00ed. k<\/p>\n","protected":false},"featured_media":0,"comment_status":"open","ping_status":"closed","template":"","meta":[],"product_brand":[],"product_cat":[137],"product_tag":[],"class_list":{"0":"post-8281","1":"product","2":"type-product","3":"status-publish","5":"product_cat-maros-megyei-eletrajzi-lexikon","7":"first","8":"instock","9":"shipping-taxable","10":"product-type-simple"},"_links":{"self":[{"href":"https:\/\/uj.adatbank.ro\/lexikon\/wp-json\/wp\/v2\/product\/8281","targetHints":{"allow":["GET"]}}],"collection":[{"href":"https:\/\/uj.adatbank.ro\/lexikon\/wp-json\/wp\/v2\/product"}],"about":[{"href":"https:\/\/uj.adatbank.ro\/lexikon\/wp-json\/wp\/v2\/types\/product"}],"replies":[{"embeddable":true,"href":"https:\/\/uj.adatbank.ro\/lexikon\/wp-json\/wp\/v2\/comments?post=8281"}],"wp:attachment":[{"href":"https:\/\/uj.adatbank.ro\/lexikon\/wp-json\/wp\/v2\/media?parent=8281"}],"wp:term":[{"taxonomy":"product_brand","embeddable":true,"href":"https:\/\/uj.adatbank.ro\/lexikon\/wp-json\/wp\/v2\/product_brand?post=8281"},{"taxonomy":"product_cat","embeddable":true,"href":"https:\/\/uj.adatbank.ro\/lexikon\/wp-json\/wp\/v2\/product_cat?post=8281"},{"taxonomy":"product_tag","embeddable":true,"href":"https:\/\/uj.adatbank.ro\/lexikon\/wp-json\/wp\/v2\/product_tag?post=8281"}],"curies":[{"name":"wp","href":"https:\/\/api.w.org\/{rel}","templated":true}]}}