{"id":8283,"date":"2025-06-29T10:20:42","date_gmt":"2025-06-29T08:20:42","guid":{"rendered":"https:\/\/uj.adatbank.ro\/lexikon\/termek\/frenko-jozsef\/"},"modified":"2025-06-29T10:20:42","modified_gmt":"2025-06-29T08:20:42","slug":"frenko-jozsef","status":"publish","type":"product","link":"https:\/\/uj.adatbank.ro\/lexikon\/termek\/frenko-jozsef\/","title":{"rendered":"FRENK\u00d3 J\u00f3zsef"},"content":{"rendered":"<p>Bereck, 1814. \u00e1pr. 12., v. 1812. m\u00e1rc. 14.?, \u2020\u00a01874. j\u00fal. 3.: r. k. pap. \u2013 Papp\u00e1 szentelt\u00e9k (1837. \u00e1pr. 2.). Tan\u00e1r Gyulafeh\u00e9rv\u00e1ron. K\u00e1pl\u00e1n Gyergy\u00f3szentmikl\u00f3son (1838). Pl\u00e9b\u00e1nos P\u00e1lfalv\u00e1n, Marosportuson, Cs\u00edkszered\u00e1ban, Homor\u00f3dremet\u00e9n, Korondon. K\u00e9zdiszentkereszten k\u00e1pl\u00e1n. Pl\u00e9b\u00e1nos S\u00e1rfalv\u00e1n \u00e9s Nagyerny\u00e9n (1853\u201358), Sz\u00e9kelylengyelfalv\u00e1n (1858), S\u00e1rpatakon (1866\u2013). <br \/><strong>Irod.:<\/strong> Ferenczi S\u00e1ndor 2009<\/br><\/p>\n","protected":false},"excerpt":{"rendered":"<p>Bereck, 1814. \u00e1pr. 12., v. 1812. m\u00e1rc. 14.?, \u2020\u00a01874. j\u00fal. 3.: r. k. pap. \u2013 Papp\u00e1 szentelt\u00e9k (1837. \u00e1pr. 2.). Tan\u00e1r Gyulafeh\u00e9rv\u00e1ron. K\u00e1pl\u00e1n Gyergy\u00f3szentmikl\u00f3son (1838). Pl\u00e9b\u00e1nos P\u00e1lfalv\u00e1n, Marosportuson, Cs\u00edkszered\u00e1ban, Homor\u00f3dremet\u00e9n, Korondon. K\u00e9zdiszentkereszten k\u00e1pl\u00e1n. Pl\u00e9b\u00e1nos S\u00e1rfalv\u00e1n \u00e9s Nagyerny\u00e9n (1853\u201358), Sz\u00e9kelylengyelfalv\u00e1n (1858), S\u00e1rpatakon (1866\u2013). Irod.: Ferenczi S\u00e1ndor 2009<\/p>\n","protected":false},"featured_media":0,"comment_status":"open","ping_status":"closed","template":"","meta":[],"product_brand":[],"product_cat":[137],"product_tag":[],"class_list":{"0":"post-8283","1":"product","2":"type-product","3":"status-publish","5":"product_cat-maros-megyei-eletrajzi-lexikon","7":"first","8":"instock","9":"shipping-taxable","10":"product-type-simple"},"_links":{"self":[{"href":"https:\/\/uj.adatbank.ro\/lexikon\/wp-json\/wp\/v2\/product\/8283","targetHints":{"allow":["GET"]}}],"collection":[{"href":"https:\/\/uj.adatbank.ro\/lexikon\/wp-json\/wp\/v2\/product"}],"about":[{"href":"https:\/\/uj.adatbank.ro\/lexikon\/wp-json\/wp\/v2\/types\/product"}],"replies":[{"embeddable":true,"href":"https:\/\/uj.adatbank.ro\/lexikon\/wp-json\/wp\/v2\/comments?post=8283"}],"wp:attachment":[{"href":"https:\/\/uj.adatbank.ro\/lexikon\/wp-json\/wp\/v2\/media?parent=8283"}],"wp:term":[{"taxonomy":"product_brand","embeddable":true,"href":"https:\/\/uj.adatbank.ro\/lexikon\/wp-json\/wp\/v2\/product_brand?post=8283"},{"taxonomy":"product_cat","embeddable":true,"href":"https:\/\/uj.adatbank.ro\/lexikon\/wp-json\/wp\/v2\/product_cat?post=8283"},{"taxonomy":"product_tag","embeddable":true,"href":"https:\/\/uj.adatbank.ro\/lexikon\/wp-json\/wp\/v2\/product_tag?post=8283"}],"curies":[{"name":"wp","href":"https:\/\/api.w.org\/{rel}","templated":true}]}}