{"id":8285,"date":"2025-06-29T10:20:49","date_gmt":"2025-06-29T08:20:49","guid":{"rendered":"https:\/\/uj.adatbank.ro\/lexikon\/termek\/freund-jozsef\/"},"modified":"2025-06-29T10:20:49","modified_gmt":"2025-06-29T08:20:49","slug":"freund-jozsef","status":"publish","type":"product","link":"https:\/\/uj.adatbank.ro\/lexikon\/termek\/freund-jozsef\/","title":{"rendered":"FREUND J\u00f3zsef"},"content":{"rendered":"<p>Dunam\u00f3cs, 1882., \u2020\u00a0?\u00a0: f\u0151rabbi. \u2013 Tanulm\u00e1nyait Nagyv\u00e1radon \u00e9s Frankfurtban v\u00e9gezte; Sz\u00e1szr\u00e9genben rabbi. Minden kultur\u00e1lis \u00e9s hazafias egyes\u00fclet vezet\u0151s\u00e9gi tagja, egyh\u00e1zi \u00e9s teol\u00f3giai lapokban jelentek meg cikkei. <br \/><strong>Irod.:<\/strong> Guly\u00e1s; Sz\u00e9kelyf\u00f6ld \u00ed. k.<\/br><\/p>\n","protected":false},"excerpt":{"rendered":"<p>Dunam\u00f3cs, 1882., \u2020\u00a0?\u00a0: f\u0151rabbi. \u2013 Tanulm\u00e1nyait Nagyv\u00e1radon \u00e9s Frankfurtban v\u00e9gezte; Sz\u00e1szr\u00e9genben rabbi. Minden kultur\u00e1lis \u00e9s hazafias egyes\u00fclet vezet\u0151s\u00e9gi tagja, egyh\u00e1zi \u00e9s teol\u00f3giai lapokban jelentek meg cikkei. Irod.: Guly\u00e1s; Sz\u00e9kelyf\u00f6ld \u00ed. k.<\/p>\n","protected":false},"featured_media":0,"comment_status":"open","ping_status":"closed","template":"","meta":[],"product_brand":[],"product_cat":[137],"product_tag":[],"class_list":{"0":"post-8285","1":"product","2":"type-product","3":"status-publish","5":"product_cat-maros-megyei-eletrajzi-lexikon","7":"first","8":"instock","9":"shipping-taxable","10":"product-type-simple"},"_links":{"self":[{"href":"https:\/\/uj.adatbank.ro\/lexikon\/wp-json\/wp\/v2\/product\/8285","targetHints":{"allow":["GET"]}}],"collection":[{"href":"https:\/\/uj.adatbank.ro\/lexikon\/wp-json\/wp\/v2\/product"}],"about":[{"href":"https:\/\/uj.adatbank.ro\/lexikon\/wp-json\/wp\/v2\/types\/product"}],"replies":[{"embeddable":true,"href":"https:\/\/uj.adatbank.ro\/lexikon\/wp-json\/wp\/v2\/comments?post=8285"}],"wp:attachment":[{"href":"https:\/\/uj.adatbank.ro\/lexikon\/wp-json\/wp\/v2\/media?parent=8285"}],"wp:term":[{"taxonomy":"product_brand","embeddable":true,"href":"https:\/\/uj.adatbank.ro\/lexikon\/wp-json\/wp\/v2\/product_brand?post=8285"},{"taxonomy":"product_cat","embeddable":true,"href":"https:\/\/uj.adatbank.ro\/lexikon\/wp-json\/wp\/v2\/product_cat?post=8285"},{"taxonomy":"product_tag","embeddable":true,"href":"https:\/\/uj.adatbank.ro\/lexikon\/wp-json\/wp\/v2\/product_tag?post=8285"}],"curies":[{"name":"wp","href":"https:\/\/api.w.org\/{rel}","templated":true}]}}