{"id":8286,"date":"2025-06-29T10:20:52","date_gmt":"2025-06-29T08:20:52","guid":{"rendered":"https:\/\/uj.adatbank.ro\/lexikon\/termek\/frey-jozsef\/"},"modified":"2025-06-29T10:20:52","modified_gmt":"2025-06-29T08:20:52","slug":"frey-jozsef","status":"publish","type":"product","link":"https:\/\/uj.adatbank.ro\/lexikon\/termek\/frey-jozsef\/","title":{"rendered":"FREY J\u00f3zsef"},"content":{"rendered":"<p>1852.?, \u2020\u00a0Mv., 1915. j\u00fal. 17.: f\u0151hadbiztos. \u2013 Feles\u00e9ge: Stupiczky Izabella. Gyermekeik: dr. F. J\u00f3zsef, m. kir. ezredorvos; F. Elsa Komes M\u00e1ty\u00e1sn\u00e9; F. M\u00e1ria. \u2013 M. kir. honv\u00e9d f\u0151hadbiztos volt. <br \/><strong>Irod.:<\/strong> Gy\u00e1szjelent\u0151<\/br><\/p>\n","protected":false},"excerpt":{"rendered":"<p>1852.?, \u2020\u00a0Mv., 1915. j\u00fal. 17.: f\u0151hadbiztos. \u2013 Feles\u00e9ge: Stupiczky Izabella. Gyermekeik: dr. F. J\u00f3zsef, m. kir. ezredorvos; F. Elsa Komes M\u00e1ty\u00e1sn\u00e9; F. M\u00e1ria. \u2013 M. kir. honv\u00e9d f\u0151hadbiztos volt. Irod.: Gy\u00e1szjelent\u0151<\/p>\n","protected":false},"featured_media":0,"comment_status":"open","ping_status":"closed","template":"","meta":[],"product_brand":[],"product_cat":[137],"product_tag":[],"class_list":{"0":"post-8286","1":"product","2":"type-product","3":"status-publish","5":"product_cat-maros-megyei-eletrajzi-lexikon","7":"first","8":"instock","9":"shipping-taxable","10":"product-type-simple"},"_links":{"self":[{"href":"https:\/\/uj.adatbank.ro\/lexikon\/wp-json\/wp\/v2\/product\/8286","targetHints":{"allow":["GET"]}}],"collection":[{"href":"https:\/\/uj.adatbank.ro\/lexikon\/wp-json\/wp\/v2\/product"}],"about":[{"href":"https:\/\/uj.adatbank.ro\/lexikon\/wp-json\/wp\/v2\/types\/product"}],"replies":[{"embeddable":true,"href":"https:\/\/uj.adatbank.ro\/lexikon\/wp-json\/wp\/v2\/comments?post=8286"}],"wp:attachment":[{"href":"https:\/\/uj.adatbank.ro\/lexikon\/wp-json\/wp\/v2\/media?parent=8286"}],"wp:term":[{"taxonomy":"product_brand","embeddable":true,"href":"https:\/\/uj.adatbank.ro\/lexikon\/wp-json\/wp\/v2\/product_brand?post=8286"},{"taxonomy":"product_cat","embeddable":true,"href":"https:\/\/uj.adatbank.ro\/lexikon\/wp-json\/wp\/v2\/product_cat?post=8286"},{"taxonomy":"product_tag","embeddable":true,"href":"https:\/\/uj.adatbank.ro\/lexikon\/wp-json\/wp\/v2\/product_tag?post=8286"}],"curies":[{"name":"wp","href":"https:\/\/api.w.org\/{rel}","templated":true}]}}