{"id":8288,"date":"2025-06-29T10:20:56","date_gmt":"2025-06-29T08:20:56","guid":{"rendered":"https:\/\/uj.adatbank.ro\/lexikon\/termek\/fridrik-arpad\/"},"modified":"2025-06-29T10:20:56","modified_gmt":"2025-06-29T08:20:56","slug":"fridrik-arpad","status":"publish","type":"product","link":"https:\/\/uj.adatbank.ro\/lexikon\/termek\/fridrik-arpad\/","title":{"rendered":"FRIDRIK \u00c1rp\u00e1d"},"content":{"rendered":"<p>Mv., 1871., \u2020\u00a0? : tan\u00edt\u00f3, igazgat\u00f3. \u2013 A kv.-i tan\u00edt\u00f3k\u00e9pz\u0151ben szerzett oklevelet (1898), 4 \u00e9vig volt nevel\u0151. Mv.-en helyettes tan\u00edt\u00f3, majd Mez\u0151madarason a ref. elemi iskola igazgat\u00f3-tan\u00edt\u00f3ja (1902\u201337). Nyugalombavonul\u00e1sa ut\u00e1n a mez\u0151madarasi Posta\u00fcgyn\u00f6ks\u00e9g vezet\u0151je volt. <br \/><strong>Irod.:<\/strong> Sz\u00e9kelyf\u00f6ld \u00ed. k<\/br><\/p>\n","protected":false},"excerpt":{"rendered":"<p>Mv., 1871., \u2020\u00a0? : tan\u00edt\u00f3, igazgat\u00f3. \u2013 A kv.-i tan\u00edt\u00f3k\u00e9pz\u0151ben szerzett oklevelet (1898), 4 \u00e9vig volt nevel\u0151. Mv.-en helyettes tan\u00edt\u00f3, majd Mez\u0151madarason a ref. elemi iskola igazgat\u00f3-tan\u00edt\u00f3ja (1902\u201337). Nyugalombavonul\u00e1sa ut\u00e1n a mez\u0151madarasi Posta\u00fcgyn\u00f6ks\u00e9g vezet\u0151je volt. Irod.: Sz\u00e9kelyf\u00f6ld \u00ed. k<\/p>\n","protected":false},"featured_media":0,"comment_status":"open","ping_status":"closed","template":"","meta":[],"product_brand":[],"product_cat":[137],"product_tag":[],"class_list":{"0":"post-8288","1":"product","2":"type-product","3":"status-publish","5":"product_cat-maros-megyei-eletrajzi-lexikon","7":"first","8":"instock","9":"shipping-taxable","10":"product-type-simple"},"_links":{"self":[{"href":"https:\/\/uj.adatbank.ro\/lexikon\/wp-json\/wp\/v2\/product\/8288","targetHints":{"allow":["GET"]}}],"collection":[{"href":"https:\/\/uj.adatbank.ro\/lexikon\/wp-json\/wp\/v2\/product"}],"about":[{"href":"https:\/\/uj.adatbank.ro\/lexikon\/wp-json\/wp\/v2\/types\/product"}],"replies":[{"embeddable":true,"href":"https:\/\/uj.adatbank.ro\/lexikon\/wp-json\/wp\/v2\/comments?post=8288"}],"wp:attachment":[{"href":"https:\/\/uj.adatbank.ro\/lexikon\/wp-json\/wp\/v2\/media?parent=8288"}],"wp:term":[{"taxonomy":"product_brand","embeddable":true,"href":"https:\/\/uj.adatbank.ro\/lexikon\/wp-json\/wp\/v2\/product_brand?post=8288"},{"taxonomy":"product_cat","embeddable":true,"href":"https:\/\/uj.adatbank.ro\/lexikon\/wp-json\/wp\/v2\/product_cat?post=8288"},{"taxonomy":"product_tag","embeddable":true,"href":"https:\/\/uj.adatbank.ro\/lexikon\/wp-json\/wp\/v2\/product_tag?post=8288"}],"curies":[{"name":"wp","href":"https:\/\/api.w.org\/{rel}","templated":true}]}}