{"id":8291,"date":"2025-06-29T10:21:01","date_gmt":"2025-06-29T08:21:01","guid":{"rendered":"https:\/\/uj.adatbank.ro\/lexikon\/termek\/friedmann-alexandru-friedman-alexandru\/"},"modified":"2025-06-29T10:21:01","modified_gmt":"2025-06-29T08:21:01","slug":"friedmann-alexandru-friedman-alexandru","status":"publish","type":"product","link":"https:\/\/uj.adatbank.ro\/lexikon\/termek\/friedmann-alexandru-friedman-alexandru\/","title":{"rendered":"FRIEDMANN Alexandru, Friedman Alexandru"},"content":{"rendered":"<p>Sorost\u00e9ly, 1914. febr. 28., \u2020\u00a0? : fest\u0151, sz\u00e1zados. \u2013 V\u00e9gzett 7 oszt., mesters\u00e9ge szobafest\u0151. A sz\u00e1szr\u00e9geni Rend\u0151rkapi\u00e1nys\u00e1g alkalmazta, az int\u00e9zm\u00e9ny titk\u00e1ra volt (1944. nov. 18. \u2013). A rom\u00e1n k\u00f6zigazgat\u00e1s vissza\u00e1ll\u00edt\u00e1sa ut\u00e1n a sz\u00e1szr\u00e9geni rend\u0151rkapit\u00e1nys\u00e1g \u00e1llambiztons\u00e1gi hivatal\u00e1nak (Biroul siguran\u0163ei) f\u0151n\u00f6ke (1945\u201348), majd a securitate f\u0151n\u00f6ke (1948. szept. \u201350). Marosludas rajoni securitate (1952\u00a0? \u201354), majd a mv.-i rajoni securitate (1954\u201356\u00a0?) f\u0151n\u00f6ke. <br \/><strong>Irod.:<\/strong> Bartos 2012<\/br><\/p>\n","protected":false},"excerpt":{"rendered":"<p>Sorost\u00e9ly, 1914. febr. 28., \u2020\u00a0? : fest\u0151, sz\u00e1zados. \u2013 V\u00e9gzett 7 oszt., mesters\u00e9ge szobafest\u0151. A sz\u00e1szr\u00e9geni Rend\u0151rkapi\u00e1nys\u00e1g alkalmazta, az int\u00e9zm\u00e9ny titk\u00e1ra volt (1944. nov. 18. \u2013). A rom\u00e1n k\u00f6zigazgat\u00e1s vissza\u00e1ll\u00edt\u00e1sa ut\u00e1n a sz\u00e1szr\u00e9geni rend\u0151rkapit\u00e1nys\u00e1g \u00e1llambiztons\u00e1gi hivatal\u00e1nak (Biroul siguran\u0163ei) f\u0151n\u00f6ke (1945\u201348), majd a securitate f\u0151n\u00f6ke (1948. szept. \u201350). Marosludas rajoni securitate (1952\u00a0? \u201354), majd a mv.-i [&hellip;]<\/p>\n","protected":false},"featured_media":0,"comment_status":"open","ping_status":"closed","template":"","meta":[],"product_brand":[],"product_cat":[137],"product_tag":[],"class_list":{"0":"post-8291","1":"product","2":"type-product","3":"status-publish","5":"product_cat-maros-megyei-eletrajzi-lexikon","7":"first","8":"instock","9":"shipping-taxable","10":"product-type-simple"},"_links":{"self":[{"href":"https:\/\/uj.adatbank.ro\/lexikon\/wp-json\/wp\/v2\/product\/8291","targetHints":{"allow":["GET"]}}],"collection":[{"href":"https:\/\/uj.adatbank.ro\/lexikon\/wp-json\/wp\/v2\/product"}],"about":[{"href":"https:\/\/uj.adatbank.ro\/lexikon\/wp-json\/wp\/v2\/types\/product"}],"replies":[{"embeddable":true,"href":"https:\/\/uj.adatbank.ro\/lexikon\/wp-json\/wp\/v2\/comments?post=8291"}],"wp:attachment":[{"href":"https:\/\/uj.adatbank.ro\/lexikon\/wp-json\/wp\/v2\/media?parent=8291"}],"wp:term":[{"taxonomy":"product_brand","embeddable":true,"href":"https:\/\/uj.adatbank.ro\/lexikon\/wp-json\/wp\/v2\/product_brand?post=8291"},{"taxonomy":"product_cat","embeddable":true,"href":"https:\/\/uj.adatbank.ro\/lexikon\/wp-json\/wp\/v2\/product_cat?post=8291"},{"taxonomy":"product_tag","embeddable":true,"href":"https:\/\/uj.adatbank.ro\/lexikon\/wp-json\/wp\/v2\/product_tag?post=8291"}],"curies":[{"name":"wp","href":"https:\/\/api.w.org\/{rel}","templated":true}]}}