{"id":8292,"date":"2025-06-29T10:21:03","date_gmt":"2025-06-29T08:21:03","guid":{"rendered":"https:\/\/uj.adatbank.ro\/lexikon\/termek\/friedmann-bela\/"},"modified":"2025-06-29T10:21:03","modified_gmt":"2025-06-29T08:21:03","slug":"friedmann-bela","status":"publish","type":"product","link":"https:\/\/uj.adatbank.ro\/lexikon\/termek\/friedmann-bela\/","title":{"rendered":"FRIEDMANN B\u00e9la"},"content":{"rendered":"<p>? \u2020\u00a0? : vend\u00e9gl\u0151tulajdonos. \u2013 Mv.-en az egykori New York K\u00e1v\u00e9h\u00e1z \u00e9s a Szil\u00e1gyi Vend\u00e9gl\u0151 tulajdonosa volt. Mesterszak\u00e1csa Pap J\u00f3zsef. Az ASA labdar\u00fag\u00f3 j\u00e1t\u00e9kosait t\u00e1mogatta, gyakran vend\u00e9g\u00fcl fogadta \u0151ket. <br \/><strong>Irod.:<\/strong> Szucher<\/br><\/p>\n","protected":false},"excerpt":{"rendered":"<p>? \u2020\u00a0? : vend\u00e9gl\u0151tulajdonos. \u2013 Mv.-en az egykori New York K\u00e1v\u00e9h\u00e1z \u00e9s a Szil\u00e1gyi Vend\u00e9gl\u0151 tulajdonosa volt. Mesterszak\u00e1csa Pap J\u00f3zsef. Az ASA labdar\u00fag\u00f3 j\u00e1t\u00e9kosait t\u00e1mogatta, gyakran vend\u00e9g\u00fcl fogadta \u0151ket. Irod.: Szucher<\/p>\n","protected":false},"featured_media":0,"comment_status":"open","ping_status":"closed","template":"","meta":[],"product_brand":[],"product_cat":[137],"product_tag":[],"class_list":{"0":"post-8292","1":"product","2":"type-product","3":"status-publish","5":"product_cat-maros-megyei-eletrajzi-lexikon","7":"first","8":"instock","9":"shipping-taxable","10":"product-type-simple"},"_links":{"self":[{"href":"https:\/\/uj.adatbank.ro\/lexikon\/wp-json\/wp\/v2\/product\/8292","targetHints":{"allow":["GET"]}}],"collection":[{"href":"https:\/\/uj.adatbank.ro\/lexikon\/wp-json\/wp\/v2\/product"}],"about":[{"href":"https:\/\/uj.adatbank.ro\/lexikon\/wp-json\/wp\/v2\/types\/product"}],"replies":[{"embeddable":true,"href":"https:\/\/uj.adatbank.ro\/lexikon\/wp-json\/wp\/v2\/comments?post=8292"}],"wp:attachment":[{"href":"https:\/\/uj.adatbank.ro\/lexikon\/wp-json\/wp\/v2\/media?parent=8292"}],"wp:term":[{"taxonomy":"product_brand","embeddable":true,"href":"https:\/\/uj.adatbank.ro\/lexikon\/wp-json\/wp\/v2\/product_brand?post=8292"},{"taxonomy":"product_cat","embeddable":true,"href":"https:\/\/uj.adatbank.ro\/lexikon\/wp-json\/wp\/v2\/product_cat?post=8292"},{"taxonomy":"product_tag","embeddable":true,"href":"https:\/\/uj.adatbank.ro\/lexikon\/wp-json\/wp\/v2\/product_tag?post=8292"}],"curies":[{"name":"wp","href":"https:\/\/api.w.org\/{rel}","templated":true}]}}