{"id":8293,"date":"2025-06-29T10:21:05","date_gmt":"2025-06-29T08:21:05","guid":{"rendered":"https:\/\/uj.adatbank.ro\/lexikon\/termek\/friedmann-bertalan\/"},"modified":"2025-06-29T10:21:05","modified_gmt":"2025-06-29T08:21:05","slug":"friedmann-bertalan","status":"publish","type":"product","link":"https:\/\/uj.adatbank.ro\/lexikon\/termek\/friedmann-bertalan\/","title":{"rendered":"FRIEDMANN Bertalan"},"content":{"rendered":"<p>Mv., 1891., \u2020\u00a0?: vend\u00e9gl\u0151, k\u00e1v\u00e9z\u00f3 tulajdonos. \u2013 Iskol\u00e1it Mv.-en, a vend\u00e9gl\u0151i ipart Bp.-en v\u00e9gezte, a Wagner s\u00f6r\u00f6z\u0151ben tanulta, szaktud\u00e1s\u00e1t a M. Vil\u00e1g k\u00e1v\u00e9h\u00e1zban fejlesztette. Kv.-on \u00e9s Mv.-en a Hung\u00e1ria k\u00e1v\u00e9h\u00e1zban volt f\u0151pinc\u00e9r, majd \u00e1tvette az \u00fczletet, kb. 40 szem\u00e9lyt foglalkoztatott. Az els\u0151 vh.-ban az orosz \u00e9s az olasz fronton harcolt, tizedesi rangban szerelt le. Mv.-r\u0151l deport\u00e1lt\u00e1k (1944. m\u00e1j. 29.). <br \/><strong>Irod.:<\/strong> Sz\u00e9kelyf\u00f6ld \u00ed. k<\/br><\/p>\n","protected":false},"excerpt":{"rendered":"<p>Mv., 1891., \u2020\u00a0?: vend\u00e9gl\u0151, k\u00e1v\u00e9z\u00f3 tulajdonos. \u2013 Iskol\u00e1it Mv.-en, a vend\u00e9gl\u0151i ipart Bp.-en v\u00e9gezte, a Wagner s\u00f6r\u00f6z\u0151ben tanulta, szaktud\u00e1s\u00e1t a M. Vil\u00e1g k\u00e1v\u00e9h\u00e1zban fejlesztette. Kv.-on \u00e9s Mv.-en a Hung\u00e1ria k\u00e1v\u00e9h\u00e1zban volt f\u0151pinc\u00e9r, majd \u00e1tvette az \u00fczletet, kb. 40 szem\u00e9lyt foglalkoztatott. Az els\u0151 vh.-ban az orosz \u00e9s az olasz fronton harcolt, tizedesi rangban szerelt le. Mv.-r\u0151l [&hellip;]<\/p>\n","protected":false},"featured_media":0,"comment_status":"open","ping_status":"closed","template":"","meta":[],"product_brand":[],"product_cat":[137],"product_tag":[],"class_list":{"0":"post-8293","1":"product","2":"type-product","3":"status-publish","5":"product_cat-maros-megyei-eletrajzi-lexikon","7":"first","8":"instock","9":"shipping-taxable","10":"product-type-simple"},"_links":{"self":[{"href":"https:\/\/uj.adatbank.ro\/lexikon\/wp-json\/wp\/v2\/product\/8293","targetHints":{"allow":["GET"]}}],"collection":[{"href":"https:\/\/uj.adatbank.ro\/lexikon\/wp-json\/wp\/v2\/product"}],"about":[{"href":"https:\/\/uj.adatbank.ro\/lexikon\/wp-json\/wp\/v2\/types\/product"}],"replies":[{"embeddable":true,"href":"https:\/\/uj.adatbank.ro\/lexikon\/wp-json\/wp\/v2\/comments?post=8293"}],"wp:attachment":[{"href":"https:\/\/uj.adatbank.ro\/lexikon\/wp-json\/wp\/v2\/media?parent=8293"}],"wp:term":[{"taxonomy":"product_brand","embeddable":true,"href":"https:\/\/uj.adatbank.ro\/lexikon\/wp-json\/wp\/v2\/product_brand?post=8293"},{"taxonomy":"product_cat","embeddable":true,"href":"https:\/\/uj.adatbank.ro\/lexikon\/wp-json\/wp\/v2\/product_cat?post=8293"},{"taxonomy":"product_tag","embeddable":true,"href":"https:\/\/uj.adatbank.ro\/lexikon\/wp-json\/wp\/v2\/product_tag?post=8293"}],"curies":[{"name":"wp","href":"https:\/\/api.w.org\/{rel}","templated":true}]}}