{"id":8294,"date":"2025-06-29T10:21:08","date_gmt":"2025-06-29T08:21:08","guid":{"rendered":"https:\/\/uj.adatbank.ro\/lexikon\/termek\/friedmann-ferenc-%c2%a7-fridmann-efrim-ferenc\/"},"modified":"2025-06-29T10:21:08","modified_gmt":"2025-06-29T08:21:08","slug":"friedmann-ferenc-%c2%a7-fridmann-efrim-ferenc","status":"publish","type":"product","link":"https:\/\/uj.adatbank.ro\/lexikon\/termek\/friedmann-ferenc-%c2%a7-fridmann-efrim-ferenc\/","title":{"rendered":"FRIEDMANN Ferenc, \u00a7 Fridmann Efrim Ferenc"},"content":{"rendered":"<p>1880., \u2020 ? : f\u0151titk\u00e1r. \u2013 A vilnai, pozsonyi \u00e9s frankfurti neves h\u00e9ber hittudom\u00e1nyi f\u0151iskol\u00e1kban tanult \u00e9s a b\u00e9csi egyetemen. A mv.-i zsid\u00f3 ortodox hitk\u00f6zs\u00e9g f\u0151titk\u00e1ra (1925\u201340). A mv.-i Talmud T\u00f3ra \u00e9p\u00fclet\u00e9nek megv\u00e1s\u00e1rl\u00e1sa ut\u00e1n, moderniz\u00e1lta a Talmud T\u00f3ra int\u00e9zm\u00e9ny\u00e9t. Bevezette a pozsonyi iskolarendszert: a n\u00f6vend\u00e9keket kor szerint csoportos\u00edtotta, oszt\u00e1lyokat l\u00e9tes\u00edtett, meghat\u00e1rozta a tan\u00edt\u00e1si rendet \u00e9s sz\u00fcneteket, az egy\u00e9ni tan\u00edt\u00e1s rendj\u00e9t, a h\u00e9tv\u00e9gi vizsg\u00e1kat stb. Ezek hat\u00e1s\u00e1ra a toranikus iskolai nevel\u00e9s rendje korszer\u0171bb\u00e9 v\u00e1lt. Neve Erd\u00e9lyben ismertt\u00e9 v\u00e1lt\u00a0b\u00edr\u00e1latai \u00e9s vitairatai \u00e1ltal, az ortodox tanok v\u00e9delm\u00e9ben harcot folytatott a zsid\u00f3s\u00e1g asszimil\u00e1ci\u00f3ja ellen. Cikkeit k\u00f6z\u00f6lte a Hoem\u00e9sz erd\u00e9lyi lap \u00e9s a mo.-i Zsid\u00f3 \u00dajs\u00e1g. A v\u00e9szkorszak idej\u00e9n az ortodox hitk\u00f6zs\u00e9g r\u00e9sz\u00e9r\u0151l minden igazgat\u00e1si teend\u0151t mag\u00e1ra v\u00e1llalt, tagja volt a Zsid\u00f3 Tan\u00e1csnak. A n\u00e9metek minden parancsukat a zsid\u00f3 vezet\u0151s\u00e9g \u00e1ltal kiv\u00e1lasztott tagokkal k\u00f6z\u00f6lt\u00e9k a zsid\u00f3 lakoss\u00e1ggal. Mv.-r\u0151l feles\u00e9g\u00e9vel (1885\u2013) egy\u00fctt deport\u00e1lt\u00e1k (1944. m\u00e1j. 29.). \u2013 <strong>F. m.:<\/strong> Chidus\u00e9i Tora (T\u00f3ra \u00faj\u00edt\u00e1sok); T\u00e1l Boker (Hajnali harmat); Avodat sir (Dalos \u00e1ldozatok); H\u00e1dr\u00e1t Kodes (Szents\u00e9g D\u00edsze); B\u00f6\u00e1v\u00e1ro ch\u00e1j h\u00e1\u00e1m (M\u00faltj\u00e1ban \u00e9l a nemzet). <br \/><strong>Irod.:<\/strong> Mv. zsid\u00f3s\u00e1ga.<\/br><\/p>\n","protected":false},"excerpt":{"rendered":"<p>1880., \u2020 ? : f\u0151titk\u00e1r. \u2013 A vilnai, pozsonyi \u00e9s frankfurti neves h\u00e9ber hittudom\u00e1nyi f\u0151iskol\u00e1kban tanult \u00e9s a b\u00e9csi egyetemen. A mv.-i zsid\u00f3 ortodox hitk\u00f6zs\u00e9g f\u0151titk\u00e1ra (1925\u201340). A mv.-i Talmud T\u00f3ra \u00e9p\u00fclet\u00e9nek megv\u00e1s\u00e1rl\u00e1sa ut\u00e1n, moderniz\u00e1lta a Talmud T\u00f3ra int\u00e9zm\u00e9ny\u00e9t. Bevezette a pozsonyi iskolarendszert: a n\u00f6vend\u00e9keket kor szerint csoportos\u00edtotta, oszt\u00e1lyokat l\u00e9tes\u00edtett, meghat\u00e1rozta a tan\u00edt\u00e1si rendet \u00e9s [&hellip;]<\/p>\n","protected":false},"featured_media":0,"comment_status":"open","ping_status":"closed","template":"","meta":[],"product_brand":[],"product_cat":[137],"product_tag":[],"class_list":{"0":"post-8294","1":"product","2":"type-product","3":"status-publish","5":"product_cat-maros-megyei-eletrajzi-lexikon","7":"first","8":"instock","9":"shipping-taxable","10":"product-type-simple"},"_links":{"self":[{"href":"https:\/\/uj.adatbank.ro\/lexikon\/wp-json\/wp\/v2\/product\/8294","targetHints":{"allow":["GET"]}}],"collection":[{"href":"https:\/\/uj.adatbank.ro\/lexikon\/wp-json\/wp\/v2\/product"}],"about":[{"href":"https:\/\/uj.adatbank.ro\/lexikon\/wp-json\/wp\/v2\/types\/product"}],"replies":[{"embeddable":true,"href":"https:\/\/uj.adatbank.ro\/lexikon\/wp-json\/wp\/v2\/comments?post=8294"}],"wp:attachment":[{"href":"https:\/\/uj.adatbank.ro\/lexikon\/wp-json\/wp\/v2\/media?parent=8294"}],"wp:term":[{"taxonomy":"product_brand","embeddable":true,"href":"https:\/\/uj.adatbank.ro\/lexikon\/wp-json\/wp\/v2\/product_brand?post=8294"},{"taxonomy":"product_cat","embeddable":true,"href":"https:\/\/uj.adatbank.ro\/lexikon\/wp-json\/wp\/v2\/product_cat?post=8294"},{"taxonomy":"product_tag","embeddable":true,"href":"https:\/\/uj.adatbank.ro\/lexikon\/wp-json\/wp\/v2\/product_tag?post=8294"}],"curies":[{"name":"wp","href":"https:\/\/api.w.org\/{rel}","templated":true}]}}