{"id":8295,"date":"2025-06-29T10:21:11","date_gmt":"2025-06-29T08:21:11","guid":{"rendered":"https:\/\/uj.adatbank.ro\/lexikon\/termek\/friedmann-hermann\/"},"modified":"2025-06-29T10:21:11","modified_gmt":"2025-06-29T08:21:11","slug":"friedmann-hermann","status":"publish","type":"product","link":"https:\/\/uj.adatbank.ro\/lexikon\/termek\/friedmann-hermann\/","title":{"rendered":"FRIEDMANN Hermann"},"content":{"rendered":"<p>?, \u2020\u00a0? : m\u00e9sz\u00e1ros. \u2013 K\u00f3ser-m\u00e9sz\u00e1ros Mv.-en, a M\u00e9sz\u00e1ros k\u00f6zben \u00e1ll\u00f3 h\u00fascsarnokban Gojdel Zsigmonddal k\u00f6z\u00f6sen m\u0171k\u00f6dtek (1934\u201335). <br \/><strong>Irod.:<\/strong> Sebesty\u00e9n Mih\u00e1ly-Diamanstein Gy\u00f6rgy: Egy els\u00fclyedt vil\u00e1g \u00e9breszt\u00e9se = Eml\u00e9kk. Szab\u00f3 Mikl\u00f3s<\/br><\/p>\n","protected":false},"excerpt":{"rendered":"<p>?, \u2020\u00a0? : m\u00e9sz\u00e1ros. \u2013 K\u00f3ser-m\u00e9sz\u00e1ros Mv.-en, a M\u00e9sz\u00e1ros k\u00f6zben \u00e1ll\u00f3 h\u00fascsarnokban Gojdel Zsigmonddal k\u00f6z\u00f6sen m\u0171k\u00f6dtek (1934\u201335). Irod.: Sebesty\u00e9n Mih\u00e1ly-Diamanstein Gy\u00f6rgy: Egy els\u00fclyedt vil\u00e1g \u00e9breszt\u00e9se = Eml\u00e9kk. Szab\u00f3 Mikl\u00f3s<\/p>\n","protected":false},"featured_media":0,"comment_status":"open","ping_status":"closed","template":"","meta":[],"product_brand":[],"product_cat":[137],"product_tag":[],"class_list":{"0":"post-8295","1":"product","2":"type-product","3":"status-publish","5":"product_cat-maros-megyei-eletrajzi-lexikon","7":"first","8":"instock","9":"shipping-taxable","10":"product-type-simple"},"_links":{"self":[{"href":"https:\/\/uj.adatbank.ro\/lexikon\/wp-json\/wp\/v2\/product\/8295","targetHints":{"allow":["GET"]}}],"collection":[{"href":"https:\/\/uj.adatbank.ro\/lexikon\/wp-json\/wp\/v2\/product"}],"about":[{"href":"https:\/\/uj.adatbank.ro\/lexikon\/wp-json\/wp\/v2\/types\/product"}],"replies":[{"embeddable":true,"href":"https:\/\/uj.adatbank.ro\/lexikon\/wp-json\/wp\/v2\/comments?post=8295"}],"wp:attachment":[{"href":"https:\/\/uj.adatbank.ro\/lexikon\/wp-json\/wp\/v2\/media?parent=8295"}],"wp:term":[{"taxonomy":"product_brand","embeddable":true,"href":"https:\/\/uj.adatbank.ro\/lexikon\/wp-json\/wp\/v2\/product_brand?post=8295"},{"taxonomy":"product_cat","embeddable":true,"href":"https:\/\/uj.adatbank.ro\/lexikon\/wp-json\/wp\/v2\/product_cat?post=8295"},{"taxonomy":"product_tag","embeddable":true,"href":"https:\/\/uj.adatbank.ro\/lexikon\/wp-json\/wp\/v2\/product_tag?post=8295"}],"curies":[{"name":"wp","href":"https:\/\/api.w.org\/{rel}","templated":true}]}}