{"id":8296,"date":"2025-06-29T10:21:12","date_gmt":"2025-06-29T08:21:12","guid":{"rendered":"https:\/\/uj.adatbank.ro\/lexikon\/termek\/friedmann-izidor-%c2%a7\/"},"modified":"2025-06-29T10:21:12","modified_gmt":"2025-06-29T08:21:12","slug":"friedmann-izidor-%c2%a7","status":"publish","type":"product","link":"https:\/\/uj.adatbank.ro\/lexikon\/termek\/friedmann-izidor-%c2%a7\/","title":{"rendered":"FRIEDMANN Izidor, \u00a7"},"content":{"rendered":"<p>Mez\u0151m\u00e9nes, 1899., \u2020\u00a0? : keresked\u0151. \u2013 Iskol\u00e1i elv\u00e9gz\u00e9se ut\u00e1n Mv.-en tanulta a szakm\u00e1t \u00e9s seg\u00e9d\u00e9veit a legjobb \u00fczletekben t\u00f6lt\u00f6tte, \u00f6n\u00e1ll\u00f3 keresked\u00e9st nyitott Mv.-en, r\u00f6vid\u00e1r\u00fa \u00e9s k\u00f6t\u00f6tt\u00e1r\u00fah\u00e1z tulajdonosa (1933\u2013). R\u00e9szt vett az els\u0151 vh.-ban (1917. okt. \u2013 18. nov.) a 62. gy. e.-ben, tizedesi rangban. Mv.-r\u0151l deport\u00e1lt\u00e1k (1944. m\u00e1j. 29.). <br \/><strong>Irod.:<\/strong> M. hadviselt zsid\u00f3k; Sz\u00e9kelyf\u00f6ld \u00ed. k<\/br><\/p>\n","protected":false},"excerpt":{"rendered":"<p>Mez\u0151m\u00e9nes, 1899., \u2020\u00a0? : keresked\u0151. \u2013 Iskol\u00e1i elv\u00e9gz\u00e9se ut\u00e1n Mv.-en tanulta a szakm\u00e1t \u00e9s seg\u00e9d\u00e9veit a legjobb \u00fczletekben t\u00f6lt\u00f6tte, \u00f6n\u00e1ll\u00f3 keresked\u00e9st nyitott Mv.-en, r\u00f6vid\u00e1r\u00fa \u00e9s k\u00f6t\u00f6tt\u00e1r\u00fah\u00e1z tulajdonosa (1933\u2013). R\u00e9szt vett az els\u0151 vh.-ban (1917. okt. \u2013 18. nov.) a 62. gy. e.-ben, tizedesi rangban. Mv.-r\u0151l deport\u00e1lt\u00e1k (1944. m\u00e1j. 29.). Irod.: M. hadviselt zsid\u00f3k; Sz\u00e9kelyf\u00f6ld \u00ed. [&hellip;]<\/p>\n","protected":false},"featured_media":0,"comment_status":"open","ping_status":"closed","template":"","meta":[],"product_brand":[],"product_cat":[137],"product_tag":[],"class_list":{"0":"post-8296","1":"product","2":"type-product","3":"status-publish","5":"product_cat-maros-megyei-eletrajzi-lexikon","7":"first","8":"instock","9":"shipping-taxable","10":"product-type-simple"},"_links":{"self":[{"href":"https:\/\/uj.adatbank.ro\/lexikon\/wp-json\/wp\/v2\/product\/8296","targetHints":{"allow":["GET"]}}],"collection":[{"href":"https:\/\/uj.adatbank.ro\/lexikon\/wp-json\/wp\/v2\/product"}],"about":[{"href":"https:\/\/uj.adatbank.ro\/lexikon\/wp-json\/wp\/v2\/types\/product"}],"replies":[{"embeddable":true,"href":"https:\/\/uj.adatbank.ro\/lexikon\/wp-json\/wp\/v2\/comments?post=8296"}],"wp:attachment":[{"href":"https:\/\/uj.adatbank.ro\/lexikon\/wp-json\/wp\/v2\/media?parent=8296"}],"wp:term":[{"taxonomy":"product_brand","embeddable":true,"href":"https:\/\/uj.adatbank.ro\/lexikon\/wp-json\/wp\/v2\/product_brand?post=8296"},{"taxonomy":"product_cat","embeddable":true,"href":"https:\/\/uj.adatbank.ro\/lexikon\/wp-json\/wp\/v2\/product_cat?post=8296"},{"taxonomy":"product_tag","embeddable":true,"href":"https:\/\/uj.adatbank.ro\/lexikon\/wp-json\/wp\/v2\/product_tag?post=8296"}],"curies":[{"name":"wp","href":"https:\/\/api.w.org\/{rel}","templated":true}]}}