{"id":8297,"date":"2025-06-29T10:21:15","date_gmt":"2025-06-29T08:21:15","guid":{"rendered":"https:\/\/uj.adatbank.ro\/lexikon\/termek\/friedmann-izsak-%c2%a7\/"},"modified":"2025-06-29T10:21:15","modified_gmt":"2025-06-29T08:21:15","slug":"friedmann-izsak-%c2%a7","status":"publish","type":"product","link":"https:\/\/uj.adatbank.ro\/lexikon\/termek\/friedmann-izsak-%c2%a7\/","title":{"rendered":"FRIEDMANN Izs\u00e1k, \u00a7"},"content":{"rendered":"<p>Mez\u0151m\u00e9nes, 1903., \u2020\u00a0?: orvos. \u2013 Az egyetemet Kv.-on, majd P\u00e1rizsban a Sorbone-on v\u00e9gezete (1925), dr. med. Versenyp\u00e1ly\u00e1zat \u00fatj\u00e1n St. Denis-ben klinikai asszisztens majd P\u00e1rizsban m\u0171k\u00f6d\u00f6tt. Mv.-en speci\u00e1lis bel- \u00e9s n\u0151gy\u00f3gy\u00e1szati rendel\u0151t nyitott (1929\u2013). Szeg\u00e9nysors\u00fa m. tan\u00edt\u00f3kat, elbocs\u00e1tott tisztvisel\u0151ket, munk\u00e1sokat, papokat, gyermekeket ingyen kezelt. A Kisebbs\u00e9gi M. Orvosegyes\u00fclet alap\u00edt\u00f3 tagja. Francia foly\u00f3iratokban orvosi cikkei jelentek meg, t\u00f6bb munk\u00e1j\u00e1t a p\u00e1rizsi egyetemen a legnagyobb elismer\u00e9ssel t\u00fcntett\u00e9k ki. Az EME orvosi szakoszt\u00e1ly\u00e1nak \u00e9s t\u00f6bb tudom\u00e1nyos \u00e9s t\u00e1rsadalmi egyes\u00fclet tagja volt. A mv.-i orvoskongresszuson (1930) \u00e9rtekez\u00e9st tartotott A magas v\u00e9rnyom\u00e1s \u00fajabb ter\u00e1pi\u00e1j\u00e1r\u00f3l. \u2013 <strong>F. m.:<\/strong> <strong>t\u00e1rssz.:<\/strong> Az EME Mv.-en 1930. aug. 28\u201330. napj\u00e1n tartott kilencedik v\u00e1ndorgy\u0171l\u00e9s\u00e9nek eml\u00e9kk\u00f6nyve (Kv., 1931). <br \/><strong>Irod.:<\/strong> Ki kicsoda\u00a0?; Visnai<\/br><\/p>\n","protected":false},"excerpt":{"rendered":"<p>Mez\u0151m\u00e9nes, 1903., \u2020\u00a0?: orvos. \u2013 Az egyetemet Kv.-on, majd P\u00e1rizsban a Sorbone-on v\u00e9gezete (1925), dr. med. Versenyp\u00e1ly\u00e1zat \u00fatj\u00e1n St. Denis-ben klinikai asszisztens majd P\u00e1rizsban m\u0171k\u00f6d\u00f6tt. Mv.-en speci\u00e1lis bel- \u00e9s n\u0151gy\u00f3gy\u00e1szati rendel\u0151t nyitott (1929\u2013). Szeg\u00e9nysors\u00fa m. tan\u00edt\u00f3kat, elbocs\u00e1tott tisztvisel\u0151ket, munk\u00e1sokat, papokat, gyermekeket ingyen kezelt. A Kisebbs\u00e9gi M. Orvosegyes\u00fclet alap\u00edt\u00f3 tagja. Francia foly\u00f3iratokban orvosi cikkei jelentek meg, [&hellip;]<\/p>\n","protected":false},"featured_media":0,"comment_status":"open","ping_status":"closed","template":"","meta":[],"product_brand":[],"product_cat":[137],"product_tag":[],"class_list":{"0":"post-8297","1":"product","2":"type-product","3":"status-publish","5":"product_cat-maros-megyei-eletrajzi-lexikon","7":"first","8":"instock","9":"shipping-taxable","10":"product-type-simple"},"_links":{"self":[{"href":"https:\/\/uj.adatbank.ro\/lexikon\/wp-json\/wp\/v2\/product\/8297","targetHints":{"allow":["GET"]}}],"collection":[{"href":"https:\/\/uj.adatbank.ro\/lexikon\/wp-json\/wp\/v2\/product"}],"about":[{"href":"https:\/\/uj.adatbank.ro\/lexikon\/wp-json\/wp\/v2\/types\/product"}],"replies":[{"embeddable":true,"href":"https:\/\/uj.adatbank.ro\/lexikon\/wp-json\/wp\/v2\/comments?post=8297"}],"wp:attachment":[{"href":"https:\/\/uj.adatbank.ro\/lexikon\/wp-json\/wp\/v2\/media?parent=8297"}],"wp:term":[{"taxonomy":"product_brand","embeddable":true,"href":"https:\/\/uj.adatbank.ro\/lexikon\/wp-json\/wp\/v2\/product_brand?post=8297"},{"taxonomy":"product_cat","embeddable":true,"href":"https:\/\/uj.adatbank.ro\/lexikon\/wp-json\/wp\/v2\/product_cat?post=8297"},{"taxonomy":"product_tag","embeddable":true,"href":"https:\/\/uj.adatbank.ro\/lexikon\/wp-json\/wp\/v2\/product_tag?post=8297"}],"curies":[{"name":"wp","href":"https:\/\/api.w.org\/{rel}","templated":true}]}}