{"id":8300,"date":"2025-06-29T10:21:20","date_gmt":"2025-06-29T08:21:20","guid":{"rendered":"https:\/\/uj.adatbank.ro\/lexikon\/termek\/friedmann-sandor\/"},"modified":"2025-06-29T10:21:20","modified_gmt":"2025-06-29T08:21:20","slug":"friedmann-sandor","status":"publish","type":"product","link":"https:\/\/uj.adatbank.ro\/lexikon\/termek\/friedmann-sandor\/","title":{"rendered":"FRIEDMANN S\u00e1ndor"},"content":{"rendered":"<p>? \u2020\u00a0?\u00a0: orvos. \u2013 A mv.-i Eg\u00e9szs\u00e9g\u00fcgyi Nevel\u00e9sih\u00e1z igazgat\u00f3ja (1953 k.). <br \/><strong>Irod.:<\/strong> (V. Z. 1953. dec. 20.)<\/br><\/p>\n","protected":false},"excerpt":{"rendered":"<p>? \u2020\u00a0?\u00a0: orvos. \u2013 A mv.-i Eg\u00e9szs\u00e9g\u00fcgyi Nevel\u00e9sih\u00e1z igazgat\u00f3ja (1953 k.). Irod.: (V. Z. 1953. dec. 20.)<\/p>\n","protected":false},"featured_media":0,"comment_status":"open","ping_status":"closed","template":"","meta":[],"product_brand":[],"product_cat":[137],"product_tag":[],"class_list":{"0":"post-8300","1":"product","2":"type-product","3":"status-publish","5":"product_cat-maros-megyei-eletrajzi-lexikon","7":"first","8":"instock","9":"shipping-taxable","10":"product-type-simple"},"_links":{"self":[{"href":"https:\/\/uj.adatbank.ro\/lexikon\/wp-json\/wp\/v2\/product\/8300","targetHints":{"allow":["GET"]}}],"collection":[{"href":"https:\/\/uj.adatbank.ro\/lexikon\/wp-json\/wp\/v2\/product"}],"about":[{"href":"https:\/\/uj.adatbank.ro\/lexikon\/wp-json\/wp\/v2\/types\/product"}],"replies":[{"embeddable":true,"href":"https:\/\/uj.adatbank.ro\/lexikon\/wp-json\/wp\/v2\/comments?post=8300"}],"wp:attachment":[{"href":"https:\/\/uj.adatbank.ro\/lexikon\/wp-json\/wp\/v2\/media?parent=8300"}],"wp:term":[{"taxonomy":"product_brand","embeddable":true,"href":"https:\/\/uj.adatbank.ro\/lexikon\/wp-json\/wp\/v2\/product_brand?post=8300"},{"taxonomy":"product_cat","embeddable":true,"href":"https:\/\/uj.adatbank.ro\/lexikon\/wp-json\/wp\/v2\/product_cat?post=8300"},{"taxonomy":"product_tag","embeddable":true,"href":"https:\/\/uj.adatbank.ro\/lexikon\/wp-json\/wp\/v2\/product_tag?post=8300"}],"curies":[{"name":"wp","href":"https:\/\/api.w.org\/{rel}","templated":true}]}}